{"id":2091,"date":"2023-08-13T20:03:07","date_gmt":"2023-08-13T20:03:07","guid":{"rendered":"https:\/\/drtubacelebikayhan.com\/?page_id=2091"},"modified":"2023-08-13T20:03:07","modified_gmt":"2023-08-13T20:03:07","slug":"ziyaretci-aydinlatma-metni","status":"publish","type":"page","link":"https:\/\/drtubacelebikayhan.com\/en\/kvkk\/ziyaretci-aydinlatma-metni\/","title":{"rendered":"Visitor Information Text"},"content":{"rendered":"<section class=\"wpb-content-wrapper\"><div data-vc-full-width=\"true\" data-vc-full-width-init=\"false\" class=\"vc_row wpb_row vc_row-fluid vc_custom_1579533638810 vc_row-o-equal-height vc_row-flex\"><div class=\"wpb_column vc_column_container vc_col-sm-12\"><div class=\"vc_column-inner vc_custom_1579533632598\"><div class=\"wpb_wrapper\"><div id=\"ultimate-heading-810669f34636eb3fa\" class=\"uvc-heading ult-adjust-bottom-margin ultimate-heading-810669f34636eb3fa uvc-9154 accent-title-color\" data-hspacer=\"no_spacer\"  data-halign=\"left\" style=\"text-align:left\"><div class=\"uvc-heading-spacer no_spacer\" style=\"top\"><\/div><div class=\"uvc-main-heading ult-responsive\"  data-ultimate-target='.uvc-heading.ultimate-heading-810669f34636eb3fa h3'  data-responsive-json-new='{\"font-size\":\"desktop:24px;\",\"line-height\":\"desktop:34px;\"}' ><h3 style=\"--font-weight:theme;margin-bottom:20px;\">Visitor Information Text<\/h3><\/div><\/div>\n\t<div class=\"wpb_text_column wpb_content_element\" >\n\t\t<div class=\"wpb_wrapper\">\n\t\t\t<p><b>SPECIALIST DOCTOR TUBA CELEBI KAYHAN DERMATOLOGY CLINIC<\/b><\/p>\n<p><b>WITHIN THE SCOPE OF THE PERSONAL DATA PROTECTION LAW<\/b><\/p>\n<p><b>VISITOR INFORMATION TEXT<\/b><\/p>\n<p>&nbsp;<\/p>\n<ul>\n<li aria-level=\"1\"><b>Introduction<\/b><\/li>\n<\/ul>\n<ul>\n<li aria-level=\"1\"><b>Purpose and Scope of the Information Text<\/b><\/li>\n<\/ul>\n<p>&nbsp;<\/p>\n<p>As Specialist Dr. Tuba \u00c7elebi Kayhan Dermatology Clinic, we would like to inform you in the most transparent manner regarding the identity of the data controller, the method and legal reason for collecting your personal data, the purpose for which these data will be processed, to whom and for what purpose they can be transferred, the data processing period and your rights listed in Article 11 of the KVKK, in accordance with the article titled \u201cData Controller\u2019s Obligation to Inform\u201d included in Article 10 of the Law on the Protection of Personal Data No. 6698 (\u201cKVKK\u201d). The explanations made for \u201cYour Personal Data\u201d in the disclosure text also cover your Special Personal Data.<\/p>\n<p>&nbsp;<\/p>\n<p>As Specialist Dr. Tuba \u00c7elebi Kayhan Dermatology Clinic (hereinafter referred to as the \"Clinic\" within the scope of this information text), we take measures to protect your personal data within the scope of the Personal Data Protection Law No. 6698 (\"KVKK\" or \"Law\"). We process your Personal Data within the scope of the KVKK and relevant legal legislation and in our capacity as the \"data controller\" for the reasons and methods explained below.<\/p>\n<p>&nbsp;<\/p>\n<ul>\n<li aria-level=\"1\"><b>Data Controller<\/b><\/li>\n<\/ul>\n<p>&nbsp;<\/p>\n<p>In accordance with Article 10 of the Personal Data Protection Law No. 6698, the data controller is Specialist Dr. Tuba \u00c7elebi Kayhan on behalf of Specialist Dr. Tuba \u00c7elebi Kayhan Dermatology Clinic.<\/p>\n<p>(Hereinafter referred to as the \u201cClinical Responsible Physician\u201d within the scope of this Information Text.)<\/p>\n<p>&nbsp;<\/p>\n<p><b>METHOD OF COLLECTING PERSONAL DATA AND LEGAL REASON<\/b><\/p>\n<p>&nbsp;<\/p>\n<p>Your personal data may be collected by real or legal persons authorized by our clinic to process data, in writing, verbally or electronically, through our website, e-mail, forms and similar means, and electronically through camera footage taken within our clinic, using automatic or non-automatic methods. Your personal data may be stored both digitally and physically until the legal retention period expires.<\/p>\n<p>&nbsp;<\/p>\n<p>Your personal data can be processed and transferred in line with the purposes set out below and within the scope of the personal data processing conditions specified in Article 5 of Law No. 6698 and the explicit consent obtained from you for certain personal data.<\/p>\n<p>&nbsp;<\/p>\n<ul>\n<li aria-level=\"1\"><b>YOUR PERSONAL DATA PROCESSED AND THE PURPOSES OF PROCESSING<\/b><\/li>\n<\/ul>\n<p>&nbsp;<\/p>\n<p>Your Personal Data is processed securely and in accordance with the Personal Data Protection Law in order to provide better service in clinical services, work and transactions, in accordance with legal obligations.<\/p>\n<p>&nbsp;<\/p>\n<p>Your Personal Data;<\/p>\n<ul>\n<li aria-level=\"1\">Processed in accordance with the law and the rules of integrity and for specific, clear and legitimate purposes,<\/li>\n<li aria-level=\"1\">It is kept accurate and updated as necessary,<\/li>\n<li aria-level=\"1\">They are used in a limited and proportionate manner in connection with the purpose for which they are processed.<\/li>\n<li aria-level=\"1\">It is kept for the retention period determined in accordance with the law.<\/li>\n<\/ul>\n<p>&nbsp;<\/p>\n<ol>\n<li aria-level=\"1\"><b>In this context, the following data is collected as personal data;<\/b><\/li>\n<\/ol>\n<ul>\n<li aria-level=\"1\"><b>Identity:<\/b>\u00a0Identity information that identifies the person, such as name and surname.<\/li>\n<\/ul>\n<ul>\n<li>\n<ul>\n<li aria-level=\"1\"><b>Physical Space Security:<\/b>\u00a0Your images obtained from camera recordings that are constantly recorded in common areas in accordance with the legislation at Specialist Dr. Tuba \u00c7elebi Kayhan Dermatology Clinic, your clinic entrance and exit information.<\/li>\n<\/ul>\n<\/li>\n<\/ul>\n<ul>\n<li aria-level=\"1\"><b>Transaction Security:\u00a0<\/b>Transaction security data processed during the visit to our website<\/li>\n<\/ul>\n<ul>\n<li aria-level=\"1\"><b>Purpose of Processing your collected personal data;<\/b><\/li>\n<\/ul>\n<ul>\n<li aria-level=\"1\">Ensuring the life and property safety and legal, commercial and occupational health safety of real and\/or legal entities, third parties, institutions and organizations located in the centers and units affiliated with the clinic or where the clinic's work is carried out,<\/li>\n<li aria-level=\"1\">Storing camera footage; Ensuring discipline, security and inspections in case you are physically present in the clinic's offices or units where the clinic's operations are carried out,<\/li>\n<li aria-level=\"1\">Fulfilling requests for information and documents requested by judicial bodies and\/or administrative authorities,<\/li>\n<li aria-level=\"1\">Planning and execution of corporate governance activities,<\/li>\n<li aria-level=\"1\">Planning and\/or executing business continuity activities,<\/li>\n<li aria-level=\"1\">Carrying out inspection and\/or regulation duties to be carried out by authorized public institutions and organizations and professional organizations with public institution status,<\/li>\n<li aria-level=\"1\">Protection of public order and health<\/li>\n<\/ul>\n<p>&nbsp;<\/p>\n<p>It will be processed in accordance with the personal data processing conditions and purposes specified in Articles 5 and 6 of Law No. 6698.<\/p>\n<p>&nbsp;<\/p>\n<ul>\n<li aria-level=\"1\"><b>TO WHOM AND FOR WHAT PURPOSES YOUR PROCESSED PERSONAL DATA MAY BE TRANSFERRED<\/b><\/li>\n<\/ul>\n<p>&nbsp;<\/p>\n<p>Your Personal Data may be transferred to the following persons\/institutions\/organizations without your explicit consent in case of the purposes specified in Article 5.2 and Article 6.3 of the KVKK, and based on your explicit consent within the scope of Article 5.1 and Article 6.2 of the KVKK, within the scope of the purposes listed above, and in accordance with the conditions specified in Articles 8 and 9 of the Law, by ensuring that all necessary technical and administrative measures are taken to ensure the level of security;<\/p>\n<p>&nbsp;<\/p>\n<ul>\n<li aria-level=\"1\">To persons\/institutions and\/or organizations permitted by the relevant legislation,<\/li>\n<li aria-level=\"1\">To public institutions authorized for auditing, judicial and administrative courts, law enforcement forces when necessary,<\/li>\n<li aria-level=\"1\">To lawyers or law partnerships for the purpose of establishing or exercising a right, fulfilling unfulfilled obligations or following up on legal matters.<\/li>\n<li aria-level=\"1\">To program partner organizations, security companies, business and solution partners from whom we receive services or cooperate in order to carry out our activities and protect our security.<\/li>\n<\/ul>\n<p>&nbsp;<\/p>\n<p><b>5<\/b>\u2013\u00a0<b>DATA PROCESSING AND STORAGE PERIOD<\/b><\/p>\n<p>&nbsp;<\/p>\n<p>Your personal data will be processed in accordance with the data processing and limitation periods in all relevant laws and other legal regulations to which Specialist Dr. Tuba \u00c7elebi Kayhan Dermatology Clinic is subject, limited to the purposes specified in this Disclosure Statement. In case of changes in the laws regarding data processing periods, the new periods determined will be taken as basis.<\/p>\n<p>&nbsp;<\/p>\n<p>As a requirement of the principle of limitation of purpose, your personal data is processed for a period limited to the fulfillment of the purposes explained in this Information Text and in any case, in accordance with the practices of private health clinics and the customs in the service relationship, and after the expiration of these periods, they are deleted, destroyed or made anonymous.<\/p>\n<p>&nbsp;<\/p>\n<ul>\n<li aria-level=\"1\"><b>RIGHTS OF THE RELATED PERSON AND EXERCISE OF THESE RIGHTS<\/b><\/li>\n<\/ul>\n<ul>\n<li aria-level=\"1\"><b>Rights of the persons whose personal data is processed<\/b><\/li>\n<\/ul>\n<p>&nbsp;<\/p>\n<p>The persons whose personal data is processed have the following rights:<\/p>\n<ol>\n<li>Learning whether personal data is being processed,<\/li>\n<li>To request information regarding the processing of personal data,<\/li>\n<li>To learn the purpose of processing personal data and whether they are used in accordance with their purpose,<\/li>\n<li>To know the third parties to whom personal data is transferred, either domestically or abroad,<\/li>\n<li>To request correction of personal data if it is processed incompletely or incorrectly and to request notification of the action taken to third parties to whom personal data is transferred,<\/li>\n<li>Requesting the deletion or destruction of personal data in case the reasons requiring processing are eliminated, even though it has been processed in accordance with the provisions of the Personal Data Protection Law and other relevant laws, and requesting that the action taken within this scope be notified to third parties to whom personal data has been transferred,<\/li>\n<li>To object to a result that is against the person if the processed data is analyzed exclusively through automated systems,<\/li>\n<\/ol>\n<p>g. To request compensation in case of damages due to unlawful processing of personal data.<\/p>\n<p>&nbsp;<\/p>\n<ul>\n<li aria-level=\"1\"><b>Exercise of Rights by the Person Concerned<\/b><\/li>\n<\/ul>\n<p>&nbsp;<\/p>\n<p>The persons whose personal data is processed may submit their requests regarding their rights specified in the information text to Specialist Dr. Tuba \u00c7elebi Kayhan Dermatology Clinic by filling out and signing the Application Form with the information and documents that will identify them and using the methods specified below or other methods determined by the Personal Data Protection Board.<\/p>\n<p>&nbsp;<\/p>\n<p>Contact person;<\/p>\n<ul>\n<li aria-level=\"1\"><a href=\"https:\/\/drtubacelebikayhan.com\/en\/\">https:\/\/drtubacelebikayhan.com<\/a>\u00a0 After filling out the form at the address, a signed copy should be delivered personally or via a notary to [K\u0131n\u0131kl\u0131 Mah. 6019 Street No:16 Interior Door No:3 Pamukkale\/Denizli]<\/li>\n<li aria-level=\"1\"><a href=\"https:\/\/drtubacelebikayhan.com\/en\/\">https:\/\/drtubacelebikayhan.com<\/a>\u00a0\u00a0After filling out the form at the address and signing it with your secure electronic signature or mobile signature within the scope of the Electronic Signature Law No. 5070, the secure electronically signed form should be sent to your registered electronic mail or your electronic mail address that has been previously notified to our clinic and is registered in our clinic's system,<\/li>\n<\/ul>\n<p>&nbsp;<\/p>\n<p>can use methods.<\/p>\n<p>In the application you will make to exercise your rights as the personal data owner and specified above and which includes your explanations regarding the right you request to exercise; the matter you request must be clear and understandable, the matter you request must be related to you or if you are acting on behalf of someone else, you will need to present your special power of attorney approved by a notary public in this regard.<\/p>\n<p>&nbsp;<\/p>\n<p>In your applications, it is mandatory to include the following elements: name-surname, signature, Turkish Republic Identity Number, residence or workplace address, e-mail address, telephone and fax number, and the requested information, as per the \u201cCommuniqu\u00e9 on the Procedures and Principles of Application to the Data Controller\u201d. Applications that do not contain the aforementioned elements will be rejected by Specialist Dr. Tuba \u00c7elebi Kayhan Dermatology Clinic.<\/p>\n<p>&nbsp;<\/p>\n<p>Our clinic reserves the right to make changes to this information text at any time due to reasons arising from the Law, secondary regulations and Board decisions. Any changes to be made to the information text and the updated text will become effective immediately as of the date they are notified to you.<\/p>\n\n\t\t<\/div>\n\t<\/div>\n<\/div><\/div><\/div><\/div><div class=\"vc_row-full-width vc_clearfix\"><\/div>\n<\/section>","protected":false},"excerpt":{"rendered":"<p>Ziyaret\u00e7i Ayd\u0131nlatma Metni UZMAN DOKTOR TUBA \u00c7ELEB\u0130 KAYHAN DERMATOLOJ\u0130 KL\u0130N\u0130\u011e\u0130 K\u0130\u015e\u0130SEL VER\u0130LER\u0130N KORUNMASI KANUNU KAPSAMINDA Z\u0130YARET\u00c7\u0130 AYDINLATMA METN\u0130 &nbsp; G\u0130R\u0130\u015e Ayd\u0131nlatma Metni Amac\u0131 ve Kapsam\u0131 &nbsp; Uzm. Dr. Tuba \u00c7elebi Kayhan Dermatoloji Klini\u011fi olarak 6698 say\u0131l\u0131 Ki\u015fisel Verilerin Korunmas\u0131 Kanunu (\u2018\u2019KVKK\u2019\u2019) 10. Maddesinde yer alan \u201cVeri Sorumlusu\u2019nun Ayd\u0131nlatma Y\u00fck\u00fcml\u00fcl\u00fc\u011f\u00fc\u201d ba\u015fl\u0131kl\u0131 maddesi uyar\u0131nca: veri sorumlusunun kimli\u011fi,&hellip;<\/p>","protected":false},"author":1,"featured_media":0,"parent":2078,"menu_order":100,"comment_status":"closed","ping_status":"closed","template":"","meta":{"_joinchat":[],"footnotes":""},"class_list":["post-2091","page","type-page","status-publish","hentry","description-off"],"_links":{"self":[{"href":"https:\/\/drtubacelebikayhan.com\/en\/wp-json\/wp\/v2\/pages\/2091","targetHints":{"allow":["GET"]}}],"collection":[{"href":"https:\/\/drtubacelebikayhan.com\/en\/wp-json\/wp\/v2\/pages"}],"about":[{"href":"https:\/\/drtubacelebikayhan.com\/en\/wp-json\/wp\/v2\/types\/page"}],"author":[{"embeddable":true,"href":"https:\/\/drtubacelebikayhan.com\/en\/wp-json\/wp\/v2\/users\/1"}],"replies":[{"embeddable":true,"href":"https:\/\/drtubacelebikayhan.com\/en\/wp-json\/wp\/v2\/comments?post=2091"}],"version-history":[{"count":1,"href":"https:\/\/drtubacelebikayhan.com\/en\/wp-json\/wp\/v2\/pages\/2091\/revisions"}],"predecessor-version":[{"id":2092,"href":"https:\/\/drtubacelebikayhan.com\/en\/wp-json\/wp\/v2\/pages\/2091\/revisions\/2092"}],"up":[{"embeddable":true,"href":"https:\/\/drtubacelebikayhan.com\/en\/wp-json\/wp\/v2\/pages\/2078"}],"wp:attachment":[{"href":"https:\/\/drtubacelebikayhan.com\/en\/wp-json\/wp\/v2\/media?parent=2091"}],"curies":[{"name":"wp","href":"https:\/\/api.w.org\/{rel}","templated":true}]}}