{"id":2093,"date":"2023-08-13T20:03:55","date_gmt":"2023-08-13T20:03:55","guid":{"rendered":"https:\/\/drtubacelebikayhan.com\/?page_id=2093"},"modified":"2023-08-13T20:03:55","modified_gmt":"2023-08-13T20:03:55","slug":"basvuru-formu","status":"publish","type":"page","link":"https:\/\/drtubacelebikayhan.com\/en\/kvkk\/basvuru-formu\/","title":{"rendered":"Application form"},"content":{"rendered":"<section class=\"wpb-content-wrapper\"><div data-vc-full-width=\"true\" data-vc-full-width-init=\"false\" class=\"vc_row wpb_row vc_row-fluid vc_custom_1579533638810 vc_row-o-equal-height vc_row-flex\"><div class=\"wpb_column vc_column_container vc_col-sm-12\"><div class=\"vc_column-inner vc_custom_1579533632598\"><div class=\"wpb_wrapper\"><div id=\"ultimate-heading-247069f4ea991cbb2\" class=\"uvc-heading ult-adjust-bottom-margin ultimate-heading-247069f4ea991cbb2 uvc-3473 accent-title-color\" data-hspacer=\"no_spacer\"  data-halign=\"left\" style=\"text-align:left\"><div class=\"uvc-heading-spacer no_spacer\" style=\"top\"><\/div><div class=\"uvc-main-heading ult-responsive\"  data-ultimate-target='.uvc-heading.ultimate-heading-247069f4ea991cbb2 h3'  data-responsive-json-new='{\"font-size\":\"desktop:24px;\",\"line-height\":\"desktop:34px;\"}' ><h3 style=\"--font-weight:theme;margin-bottom:20px;\">Application form<\/h3><\/div><\/div>\n\t<div class=\"wpb_text_column wpb_content_element\" >\n\t\t<div class=\"wpb_wrapper\">\n\t\t\t<p><b>SPECIALIST DOCTOR TUBA CELEBI KAYHAN\u00a0<\/b><b>APPLICATION FORM ACCORDING TO THE PERSONAL DATA PROTECTION LAW<\/b><\/p>\n<ul>\n<li aria-level=\"1\"><b>GENERAL EXPLANATIONS<\/b><\/li>\n<\/ul>\n<p>Personal data owners defined as the relevant person in the Law No. 6698 on the Protection of Personal Data (\u201cLaw\u201d) (\u201cData Owner\u201d) are granted certain rights regarding the processing of their personal data in Article 11 of the Law. In accordance with the first paragraph of Article 13 of the Law; Applications to be made regarding these rights to Spec. Dr. Tuba \u00c7elebi Kayhan, who is the data controller on behalf of Spec. Dr. Tuba \u00c7elebi Kayhan Dermatology Clinic, must be submitted to us in writing or through other methods determined by the Personal Data Protection Board (\u201cBoard\u201d). Within this framework, applications to be made \u201cin writing\u201d to Spec. Dr. Tuba \u00c7elebi Kayhan, who is the data controller on behalf of Spec. Dr. Tuba \u00c7elebi Kayhan Dermatology Clinic, must be submitted in accordance with the procedures using this form.<\/p>\n<p>&nbsp;<\/p>\n<table>\n<tbody>\n<tr>\n<td><b>Application Procedure*\u00a0<\/b><\/td>\n<td><b>Address to Apply\u00a0<\/b><\/td>\n<td><b>Information to be Specified in Application Submission\u00a0<\/b><\/td>\n<td><b>Ba\u015fvuruya Eklenecek<\/b><\/p>\n<p><b>Di\u011fer Bilgiler\u00a0<\/b><\/td>\n<\/tr>\n<tr>\n<td>Application in Person<\/p>\n<p>(Personal Data Owner must apply in person with a document proving his\/her identity)<\/td>\n<td>K\u0131n\u0131kl\u0131 Mah. 6019 Sok. No:16 \u0130\u00e7 Kap\u0131 No:3 Pamukkale\/Denizli<\/td>\n<td><\/td>\n<td>Identification (passport, driver's license, etc.)<\/td>\n<\/tr>\n<tr>\n<td>Return Registered<\/p>\n<p>Notification via letter or notary<\/td>\n<td>K\u0131n\u0131kl\u0131 Mah. 6019 Sok. No:16 \u0130\u00e7 Kap\u0131 No:3 Pamukkale\/Denizli<\/td>\n<td>On the envelope\u00a0<b>\"Personal\u00a0<\/b><\/p>\n<p><b>Data Protection Law Information Request\u201d<\/b><\/p>\n<p>will be written.<\/td>\n<td>Photocopy of ID (passport, driver's license, etc.)<\/td>\n<\/tr>\n<tr>\n<td>By signing with Secure Electronic Signature<\/p>\n<p>Application via Electronic Mail (KEP)<\/td>\n<td>&nbsp;<\/p>\n<p>drtubacelebikayhan@gmail.com<\/td>\n<td>In the subject line of the email\u00a0<b>\u201cPersonal Data Protection Law Information Request\u201d<\/b><\/p>\n<p>will be written.<\/td>\n<td><\/td>\n<\/tr>\n<\/tbody>\n<\/table>\n<p>* The application method has been determined as the \u201cwritten\u201d application channel in accordance with the first paragraph of Article 13 of the Law. If the Board determines other methods, it will be announced to you by the data controller on behalf of Spec. Dr. Tuba \u00c7elebi Kayhan Dermatology Clinic. Your applications sent to us will be answered \u201cas soon as possible and within thirty days at the latest\u201d from the date your request reaches us, according to the nature of the request, in accordance with the second paragraph of Article 13 of the Law. The answers will be sent to you in accordance with the method determined by the Board. In order for your request to be met completely, the information and documents requested in the form must be provided to us completely and accurately.<\/p>\n<ul>\n<li aria-level=\"1\"><b>NECESSARY INFORMATION AND DOCUMENTS\u00a0<\/b><\/li>\n<\/ul>\n<p><b>Please fill out the following information completely:\u00a0\u00a0<\/b><\/p>\n<p>Name Surname:<\/p>\n<p>TR ID Number:<\/p>\n<p>Your Relationship with Specialist Dr. Tuba \u00c7elebi Kayhan Dermatology Clinic:<\/p>\n<p>\u2610\u00a0Patient<\/p>\n<p>\u2610\u00a0Patient relative<\/p>\n<p>\u2610\u00a0Employee<\/p>\n<p>\u2610\u00a0Business partner<\/p>\n<p>\u2610\u00a0Former Employee<\/p>\n<p>\u2610 Other:<\/p>\n<p>&nbsp;<\/p>\n<p>Address:<\/p>\n<p>Phone:<\/p>\n<p>Email Address:<\/p>\n<p>Has Your Relationship with Specialist Dr. Tuba \u00c7elebi Kayhan Dermatology Clinic Ended?<\/p>\n<p><b>\u00a0<\/b><\/p>\n<p><b>III. APPLICANT'S REQUESTS<\/b><\/p>\n<p>According to Article 11 of the Personal Data Protection Law, the rights you can request from Specialist Dr. Tuba \u00c7elebi Kayhan, who is the data controller on behalf of Specialist Dr. Tuba \u00c7elebi Kayhan Dermatology Clinic, are specified. The necessary evaluation will be made according to the rights you request and the answers will be sent to you in accordance with the 3rd paragraph of Article 13 of the Law.<\/p>\n<p>&nbsp;<\/p>\n<table>\n<tbody>\n<tr>\n<td><b>\u00a0<\/b><\/td>\n<td><b>Subject of Request\u00a0<\/b><\/td>\n<td><b>Legal basis\u00a0<\/b><\/td>\n<td><b>Your request\u00a0<\/b><\/td>\n<\/tr>\n<tr>\n<td>&nbsp;<\/p>\n<p>&nbsp;<\/p>\n<p>&nbsp;<\/p>\n<p>&nbsp;<\/p>\n<p>&nbsp;<\/td>\n<td>I would like to learn whether \u201cSpecialist Dr. Tuba \u00c7elebi Kayhan Dermatology Clinic\u201d processes personal data about me.<\/td>\n<td>Personal Data's<\/p>\n<p>Protection<\/p>\n<p>Law Art.<\/p>\n<p>11\/1 (a)<\/td>\n<td>&nbsp;<\/p>\n<p>&nbsp;<\/p>\n<p>&nbsp;<\/p>\n<p>&nbsp;<\/p>\n<p>&nbsp;<\/td>\n<\/tr>\n<tr>\n<td><\/td>\n<td>If Spec. Dr. Tuba \u00c7elebi Kayhan Dermatology Clinic processes my personal data, I request information about these data processing activities.<\/td>\n<td>Personal Data's<\/p>\n<p>Protection<\/p>\n<p>Law<\/p>\n<p>Mad 11\/1 (b)<\/td>\n<td><\/td>\n<\/tr>\n<tr>\n<td><\/td>\n<td>Ki\u015fisel verilerim i\u015flenmi\u015fse bunlar\u0131n i\u015flenme amac\u0131n\u0131 ve i\u015flenme amac\u0131na uygun kullan\u0131l\u0131p kullanmad\u0131\u011f\u0131n\u0131 \u00f6\u011frenmek istiyorum.<\/td>\n<td>Personal Data's<\/p>\n<p>Protection<\/p>\n<p>Law Art.<\/p>\n<p>11\/1 (c)<\/td>\n<td><\/td>\n<\/tr>\n<tr>\n<td><\/td>\n<td>If my personal data is transferred to third parties at home or abroad, I would like to know about these third parties.<\/td>\n<td>KVK.m. 11\/1 (\u00e7)<\/td>\n<td><\/td>\n<\/tr>\n<tr>\n<td><\/td>\n<td>I think that my personal data has been processed incompletely or incorrectly and I want it to be corrected.<\/td>\n<td>Personal Data's<\/p>\n<p>Protection<\/p>\n<p>Law<\/p>\n<p>Mad 11\/1 (d)<\/td>\n<td><\/td>\n<\/tr>\n<tr>\n<td><\/td>\n<td>Although my personal data has been processed in accordance with the law and other relevant legal provisions, I think that the reasons requiring processing have disappeared and within this framework, I request (\u00a0 \u00a0 )*\u00a0regarding my personal data.<\/td>\n<td>Personal Data's<\/p>\n<p>Protection<\/p>\n<p>Law Art.<\/p>\n<p>11\/1 (e)<\/td>\n<td>\u00a0 \u00a0 \u00a0 \u00a0 *<\/p>\n<ol>\n<li aria-level=\"1\">To be deleted<\/li>\n<li aria-level=\"1\">To be made anonymous<\/li>\n<\/ol>\n<\/td>\n<\/tr>\n<tr>\n<td><\/td>\n<td>My personal data that I think has been processed incompletely or incorrectly<\/p>\n<p>Demand No 5<\/p>\n<p>I also want it to be corrected in the eyes of the third parties to whom it was transferred.<\/td>\n<td>Personal Data's<\/p>\n<p>Protection<\/p>\n<p>Law Art.<\/p>\n<p>11\/1 (f)<\/td>\n<td><\/td>\n<\/tr>\n<tr>\n<td><\/td>\n<td>Although my personal data has been processed in accordance with the law and other relevant legal provisions, the reasons requiring processing have disappeared.<\/p>\n<p>I think so (Request No. 6) and in this context, I also request ( )\u00a0*\u00a0from the third parties to whom my personal data has been transferred.<\/td>\n<td>Personal Data's<\/p>\n<p>Protection<\/p>\n<p>Law Art.<\/p>\n<p>11\/1 (f)<\/td>\n<td>\u00a0 \u00a0 \u00a0 \u00a0\u00a0*<\/p>\n<ol>\n<li aria-level=\"1\">To be deleted<\/li>\n<li aria-level=\"1\">To be made anonymous<\/li>\n<\/ol>\n<\/td>\n<\/tr>\n<tr>\n<td><\/td>\n<td>I believe that my personal data processed by Specialist Dr. Tuba \u00c7elebi Kayhan Dermatology Clinic has been analyzed exclusively through automatic systems and that a result of this analysis has been obtained against me. I object to this result.<\/td>\n<td>Personal Data's<\/p>\n<p>Protection<\/p>\n<p>Law<\/p>\n<p>Art. 11\/1 (g)<\/td>\n<td><\/td>\n<\/tr>\n<tr>\n<td><\/td>\n<td>I have suffered damages due to the unlawful processing of my personal data. I request compensation for this damage.***<\/td>\n<td>Personal Data's<\/p>\n<p>Protection<\/p>\n<p>Law Art.<\/p>\n<p>11\/1 (h)<\/td>\n<td><\/td>\n<\/tr>\n<\/tbody>\n<\/table>\n<p>&nbsp;<\/p>\n<p>Make your additional explanations:<\/p>\n<p>\u2026\u2026\u2026\u2026\u2026\u2026\u2026\u2026\u2026\u2026\u2026\u2026\u2026\u2026\u2026\u2026\u2026\u2026\u2026\u2026\u2026\u2026\u2026\u2026\u2026\u2026\u2026\u2026\u2026\u2026\u2026\u2026\u2026\u2026\u2026\u2026\u2026\u2026\u2026\u2026\u2026\u2026\u2026\u2026\u2026\u2026\u2026\u2026\u2026\u2026\u2026\u2026\u2026\u2026\u2026\u2026\u2026\u2026\u2026\u2026\u2026\u2026\u2026\u2026\u2026\u2026\u2026\u2026\u2026\u2026\u2026\u2026\u2026\u2026\u2026\u2026\u2026\u2026\u2026.\u2026\u2026..<\/p>\n<p>\u2026\u2026\u2026\u2026\u2026\u2026\u2026\u2026\u2026\u2026\u2026\u2026\u2026\u2026\u2026\u2026\u2026\u2026\u2026\u2026\u2026\u2026\u2026\u2026\u2026\u2026\u2026\u2026\u2026\u2026\u2026\u2026\u2026\u2026\u2026\u2026\u2026\u2026\u2026\u2026\u2026\u2026\u2026\u2026\u2026\u2026\u2026\u2026\u2026\u2026\u2026\u2026\u2026\u2026\u2026\u2026\u2026\u2026\u2026\u2026\u2026\u2026\u2026\u2026\u2026\u2026\u2026\u2026\u2026\u2026\u2026\u2026\u2026.\u2026\u2026\u2026\u2026\u2026\u2026\u2026\u2026..<\/p>\n<p>&nbsp;<\/p>\n<p>***Please provide information, documents and evidence that demonstrate your damages.<\/p>\n<ul>\n<li aria-level=\"1\"><b>APPLICANT'S DECLARATION\u00a0<\/b><\/li>\n<\/ul>\n<p>In line with the requests I have stated above, I kindly request that my application to Specialist Dr. Tuba \u00c7elebi Kayhan Dermatology Clinic be evaluated and informed.<\/p>\n<p>I declare and undertake that the documents and information I have provided to you in this application are accurate and up-to-date and belong to me. I allow the information and documents I have provided in the application form to be processed by Spec. Dr. Tuba \u00c7elebi Kayhan, acting as the data controller on behalf of Spec. Dr. Tuba \u00c7elebi Kayhan Dermatology Clinic, for the limited purposes of evaluating and responding to my application, delivering my application to me, and determining my identity and address.<\/p>\n<p>&nbsp;<\/p>\n<table>\n<tbody>\n<tr>\n<td><\/td>\n<td>I request that the answer be sent to the address I have stated in the Application Form.<\/td>\n<\/tr>\n<tr>\n<td><\/td>\n<td>I request that the answer be sent to the e-mail address I have specified in the Application Form.<\/td>\n<\/tr>\n<\/tbody>\n<\/table>\n<p>&nbsp;<\/p>\n<p>Applicant Relevant Person (Personal Data Owner)<\/p>\n<p>Application Date: \u2026\u2026..\/\u2026\u2026.\/\u2026\u2026..<\/p>\n<p>Name Surname:<\/p>\n<p>&nbsp;<\/p>\n<p>Signature:<\/p>\n<p>&nbsp;<\/p>\n<p>&nbsp;<\/p>\n<p><b>IMPORTANT NOTE:\u00a0<\/b>Applications must be made personally by the person. Applications cannot be made on behalf of a spouse, relative, child, etc. If Specialist Dr. Tuba \u00c7elebi Kayhan, who is the data controller on behalf of Specialist Dr. Tuba \u00c7elebi Kayhan Dermatology Clinic, suspects the identity of the applicant, she may request verification information regarding this from the person.<\/p>\n\n\t\t<\/div>\n\t<\/div>\n<\/div><\/div><\/div><\/div><div class=\"vc_row-full-width vc_clearfix\"><\/div>\n<\/section>","protected":false},"excerpt":{"rendered":"<p>Ba\u015fvuru Formu UZMAN DOKTOR TUBA \u00c7ELEB\u0130 KAYHAN\u00a0K\u0130\u015e\u0130SEL VER\u0130LER\u0130N KORUNMASI KANUNU GERE\u011e\u0130NCE BA\u015eVURU FORMU GENEL A\u00c7IKLAMALAR 6698 Say\u0131l\u0131 Ki\u015fisel Verilerin Korunmas\u0131 Kanunu\u2019nda (\u201cKanun\u201d) ilgili ki\u015fi olarak tan\u0131mlanan ki\u015fisel veri sahiplerine (\u201cBundan sonra \u201cveri sahibi\u201d olarak an\u0131lacakt\u0131r), Kanun\u2019un 11inci maddesinde ki\u015fisel verilerinin i\u015flenmesine ili\u015fkin belirli haklar tan\u0131nm\u0131\u015ft\u0131r. Kanunun 13\u00fcnc\u00fc maddesinin 1inci f\u0131kras\u0131 uyar\u0131nca; Uzm. Dr. Tuba \u00c7elebi&hellip;<\/p>","protected":false},"author":1,"featured_media":0,"parent":2078,"menu_order":100,"comment_status":"closed","ping_status":"closed","template":"","meta":{"_joinchat":[],"footnotes":""},"class_list":["post-2093","page","type-page","status-publish","hentry","description-off"],"_links":{"self":[{"href":"https:\/\/drtubacelebikayhan.com\/en\/wp-json\/wp\/v2\/pages\/2093","targetHints":{"allow":["GET"]}}],"collection":[{"href":"https:\/\/drtubacelebikayhan.com\/en\/wp-json\/wp\/v2\/pages"}],"about":[{"href":"https:\/\/drtubacelebikayhan.com\/en\/wp-json\/wp\/v2\/types\/page"}],"author":[{"embeddable":true,"href":"https:\/\/drtubacelebikayhan.com\/en\/wp-json\/wp\/v2\/users\/1"}],"replies":[{"embeddable":true,"href":"https:\/\/drtubacelebikayhan.com\/en\/wp-json\/wp\/v2\/comments?post=2093"}],"version-history":[{"count":1,"href":"https:\/\/drtubacelebikayhan.com\/en\/wp-json\/wp\/v2\/pages\/2093\/revisions"}],"predecessor-version":[{"id":2094,"href":"https:\/\/drtubacelebikayhan.com\/en\/wp-json\/wp\/v2\/pages\/2093\/revisions\/2094"}],"up":[{"embeddable":true,"href":"https:\/\/drtubacelebikayhan.com\/en\/wp-json\/wp\/v2\/pages\/2078"}],"wp:attachment":[{"href":"https:\/\/drtubacelebikayhan.com\/en\/wp-json\/wp\/v2\/media?parent=2093"}],"curies":[{"name":"wp","href":"https:\/\/api.w.org\/{rel}","templated":true}]}}