{"id":2117,"date":"2023-08-13T20:15:32","date_gmt":"2023-08-13T20:15:32","guid":{"rendered":"https:\/\/drtubacelebikayhan.com\/?page_id=2117"},"modified":"2023-08-13T20:15:32","modified_gmt":"2023-08-13T20:15:32","slug":"q-switched-lazer","status":"publish","type":"page","link":"https:\/\/drtubacelebikayhan.com\/en\/estetik-kozmetik-uygulamalar\/q-switched-lazer\/","title":{"rendered":"Q-SWITCHED LASER"},"content":{"rendered":"<section class=\"wpb-content-wrapper\"><div class=\"vc_row wpb_row vc_row-fluid\"><div class=\"wpb_column vc_column_container vc_col-sm-12\"><div class=\"vc_column-inner\"><div class=\"wpb_wrapper\">\n\t<div  class=\"wpb_single_image wpb_content_element vc_align_left\">\n\t\t\n\t\t<figure class=\"wpb_wrapper vc_figure\">\n\t\t\t<div class=\"vc_single_image-wrapper   vc_box_border_grey\"><img decoding=\"async\" width=\"1024\" height=\"812\" src=\"https:\/\/drtubacelebikayhan.com\/wp-content\/uploads\/2023\/08\/Q-SWITCHED-LAZER.jpeg\" class=\"vc_single_image-img attachment-large\" alt=\"\" title=\"Q-SWITCHED LASER\" srcset=\"https:\/\/drtubacelebikayhan.com\/wp-content\/uploads\/2023\/08\/Q-SWITCHED-LAZER.jpeg 1024w, https:\/\/drtubacelebikayhan.com\/wp-content\/uploads\/2023\/08\/Q-SWITCHED-LAZER-300x238.jpeg 300w, https:\/\/drtubacelebikayhan.com\/wp-content\/uploads\/2023\/08\/Q-SWITCHED-LAZER-768x609.jpeg 768w\" sizes=\"(max-width: 1024px) 100vw, 1024px\"  data-dt-location=\"https:\/\/drtubacelebikayhan.com\/en\/estetik-kozmetik-uygulamalar\/q-switched-lazer\/dark-spots-freckleshyperpigmentationmelasma-or-chloasma\/\" \/><\/div>\n\t\t<\/figure>\n\t<\/div>\n\n\t<div class=\"wpb_text_column wpb_content_element  vc_custom_1691957669157\" >\n\t\t<div class=\"wpb_wrapper\">\n\t\t\t<p><strong>Denizli dermatologist\u00a0<\/strong>Specialist Dr. Tuba \u00c7elebi Kayhan is a professional in her clinic.\u00a0<strong>q-switched lazer<\/strong>\u00a0Q-Switched lasers are devices with advanced technology that can produce very powerful pulses in a very short time, unlike all other laser devices. Since it hits the desired target very quickly, heat loss to the surrounding tissue is minimal and thus the surrounding tissue is not damaged much. Therefore, it acts selectively in the procedures performed and ensures that the application is made only to the targeted tissue.\u00a0<strong>Helios II<\/strong>\u00a0The first and only FDA approved fractional head with patented\u00a0<strong>q-switched lazer<\/strong>dir.<\/p>\n<p><strong>What are the areas of use of Q-Switch laser?<\/strong><\/p>\n<p>Q-Switched laser is used in many areas of dermatology<\/p>\n<ul>\n<li><strong>Spot treatment<\/strong>\u00a0(age spots, sun spots, birthmarks, ota nevus and ito nevus, mongolian spots, freckles, light brown spots called cafe-au-lait, etc.)<\/li>\n<li><strong>Tattoo Removal<\/strong><\/li>\n<li><strong>Skin rejuvenation<\/strong>\u00a0(increases collagen production to reverse signs of aging)<\/li>\n<li><strong>With carbon peeling<\/strong>\u00a0<strong>reduction of sebum production, treatment of acne and pore enlargement<\/strong><\/li>\n<li><strong>Feather yellowing<\/strong><\/li>\n<li><strong>nail fungus treatment<\/strong><\/li>\n<\/ul>\n<p><strong>Laser Hair Bleaching<\/strong><\/p>\n<p><strong>Denizli laser hair bleaching<\/strong>, is an alternative application for thin and light colored hairs that are not effective with classic hair removal laser. It can be safely applied to all body parts and all skin types. It can be applied in every season. It is a highly preferred application in summer to get rid of the disturbing appearance of thin and light colored hairs that are not suitable for laser hair removal, especially on the arms and face.<\/p>\n<p>After the procedure, the hairs turn white immediately and fall out within one or two weeks at the latest. The regrowth of the hair varies between 1-3 months depending on the person's hair structure. When the hairs grow back, they do not get thicker or darker. However, permanent hair loss may be observed with repeated applications.<\/p>\n<p>The application is painless and ache-free, only a slight stinging sensation may occur. There is no risk of any blemishes or burns on the skin, and due to the skin renewing effect of the Q-switched laser, tone differences are corrected and the skin becomes revitalized and shiny.<\/p>\n\n\t\t<\/div>\n\t<\/div>\n\n\t<div  class=\"wpb_single_image wpb_content_element vc_align_left\">\n\t\t\n\t\t<figure class=\"wpb_wrapper vc_figure\">\n\t\t\t<div class=\"vc_single_image-wrapper   vc_box_border_grey\"><img decoding=\"async\" width=\"1024\" height=\"682\" src=\"https:\/\/drtubacelebikayhan.com\/wp-content\/uploads\/2023\/08\/Q-SWITCHED-LAZER-2.jpeg\" class=\"vc_single_image-img attachment-large\" alt=\"\" title=\"Q-SWITCHED LAZER 2\" srcset=\"https:\/\/drtubacelebikayhan.com\/wp-content\/uploads\/2023\/08\/Q-SWITCHED-LAZER-2.jpeg 1024w, https:\/\/drtubacelebikayhan.com\/wp-content\/uploads\/2023\/08\/Q-SWITCHED-LAZER-2-300x200.jpeg 300w, https:\/\/drtubacelebikayhan.com\/wp-content\/uploads\/2023\/08\/Q-SWITCHED-LAZER-2-768x512.jpeg 768w\" sizes=\"(max-width: 1024px) 100vw, 1024px\"  data-dt-location=\"https:\/\/drtubacelebikayhan.com\/en\/estetik-kozmetik-uygulamalar\/q-switched-lazer\/q-switched-lazer-2\/\" \/><\/div>\n\t\t<\/figure>\n\t<\/div>\n\n\t<div class=\"wpb_text_column wpb_content_element  vc_custom_1691957727508\" >\n\t\t<div class=\"wpb_wrapper\">\n\t\t\t<p><strong>Carbon Peeling<\/strong><\/p>\n<p><strong>Denizli carbon peeling<\/strong>It is a skin renewal application performed using Q-switched Nd-YAG laser. Its biggest advantage is that skin rejuvenation can be performed without taking people away from their daily lives.\u00a0<strong>carbon peeling<\/strong>\u00a0many skin problems can be solved in the same session. These are:<\/p>\n<ul>\n<li><strong>Active acne and acne scars<\/strong><\/li>\n<li><strong>Uneven tone and blemishes<\/strong><\/li>\n<li><strong>excess fat<\/strong><\/li>\n<li><strong>Pore \u200b\u200bdilations<\/strong><\/li>\n<li><strong>Loss of skin elasticity and fine wrinkles<\/strong><\/li>\n<\/ul>\n<p>Before the application, the face area is cleaned, then the carbon solution is applied to the skin. After the solution is left for 10 minutes, the laser application begins. The carbon is cleaned by exploding with the laser.<\/p>\n<p><strong>carbon peeling<\/strong>\u00a0applications can generally be applied in 5-10 sessions at 7-14 day intervals depending on the needs of the patient. The number of applications varies according to the person and the problem to be treated.<\/p>\n<p>Safe to use for all skin types and all seasons.<\/p>\n<p>Even after the first session, a visible lightening and brightness can be seen. The effect gradually increases with repeated applications.<\/p>\n<p><strong>Laser Tattoo Removal<\/strong><\/p>\n<p>Even tattoos that are done very intentionally may sometimes be wanted to be removed for various reasons. Q-switched lasers are used safely for this purpose.\u00a0<strong>Denizli tattoo removal<\/strong>\u00a0the process is done by absorbing the laser beams by the pigments that give the tattoo its color, breaking them down and eliminating them from the body.<\/p>\n<p>Black and dark colored tattoos are easier to remove, while purple, green and yellow colored tattoos are the most difficult to treat. Tattoos on the extremities of the arms and legs are generally more resistant to treatment. Having a tattoo done by a professional increases the success of the removal process. Because, in professional processes, the dye settles deeper into the skin and at approximately the same levels. In some cases, the dye can be very dense and make the removal process difficult.<\/p>\n<p>Local anesthesia may be applied before the application. There may be swelling, redness and a burning sensation in the area where the application is made. Session intervals should be 6-8 weeks apart. The number of sessions is usually between 4-10 sessions.<\/p>\n<p><strong>Laser Spot Treatment<\/strong><\/p>\n<p>Stains are very common and can be visually disturbing. The most important issue in any stain is to determine the character of the stain after examination.\u00a0<strong>Denizli laser spot treatment<\/strong>\u00a0should definitely be planned accordingly. The most common and laser treatable spots are melasma, lentigo and freckles.<\/p>\n<ul>\n<li><strong>Melasma:\u00a0<\/strong>It is a condition characterized by dark brown spots that are most commonly seen in women, but can also be seen in men. Genetic predisposition and exposure to ultraviolet rays, hormonal treatments and the use of certain medications may play a role in this disease, the cause of which is not fully known. It can be epidermal and dermal (deeper) and the gold standard treatment\u00a0<strong>q-switched lazer<\/strong>6-8 sessions are required at 1-2 week intervals and in some cases it is combined with other treatment options. There is a slight redness after the procedure which goes away in 1-2 hours. It is a painless procedure.<\/li>\n<\/ul>\n<ul>\n<li><strong>Efelid (freckles):\u00a0<\/strong>They are small, clearly defined light brown spots that are most commonly seen on the forehead, cheeks, nose and sun-exposed areas of the body. They are more common in blonde, red-skinned and fair-skinned people. They appear from early childhood. They may decrease with age. They differ from larger freckles called lentigo in that they darken after intense sun exposure and fade when not in the sun. If treatment is desired\u00a0<strong>q-switched lazer<\/strong>\u00a0It is possible with. After the procedure, redness and slight peeling are observed.<\/li>\n<\/ul>\n<ul>\n<li><strong>Lentigo:\u00a0<\/strong>Brown-black, sharply defined spots, usually smaller than 1 cm. There may be one or more. They are observed on the face or in areas of the body that are exposed to the sun the most. Treatment\u00a0<strong>q-switched lazer<\/strong>It usually takes place in one or sometimes several sessions. After the procedure, redness and slight peeling are observed.<\/li>\n<\/ul>\n\n\t\t<\/div>\n\t<\/div>\n<\/div><\/div><\/div><\/div>\n<\/section>","protected":false},"excerpt":{"rendered":"<p>Denizli dermatolog\u00a0Uzm. Dr. Tuba \u00c7elebi Kayhan klini\u011finde profesyonel\u00a0q-switched lazer\u00a0hizmeti vermektedir. Q- Switched lazerler di\u011fer t\u00fcm lazer cihazlar\u0131ndan farkl\u0131 olarak \u00e7ok k\u0131sa s\u00fcrede \u00e7ok g\u00fc\u00e7l\u00fc at\u0131m yapabilen, geli\u015fmi\u015f teknolojiye sahip cihazlard\u0131r. \u0130stenilen hedefi \u00e7ok h\u0131zl\u0131 vurdu\u011fu i\u00e7in \u00e7evre dokuya \u0131s\u0131 ka\u00e7\u0131\u015f\u0131 minimal olur ve bu sayede \u00e7evre doku fazla zarar g\u00f6rmez. Dolay\u0131s\u0131yla yap\u0131lan i\u015flemlerde se\u00e7ici davran\u0131p&hellip;<\/p>","protected":false},"author":1,"featured_media":0,"parent":7,"menu_order":100,"comment_status":"closed","ping_status":"closed","template":"","meta":{"_joinchat":[],"footnotes":""},"class_list":["post-2117","page","type-page","status-publish","hentry","description-off"],"_links":{"self":[{"href":"https:\/\/drtubacelebikayhan.com\/en\/wp-json\/wp\/v2\/pages\/2117","targetHints":{"allow":["GET"]}}],"collection":[{"href":"https:\/\/drtubacelebikayhan.com\/en\/wp-json\/wp\/v2\/pages"}],"about":[{"href":"https:\/\/drtubacelebikayhan.com\/en\/wp-json\/wp\/v2\/types\/page"}],"author":[{"embeddable":true,"href":"https:\/\/drtubacelebikayhan.com\/en\/wp-json\/wp\/v2\/users\/1"}],"replies":[{"embeddable":true,"href":"https:\/\/drtubacelebikayhan.com\/en\/wp-json\/wp\/v2\/comments?post=2117"}],"version-history":[{"count":1,"href":"https:\/\/drtubacelebikayhan.com\/en\/wp-json\/wp\/v2\/pages\/2117\/revisions"}],"predecessor-version":[{"id":2120,"href":"https:\/\/drtubacelebikayhan.com\/en\/wp-json\/wp\/v2\/pages\/2117\/revisions\/2120"}],"up":[{"embeddable":true,"href":"https:\/\/drtubacelebikayhan.com\/en\/wp-json\/wp\/v2\/pages\/7"}],"wp:attachment":[{"href":"https:\/\/drtubacelebikayhan.com\/en\/wp-json\/wp\/v2\/media?parent=2117"}],"curies":[{"name":"wp","href":"https:\/\/api.w.org\/{rel}","templated":true}]}}