{"id":2134,"date":"2023-08-13T20:54:53","date_gmt":"2023-08-13T20:54:53","guid":{"rendered":"https:\/\/drtubacelebikayhan.com\/?page_id=2134"},"modified":"2023-09-19T20:23:31","modified_gmt":"2023-09-19T20:23:31","slug":"masseter-botoksu","status":"publish","type":"page","link":"https:\/\/drtubacelebikayhan.com\/en\/estetik-kozmetik-uygulamalar\/masseter-botoksu\/","title":{"rendered":"MASSETER BOTOX"},"content":{"rendered":"<section class=\"wpb-content-wrapper\"><div class=\"vc_row wpb_row vc_row-fluid\"><div class=\"wpb_column vc_column_container vc_col-sm-12\"><div class=\"vc_column-inner\"><div class=\"wpb_wrapper\">\n\t<div  class=\"wpb_single_image wpb_content_element vc_align_left\">\n\t\t\n\t\t<figure class=\"wpb_wrapper vc_figure\">\n\t\t\t<div class=\"vc_single_image-wrapper   vc_box_border_grey\"><img decoding=\"async\" width=\"800\" height=\"533\" src=\"https:\/\/drtubacelebikayhan.com\/wp-content\/uploads\/2023\/08\/MASSETER-BOTOKSU.jpeg\" class=\"vc_single_image-img attachment-large\" alt=\"\" title=\"MASSETER BOTOX\" srcset=\"https:\/\/drtubacelebikayhan.com\/wp-content\/uploads\/2023\/08\/MASSETER-BOTOKSU.jpeg 800w, https:\/\/drtubacelebikayhan.com\/wp-content\/uploads\/2023\/08\/MASSETER-BOTOKSU-300x200.jpeg 300w, https:\/\/drtubacelebikayhan.com\/wp-content\/uploads\/2023\/08\/MASSETER-BOTOKSU-768x512.jpeg 768w\" sizes=\"(max-width: 800px) 100vw, 800px\"  data-dt-location=\"https:\/\/drtubacelebikayhan.com\/en\/estetik-kozmetik-uygulamalar\/masseter-botoksu\/masseter-botoksu\/\" \/><\/div>\n\t\t<\/figure>\n\t<\/div>\n\n\t<div class=\"wpb_text_column wpb_content_element  vc_custom_1691960081533\" >\n\t\t<div class=\"wpb_wrapper\">\n\t\t\t<p><b>WHAT IS MASSETER BOTOX?\u00a0<\/b><\/p>\n<p>One of the important elements of facial beauty and youth indicators is that the jawline on the lower face is sharp and distinct. This line, which is desired to be square in men, creates a more feminine and attractive appearance when it is triangular or V-shaped in women.<\/p>\n<p>The masseter muscle, which is a powerful chewing muscle located on both sides of the jaw, can sometimes become enlarged, causing a large and angular appearance on the face. This muscle is also responsible for conditions that negatively affect dental health, such as teeth clenching and grinding.<\/p>\n<p>masseter muscle\u00a0<a href=\"https:\/\/drtubacelebikayhan.com\/en\/estetik-kozmetik-uygulamalar\/uzm-dr-tuba-celebi-kayhan-denizli-dermatolog-profesyonel-botoks-uygulamalari\/\">botoks<\/a>\u00a0With its application, a more aesthetic appearance can be achieved by thinning the face oval and the problem of teeth grinding can be eliminated. The effect after the application, which lasts for an average of 5-10 minutes, can last for about 4-6 months. After repeated applications, this period is extended and can be permanent.<\/p>\n\n\t\t<\/div>\n\t<\/div>\n\n\t<div class=\"wpb_text_column wpb_content_element  vc_custom_1695154891284\" >\n\t\t<div class=\"wpb_wrapper\">\n\t\t\t<h3>MASSETER BOTOX: Slim Your Jawline and Get a Youthful Look<\/h3>\n<p>The jawline on the lower face plays a big role in youth and beauty. Especially for men, a sharp and prominent jawline is a desirable feature. For women, if this line is triangular or V-shaped, it creates a more feminine and attractive appearance.<\/p>\n<p>However, the masseter muscle, located on both sides of the jaw, can sometimes grow and cause a large and angular appearance on the face. This muscle can also cause problems such as teeth clenching and grinding, which negatively affect dental health.<\/p>\n<p>masseter muscle <a href=\"https:\/\/drtubacelebikayhan.com\/en\/estetik-kozmetik-uygulamalar\/denizli-botoks\/\"><strong>denizli botoks<\/strong><\/a> By applying, you can slim your face oval and achieve a more aesthetic appearance. You can also solve your teeth grinding problem. This process takes approximately 5-10 minutes and its effect can last for 4-6 months. As a result of regular repeated applications, the effect can be prolonged and even become permanent.<\/p>\n<p><strong>How Does Masseter Botox Work?<\/strong><\/p>\n<p><strong>Masseter botox<\/strong>is a procedure that involves injecting botulinum toxin into the masseter muscle in the jaw area. Botulinum toxin temporarily paralyzes the muscle, reducing its volume and thus slimming your jawline. This procedure is also used to relieve teeth clenching or grinding.<\/p>\n<p><strong>How is Masseter Botox Performed?<\/strong><\/p>\n<p>Masseter <a href=\"https:\/\/drtubacelebikayhan.com\/en\/estetik-kozmetik-uygulamalar\/botoks\/\"><strong>botox<\/strong><\/a> process is very simple and fast. The process steps are as follows:<\/p>\n<p>Examination and Evaluation: The first step is performed by a specialist doctor. The doctor examines your jaw structure and determines which areas will receive botox injections.<\/p>\n<p>Cleaning: Before the procedure, the chin area is cleaned and disinfected.<\/p>\n<p>Injections: Your doctor injects botulinum toxin into designated areas using a thin needle. These injections are quick and virtually painless.<\/p>\n<p>Results: You may start to see results immediately after the procedure. However, it may take a few days to see the full effect.<\/p>\n<p><strong>Who is Suitable for Masseter Botox?<\/strong><\/p>\n<p><strong>Masseter botox<\/strong>, is suitable for people who have excess volume in the jaw area or who have teeth grinding problems. However, it is not suitable for pregnant women, nursing mothers or <a href=\"https:\/\/drtubacelebikayhan.com\/en\/estetik-kozmetik-uygulamalar\/botoks\/\"><strong>botoks<\/strong><\/a> people who are allergic to its content should not have this procedure.<\/p>\n<p><strong>In conclusion<\/strong><\/p>\n<p><strong>Masseter botox<\/strong>, is an effective option to consider if you want to slim your jawline and achieve a more youthful appearance. It can also provide relief for those who have teeth grinding problems. However, you should definitely get advice from a specialist doctor before having this procedure. Remember, beauty and health always go hand in hand.<\/p>\n\n\t\t<\/div>\n\t<\/div>\n<\/div><\/div><\/div><\/div>\n<\/section>","protected":false},"excerpt":{"rendered":"<p>MASSETER BOTOKSU NED\u0130R?\u00a0 Y\u00fczde g\u00fczellik ve gen\u00e7lik g\u00f6stergelerinin \u00f6nemli unsurlar\u0131ndan biri de alt y\u00fczde \u00e7ene hatt\u0131n\u0131n keskin ve belirgin olmas\u0131d\u0131r. Erkeklerde kare \u015feklinde olmas\u0131 istenen bu hat kad\u0131nlarda \u00fc\u00e7gen veya V \u015feklinde oldu\u011funda, daha feminen ve \u00e7ekici bir g\u00f6r\u00fcnt\u00fc olu\u015fturur. \u00c7enenin her iki yan\u0131nda bulunan ve g\u00fc\u00e7l\u00fc bir \u00e7i\u011fneme kas\u0131 olan masseter kas\u0131, baz\u0131 durumlarda&hellip;<\/p>","protected":false},"author":1,"featured_media":0,"parent":7,"menu_order":100,"comment_status":"closed","ping_status":"closed","template":"","meta":{"_joinchat":[],"footnotes":""},"class_list":["post-2134","page","type-page","status-publish","hentry","description-off"],"_links":{"self":[{"href":"https:\/\/drtubacelebikayhan.com\/en\/wp-json\/wp\/v2\/pages\/2134","targetHints":{"allow":["GET"]}}],"collection":[{"href":"https:\/\/drtubacelebikayhan.com\/en\/wp-json\/wp\/v2\/pages"}],"about":[{"href":"https:\/\/drtubacelebikayhan.com\/en\/wp-json\/wp\/v2\/types\/page"}],"author":[{"embeddable":true,"href":"https:\/\/drtubacelebikayhan.com\/en\/wp-json\/wp\/v2\/users\/1"}],"replies":[{"embeddable":true,"href":"https:\/\/drtubacelebikayhan.com\/en\/wp-json\/wp\/v2\/comments?post=2134"}],"version-history":[{"count":3,"href":"https:\/\/drtubacelebikayhan.com\/en\/wp-json\/wp\/v2\/pages\/2134\/revisions"}],"predecessor-version":[{"id":2395,"href":"https:\/\/drtubacelebikayhan.com\/en\/wp-json\/wp\/v2\/pages\/2134\/revisions\/2395"}],"up":[{"embeddable":true,"href":"https:\/\/drtubacelebikayhan.com\/en\/wp-json\/wp\/v2\/pages\/7"}],"wp:attachment":[{"href":"https:\/\/drtubacelebikayhan.com\/en\/wp-json\/wp\/v2\/media?parent=2134"}],"curies":[{"name":"wp","href":"https:\/\/api.w.org\/{rel}","templated":true}]}}