{"id":2137,"date":"2023-08-13T20:56:20","date_gmt":"2023-08-13T20:56:20","guid":{"rendered":"https:\/\/drtubacelebikayhan.com\/?page_id=2137"},"modified":"2023-09-19T20:01:10","modified_gmt":"2023-09-19T20:01:10","slug":"brotox-erkek-botoksu","status":"publish","type":"page","link":"https:\/\/drtubacelebikayhan.com\/en\/estetik-kozmetik-uygulamalar\/brotox-erkek-botoksu\/","title":{"rendered":"BROTOX (MEN'S BOTOX)"},"content":{"rendered":"<section class=\"wpb-content-wrapper\"><div class=\"vc_row wpb_row vc_row-fluid\"><div class=\"wpb_column vc_column_container vc_col-sm-12\"><div class=\"vc_column-inner\"><div class=\"wpb_wrapper\">\n\t<div  class=\"wpb_single_image wpb_content_element vc_align_left\">\n\t\t\n\t\t<figure class=\"wpb_wrapper vc_figure\">\n\t\t\t<div class=\"vc_single_image-wrapper   vc_box_border_grey\"><img decoding=\"async\" width=\"800\" height=\"533\" src=\"https:\/\/drtubacelebikayhan.com\/wp-content\/uploads\/2023\/08\/BROTOX-ERKEK-BOTOKSU.jpeg\" class=\"vc_single_image-img attachment-large\" alt=\"denizli botoks\" title=\"denizli botoks\" srcset=\"https:\/\/drtubacelebikayhan.com\/wp-content\/uploads\/2023\/08\/BROTOX-ERKEK-BOTOKSU.jpeg 800w, https:\/\/drtubacelebikayhan.com\/wp-content\/uploads\/2023\/08\/BROTOX-ERKEK-BOTOKSU-300x200.jpeg 300w, https:\/\/drtubacelebikayhan.com\/wp-content\/uploads\/2023\/08\/BROTOX-ERKEK-BOTOKSU-768x512.jpeg 768w\" sizes=\"(max-width: 800px) 100vw, 800px\"  data-dt-location=\"https:\/\/drtubacelebikayhan.com\/en\/estetik-kozmetik-uygulamalar\/brotox-erkek-botoksu\/brotox-erkek-botoksu-2\/\" \/><\/div>\n\t\t<\/figure>\n\t<\/div>\n\n\t<div class=\"wpb_text_column wpb_content_element  vc_custom_1691960171882\" >\n\t\t<div class=\"wpb_wrapper\">\n\t\t\t<p><b>BROTOX (MEN'S BOTOX)\u00a0<\/b><\/p>\n<p>Brotox is a botox treatment application for men. And recently it has become more and more popular all over the world. Wrinkles on the face not only make people look old, but also give them tired, exhausted, sad and anxious expressions. In addition, the extension of business life and the need to look presentable and energetic are among the reasons that direct men to Brotox application. It can be recommended for those who want to have a more energetic, dynamic and positive appearance.<\/p>\n<p>Botox treatments applied to men and women have different characteristics. Botox treatments for men need to be planned differently depending on their muscle structure and strength.<\/p>\n<p><b>What is the feature of Brotox injection?<\/b><\/p>\n<p>The most important feature of Brotox injection is that it is planned and applied in a way that preserves the masculine expression on the face. Brotox application should be planned specifically according to the characteristic facial structure and facial expressions of each man. Injection is preferably applied at minimal levels in a way that is appropriate for age and facial structure. It is very important not to create a frozen expression, a confused and completely tense expression on the face. The sharp lines and expressions on the facial structure of men should be preserved. Otherwise, it can cause a feminine appearance. For this reason, Brotox, or Botox for men, should definitely be applied by specialist physicians in the field.<\/p>\n\n\t\t<\/div>\n\t<\/div>\n\n\t<div class=\"wpb_text_column wpb_content_element  vc_custom_1695153624249\" >\n\t\t<div class=\"wpb_wrapper\">\n\t\t\t<h2>Brotox (Botox for Men): Elixir of Youth and Vitality for Men<\/h2>\n<p><strong>What is Brotox?<\/strong><\/p>\n<p>Brotox is a product that is rapidly gaining popularity among men today. <a href=\"https:\/\/drtubacelebikayhan.com\/en\/estetik-kozmetik-uygulamalar\/botoks\/\"><strong>botoks<\/strong><\/a> The name comes from the combination of the words \u201cBotox\u201d and \u201cbro\u201d (for men) and is used to lighten or eliminate signs of aging on men\u2019s skin. This particular treatment <a href=\"https:\/\/drtubacelebikayhan.com\/en\/estetik-kozmetik-uygulamalar\/denizli-botoks\/\"><strong>Denizli Botox<\/strong><\/a>, allows men to achieve a younger, more energetic and positive appearance by preserving their facial expressions and characteristic features.<\/p>\n<p><strong>Why Should Brotox Be Preferred?<\/strong><\/p>\n<p>Aging and Business Life: The business world is becoming increasingly competitive. Looking young, dynamic and energetic is an advantage in the business world. Brotox can help men look younger and more energetic in their business lives.<\/p>\n<p>Characteristic Facial Lines: Men's faces usually have sharp lines and these features reflect their masculine identity. Brotox helps men maintain their natural appearance by preserving these characteristic lines.<\/p>\n<p>Minimal and Natural Results: Brotox treatment involves minimal injections, which gives you a natural look. Your facial expressions are not frozen and there is no excessive tension on your face.<\/p>\n<p><strong>How is Brotox Treatment Applied?<\/strong><\/p>\n<p>Brotox treatment should be specifically planned for each man's unique facial structure and needs. It should be performed by a specialist physician and includes the following steps:<\/p>\n<p>Examination and Evaluation: The physician carefully evaluates your facial structure and determines your needs.<\/p>\n<p>Injection: Minimal levels of botox injections are applied to your face. These injections preserve your facial expressions in a natural way.<\/p>\n<p>Results: After treatment, you will have a more energetic and youthful appearance. The results are usually fast and effective.<\/p>\n<p>Brotox treatment is a treatment specifically for men. <a href=\"https:\/\/drtubacelebikayhan.com\/en\/estetik-kozmetik-uygulamalar\/denizli-botoks\/\"><strong>botoks<\/strong><\/a> It provides an experience and helps them preserve their natural beauty. However, remember that you should seek advice from a specialist physician before having this type of treatment.<\/p>\n<p>Brotox for men may be the choice of those looking for youth and vitality. For more information, you can consult a specialist physician to learn the most appropriate treatment plan for you.<\/p>\n\n\t\t<\/div>\n\t<\/div>\n<\/div><\/div><\/div><\/div>\n<\/section>","protected":false},"excerpt":{"rendered":"<p>BROTOX (ERKEK BOTOKSU)\u00a0 Brotox erkeklere \u00f6zel botoks tedavisi uygulamas\u0131d\u0131r. Ve son zamanlarda t\u00fcm d\u00fcnyada her ge\u00e7en g\u00fcn daha da pop\u00fcler hale gelmektedir. Y\u00fczdeki k\u0131r\u0131\u015f\u0131klar sadece ya\u015fl\u0131 g\u00f6r\u00fcnmeyi de\u011fil, ki\u015filere bitkin, yorgun, \u00fczg\u00fcn ve endi\u015feli ifadeler de vermektedir. Ayr\u0131ca i\u015f hayat\u0131n\u0131n uzamas\u0131, prezantabl ve enerjik g\u00f6r\u00fcnme gereklili\u011fi de erkekleri brotox uygulamas\u0131na y\u00f6nlendiren sebepler aras\u0131ndad\u0131r. Daha enerjik,&hellip;<\/p>","protected":false},"author":1,"featured_media":0,"parent":7,"menu_order":100,"comment_status":"closed","ping_status":"closed","template":"","meta":{"_joinchat":[],"footnotes":""},"class_list":["post-2137","page","type-page","status-publish","hentry","description-off"],"_links":{"self":[{"href":"https:\/\/drtubacelebikayhan.com\/en\/wp-json\/wp\/v2\/pages\/2137","targetHints":{"allow":["GET"]}}],"collection":[{"href":"https:\/\/drtubacelebikayhan.com\/en\/wp-json\/wp\/v2\/pages"}],"about":[{"href":"https:\/\/drtubacelebikayhan.com\/en\/wp-json\/wp\/v2\/types\/page"}],"author":[{"embeddable":true,"href":"https:\/\/drtubacelebikayhan.com\/en\/wp-json\/wp\/v2\/users\/1"}],"replies":[{"embeddable":true,"href":"https:\/\/drtubacelebikayhan.com\/en\/wp-json\/wp\/v2\/comments?post=2137"}],"version-history":[{"count":3,"href":"https:\/\/drtubacelebikayhan.com\/en\/wp-json\/wp\/v2\/pages\/2137\/revisions"}],"predecessor-version":[{"id":2392,"href":"https:\/\/drtubacelebikayhan.com\/en\/wp-json\/wp\/v2\/pages\/2137\/revisions\/2392"}],"up":[{"embeddable":true,"href":"https:\/\/drtubacelebikayhan.com\/en\/wp-json\/wp\/v2\/pages\/7"}],"wp:attachment":[{"href":"https:\/\/drtubacelebikayhan.com\/en\/wp-json\/wp\/v2\/media?parent=2137"}],"curies":[{"name":"wp","href":"https:\/\/api.w.org\/{rel}","templated":true}]}}