{"id":2140,"date":"2023-08-13T20:58:22","date_gmt":"2023-08-13T20:58:22","guid":{"rendered":"https:\/\/drtubacelebikayhan.com\/?page_id=2140"},"modified":"2023-09-19T19:54:31","modified_gmt":"2023-09-19T19:54:31","slug":"asiri-terleme-tedavisinde-botoks","status":"publish","type":"page","link":"https:\/\/drtubacelebikayhan.com\/en\/estetik-kozmetik-uygulamalar\/asiri-terleme-tedavisinde-botoks\/","title":{"rendered":"BOTOX IN EXCESSIVE SWEATING TREATMENT"},"content":{"rendered":"<section class=\"wpb-content-wrapper\"><div class=\"vc_row wpb_row vc_row-fluid\"><div class=\"wpb_column vc_column_container vc_col-sm-12\"><div class=\"vc_column-inner\"><div class=\"wpb_wrapper\">\n\t<div  class=\"wpb_single_image wpb_content_element vc_align_left\">\n\t\t\n\t\t<figure class=\"wpb_wrapper vc_figure\">\n\t\t\t<div class=\"vc_single_image-wrapper   vc_box_border_grey\"><img decoding=\"async\" width=\"800\" height=\"533\" src=\"https:\/\/drtubacelebikayhan.com\/wp-content\/uploads\/2023\/08\/ASIRI-TERLEME-TEDAVISINDE-BOTOKS.jpeg\" class=\"vc_single_image-img attachment-large\" alt=\"denizli botoks\" title=\"denizli botoks\" srcset=\"https:\/\/drtubacelebikayhan.com\/wp-content\/uploads\/2023\/08\/ASIRI-TERLEME-TEDAVISINDE-BOTOKS.jpeg 800w, https:\/\/drtubacelebikayhan.com\/wp-content\/uploads\/2023\/08\/ASIRI-TERLEME-TEDAVISINDE-BOTOKS-300x200.jpeg 300w, https:\/\/drtubacelebikayhan.com\/wp-content\/uploads\/2023\/08\/ASIRI-TERLEME-TEDAVISINDE-BOTOKS-768x512.jpeg 768w\" sizes=\"(max-width: 800px) 100vw, 800px\"  data-dt-location=\"https:\/\/drtubacelebikayhan.com\/en\/estetik-kozmetik-uygulamalar\/asiri-terleme-tedavisinde-botoks\/asiri-terleme-tedavisinde-botoks-2\/\" \/><\/div>\n\t\t<\/figure>\n\t<\/div>\n\n\t<div class=\"wpb_text_column wpb_content_element  vc_custom_1695153187610\" >\n\t\t<div class=\"wpb_wrapper\">\n\t\t\t<h2><b>BOTOX IN EXCESSIVE SWEATING TREATMENT\u00a0<\/b><\/h2>\n<p><b>Sweating<\/b>, is a normal and healthy condition that occurs as a result of the rapid functioning of the sweat glands due to the excessive stimulation of the sympathetic nervous system and the increase in body temperature. However, excessive sweating and odor formation negatively affect the person's daily life. The most important causes of excessive sweating are stress, drug use, overactive thyroid gland, menopause and obesity. One of the most effective treatments for this condition, which negatively affects the person socially and psychologically, is\u00a0<b>\u00a0<a href=\"https:\/\/drtubacelebikayhan.com\/en\/estetik-kozmetik-uygulamalar\/uzm-dr-tuba-celebi-kayhan-denizli-dermatolog-profesyonel-botoks-uygulamalari\/\">botoks<\/a><\/b>\u00a0is the treatment.<\/p>\n<p><b>Sweating treatment<\/b>Botox application is an easy and practical option. It can be used for underarm, palm, foot and facial sweating. First, the area where sweating is intense is determined and a sufficient dose of Botox is injected under the skin. This drug, which reaches the sweat glands, affects the nerves and prevents them from secreting sweat and contracting. The procedure takes about 10 minutes. The treatment has no side effects. The effect of Botox lasts about 6 months.<\/p>\n\n\t\t<\/div>\n\t<\/div>\n\n\t<div class=\"wpb_text_column wpb_content_element\" >\n\t\t<div class=\"wpb_wrapper\">\n\t\t\t<p>Botox application is an easy and practical option. It can be used for underarm, palm, foot and facial sweating. First, the area where sweating is intense is determined and a sufficient dose of Botox is injected under the skin. This drug, which reaches the sweat glands, affects the nerves and prevents them from secreting sweat and contracting. The procedure takes about 10 minutes. The treatment has no side effects. The effect of Botox lasts about 6 months. <a href=\"https:\/\/drtubacelebikayhan.com\/en\/estetik-kozmetik-uygulamalar\/botoks\/\"><strong>denizli botoks<\/strong><\/a> is the treatment.<\/p>\n<h3><strong>Denizli Excessive Sweating Treatment with Botox<\/strong><\/h3>\n<p>To address the problem of excessive sweating <a href=\"https:\/\/drtubacelebikayhan.com\/en\/estetik-kozmetik-uygulamalar\/botoks\/\"><strong>botoks<\/strong><\/a>, offers a fast and effective option. For people who have excessive sweating problems in different parts of the body such as armpits, palms, soles of the feet and face. <a href=\"https:\/\/drtubacelebikayhan.com\/en\/estetik-kozmetik-uygulamalar\/denizli-botoks\/\"><strong>denizli botoks<\/strong><\/a> can be applied. The process begins by determining the areas where sweating is most intense and then the appropriate amount of Botox is injected under the skin. This injected Botox affects the nerves and prevents the sweat glands from working excessively and contracting. The process takes about 10 minutes and has almost no side effects.<\/p>\n<p><strong>Botox Effect Duration<\/strong><\/p>\n<p><strong>Botoks<\/strong> The effects of the treatment are quite satisfactory. The effect of Botox usually lasts for more than 6 months. This provides an excellent solution for preventing excessive sweating and regaining a comfortable lifestyle.<\/p>\n<p><strong>Excessive Sweating Treatment with Botox: Advantages<\/strong><\/p>\n<p>There are many advantages of Botox in the treatment of excessive sweating. Here are some of them:<\/p>\n<p>Fast and Effective Results: <strong>Botoks<\/strong>, quickly controls the sweating problem and provides effective results. After the treatment, you will feel relief from sweating immediately.<\/p>\n<p>Long-Term Effect: <strong>Botoksun<\/strong> Its effects last for a long time, reducing the need for frequent treatments.<\/p>\n<p>Safe and Low Risk: <strong>Botoks<\/strong> The treatment is generally safe and has minimal side effects. After the procedure, the person can return to normal daily activities immediately.<\/p>\n<p><strong>In conclusion<\/strong><\/p>\n<p>Excessive sweating can be a problem that can make daily life difficult for a person, but <strong>botox treatment<\/strong> It is possible to cope with this problem thanks to a fast, effective and safe method. <a href=\"https:\/\/drtubacelebikayhan.com\/en\/estetik-kozmetik-uygulamalar\/botoks\/\"><strong>botoks<\/strong><\/a>, a\u015f\u0131r\u0131 terlemenin etkilerini azaltmada \u00f6nemli bir rol oynar. Uzun s\u00fcreli etkileri sayesinde, <strong>botox treatment<\/strong> It provides a definitive and long-term solution to your excessive sweating problem. In this way, it becomes possible to achieve a more comfortable lifestyle and get rid of sweating problems that negatively affect your social life.<\/p>\n\n\t\t<\/div>\n\t<\/div>\n<\/div><\/div><\/div><\/div>\n<\/section>","protected":false},"excerpt":{"rendered":"<p>A\u015eIRI TERLEME TEDAV\u0130S\u0130NDE BOTOKS\u00a0 Terleme, v\u00fccut s\u0131cakl\u0131\u011f\u0131n\u0131n artarak sempatik sinir sisteminin a\u015f\u0131r\u0131 uyar\u0131lmas\u0131yla, ter bezlerinin h\u0131zl\u0131 \u00e7al\u0131\u015fmas\u0131 sonucunda olu\u015fan normal ve sa\u011fl\u0131kl\u0131 bir durumdur. Ancak a\u015f\u0131r\u0131 derecede terleme ve koku olu\u015fumu ki\u015fiyi g\u00fcnl\u00fck hayat\u0131nda olumsuz y\u00f6nde etkilemektedir. Fazla terlemenin en \u00f6nemli nedenleri aras\u0131nda stres, ila\u00e7 kullan\u0131m\u0131, tiroid bezinin fazla \u00e7al\u0131\u015fmas\u0131, menopoz ve obezite yer almaktad\u0131r.&hellip;<\/p>","protected":false},"author":1,"featured_media":0,"parent":7,"menu_order":100,"comment_status":"closed","ping_status":"closed","template":"","meta":{"_joinchat":[],"footnotes":""},"class_list":["post-2140","page","type-page","status-publish","hentry","description-off"],"_links":{"self":[{"href":"https:\/\/drtubacelebikayhan.com\/en\/wp-json\/wp\/v2\/pages\/2140","targetHints":{"allow":["GET"]}}],"collection":[{"href":"https:\/\/drtubacelebikayhan.com\/en\/wp-json\/wp\/v2\/pages"}],"about":[{"href":"https:\/\/drtubacelebikayhan.com\/en\/wp-json\/wp\/v2\/types\/page"}],"author":[{"embeddable":true,"href":"https:\/\/drtubacelebikayhan.com\/en\/wp-json\/wp\/v2\/users\/1"}],"replies":[{"embeddable":true,"href":"https:\/\/drtubacelebikayhan.com\/en\/wp-json\/wp\/v2\/comments?post=2140"}],"version-history":[{"count":3,"href":"https:\/\/drtubacelebikayhan.com\/en\/wp-json\/wp\/v2\/pages\/2140\/revisions"}],"predecessor-version":[{"id":2391,"href":"https:\/\/drtubacelebikayhan.com\/en\/wp-json\/wp\/v2\/pages\/2140\/revisions\/2391"}],"up":[{"embeddable":true,"href":"https:\/\/drtubacelebikayhan.com\/en\/wp-json\/wp\/v2\/pages\/7"}],"wp:attachment":[{"href":"https:\/\/drtubacelebikayhan.com\/en\/wp-json\/wp\/v2\/media?parent=2140"}],"curies":[{"name":"wp","href":"https:\/\/api.w.org\/{rel}","templated":true}]}}