{"id":2143,"date":"2023-08-13T21:01:15","date_gmt":"2023-08-13T21:01:15","guid":{"rendered":"https:\/\/drtubacelebikayhan.com\/?page_id=2143"},"modified":"2023-08-24T15:17:38","modified_gmt":"2023-08-24T15:17:38","slug":"dolgu","status":"publish","type":"page","link":"https:\/\/drtubacelebikayhan.com\/en\/estetik-kozmetik-uygulamalar\/dolgu\/","title":{"rendered":"FILLING"},"content":{"rendered":"<section class=\"wpb-content-wrapper\"><div class=\"vc_row wpb_row vc_row-fluid\"><div class=\"wpb_column vc_column_container vc_col-sm-12\"><div class=\"vc_column-inner\"><div class=\"wpb_wrapper\">\n\t<div class=\"wpb_text_column wpb_content_element  vc_custom_1692889580594\" >\n\t\t<div class=\"wpb_wrapper\">\n\t\t\t<h2>DENIZLI FILLING<\/h2>\n<p><strong>Denizli Filling<\/strong> When it comes to fillings, the first clinic that comes to mind is Specialist Dr. Tuba \u00c7elebi KAYHAN clinic, which provides professional services in fillings.<\/p>\n\n\t\t<\/div>\n\t<\/div>\n\n\t<div  class=\"wpb_single_image wpb_content_element vc_align_left\">\n\t\t\n\t\t<figure class=\"wpb_wrapper vc_figure\">\n\t\t\t<div class=\"vc_single_image-wrapper   vc_box_border_grey\"><img decoding=\"async\" width=\"800\" height=\"470\" src=\"https:\/\/drtubacelebikayhan.com\/wp-content\/uploads\/2023\/08\/DOLGU-1.jpeg\" class=\"vc_single_image-img attachment-large\" alt=\"denizli dolgu\" title=\"denizli dolgu\" srcset=\"https:\/\/drtubacelebikayhan.com\/wp-content\/uploads\/2023\/08\/DOLGU-1.jpeg 800w, https:\/\/drtubacelebikayhan.com\/wp-content\/uploads\/2023\/08\/DOLGU-1-300x176.jpeg 300w, https:\/\/drtubacelebikayhan.com\/wp-content\/uploads\/2023\/08\/DOLGU-1-768x451.jpeg 768w\" sizes=\"(max-width: 800px) 100vw, 800px\"  data-dt-location=\"https:\/\/drtubacelebikayhan.com\/en\/estetik-kozmetik-uygulamalar\/dolgu\/dolgu-1\/\" \/><\/div>\n\t\t<\/figure>\n\t<\/div>\n\n\t<div class=\"wpb_text_column wpb_content_element  vc_custom_1692889716527\" >\n\t\t<div class=\"wpb_wrapper\">\n\t\t\t<p>There are some changes in our skin with aging. Especially with the loosening and water loss in our connective tissue, our wrinkles become more visible, and sagging occurs in our skin, especially in the chin and cheek areas. Filler injection largely eliminates these symptoms by replacing the connective tissue losses that occur with aging. In this way, we also delay our aging process.<\/p>\n<p>Today, hyaluronic acid, which is normally found in our connective tissue and contributes to the tightness of our skin, is the most commonly used filler. Hyaluronic acid is a reliable substance that has received FDA approval. There is no risk of allergy in people who are not specifically allergic. Hyaluronic acid is not a permanent filler. Since it is a natural substance, it melts and disappears within 6-12 months.<\/p>\n<p><strong>Denizli dolgu<\/strong> you can get detailed information from our clinic that provides professional services.<\/p>\n\n\t\t<\/div>\n\t<\/div>\n\n\t<div  class=\"wpb_single_image wpb_content_element vc_align_left\">\n\t\t\n\t\t<figure class=\"wpb_wrapper vc_figure\">\n\t\t\t<div class=\"vc_single_image-wrapper   vc_box_border_grey\"><img decoding=\"async\" width=\"800\" height=\"534\" src=\"https:\/\/drtubacelebikayhan.com\/wp-content\/uploads\/2023\/08\/DOLGU-2.jpeg\" class=\"vc_single_image-img attachment-large\" alt=\"denizli dolgu\" title=\"denizli dolgu\" srcset=\"https:\/\/drtubacelebikayhan.com\/wp-content\/uploads\/2023\/08\/DOLGU-2.jpeg 800w, https:\/\/drtubacelebikayhan.com\/wp-content\/uploads\/2023\/08\/DOLGU-2-300x200.jpeg 300w, https:\/\/drtubacelebikayhan.com\/wp-content\/uploads\/2023\/08\/DOLGU-2-768x513.jpeg 768w\" sizes=\"(max-width: 800px) 100vw, 800px\"  data-dt-location=\"https:\/\/drtubacelebikayhan.com\/en\/estetik-kozmetik-uygulamalar\/dolgu\/dolgu-2\/\" \/><\/div>\n\t\t<\/figure>\n\t<\/div>\n\n\t<div class=\"wpb_text_column wpb_content_element  vc_custom_1692889835218\" >\n\t\t<div class=\"wpb_wrapper\">\n\t\t\t<p><b>Dolgu enjeksiyonu nas\u0131l uygulan\u0131r?<\/b><\/p>\n<p>\u00d6ncesinde lokal anestezi kremleri s\u00fcr\u00fclerek ince u\u00e7lu i\u011fneler yard\u0131m\u0131yla k\u0131r\u0131\u015f\u0131kl\u0131k ya da belirgin ba\u011f dokusu kayb\u0131 olan b\u00f6lgelere do\u011frudan enjekte edilir Daha fazla bilgi i\u00e7in bizimle <a href=\"https:\/\/drtubacelebikayhan.com\/en\/iletisim\/\">ileti\u015fime<\/a> ge\u00e7ebilirsiniz.<\/p>\n<p><b>Dolgu i\u015fleminin etkisi ne zaman g\u00f6r\u00fcl\u00fcr?<\/b><\/p>\n<p>\u0130\u015flem yap\u0131l\u0131r yap\u0131lmaz etkisini g\u00f6sterir. Baz\u0131 ciltlerde ve uygulanan b\u00f6lgeye g\u00f6re uygulamadan hemen sonra hafif bir \u015fi\u015flik de olu\u015faca\u011f\u0131ndan, \u015fi\u015fli\u011fin gerilemesiyle beraber olan dolgunun net etkisi 1-2 saat i\u00e7inde ortaya \u00e7\u0131kar. Daha fazla bilgi i\u00e7in bizimle <a href=\"https:\/\/drtubacelebikayhan.com\/en\/iletisim\/\">ileti\u015fime<\/a> ge\u00e7ebilirsiniz.<\/p>\n<p>Dolgu enjeksiyonu yap\u0131lmadan \u00f6nce kesinlikle kan suland\u0131r\u0131c\u0131 aspirin, E vitamini gibi ila\u00e7lar\u0131n kullan\u0131lmam\u0131\u015f olmas\u0131 gerekmektedir. Bu ila\u00e7lar kullan\u0131l\u0131rken yap\u0131lan uygulamalar sonras\u0131, \u015fiddetli morarma ile kar\u015f\u0131la\u015fabiliriz. Daha fazla bilgi i\u00e7in bizimle <a href=\"https:\/\/drtubacelebikayhan.com\/en\/iletisim\/\">ileti\u015fime<\/a> ge\u00e7ebilirsiniz.<\/p>\n\n\t\t<\/div>\n\t<\/div>\n\n\t<div  class=\"wpb_single_image wpb_content_element vc_align_left\">\n\t\t\n\t\t<figure class=\"wpb_wrapper vc_figure\">\n\t\t\t<div class=\"vc_single_image-wrapper   vc_box_border_grey\"><img decoding=\"async\" width=\"800\" height=\"531\" src=\"https:\/\/drtubacelebikayhan.com\/wp-content\/uploads\/2023\/08\/DOLGU-3.jpeg\" class=\"vc_single_image-img attachment-large\" alt=\"denizli dolgu\" title=\"denizli dolgu\" srcset=\"https:\/\/drtubacelebikayhan.com\/wp-content\/uploads\/2023\/08\/DOLGU-3.jpeg 800w, https:\/\/drtubacelebikayhan.com\/wp-content\/uploads\/2023\/08\/DOLGU-3-300x199.jpeg 300w, https:\/\/drtubacelebikayhan.com\/wp-content\/uploads\/2023\/08\/DOLGU-3-768x510.jpeg 768w\" sizes=\"(max-width: 800px) 100vw, 800px\"  data-dt-location=\"https:\/\/drtubacelebikayhan.com\/en\/estetik-kozmetik-uygulamalar\/dolgu\/dolgu-3\/\" \/><\/div>\n\t\t<\/figure>\n\t<\/div>\n\n\t<div class=\"wpb_text_column wpb_content_element  vc_custom_1692889823106\" >\n\t\t<div class=\"wpb_wrapper\">\n\t\t\t<p><b>Dolgu enjeksiyonlar\u0131 ne ama\u00e7la uygulan\u0131r?<\/b><\/p>\n<ul>\n<li aria-level=\"1\">Y\u00fcze ya\u015fla beraber kaybolan hacmi geri kazand\u0131rmak, y\u00fczde lifting etkisi yaratmak (<strong>Yanak Dolgusu<\/strong>)<\/li>\n<li aria-level=\"1\">Al\u0131n, ka\u015f aras\u0131 g\u00f6z kenar\u0131 \u00e7izgilerinin doldurulmas\u0131<\/li>\n<li aria-level=\"1\">Ka\u015f kald\u0131rma<\/li>\n<li aria-level=\"1\">\u00c7\u00f6k\u00fck g\u00f6z alt\u0131 olu\u011funun dolgunla\u015ft\u0131r\u0131lmas\u0131 (<strong>G\u00f6zalt\u0131 I\u015f\u0131k Dolgusu<\/strong>)<\/li>\n<li aria-level=\"1\">\u00c7\u00f6k\u00fck olan yanaklar\u0131n dolgunla\u015ft\u0131r\u0131lmas\u0131 (<strong>Elmac\u0131k Kemi\u011fi Dolgusu)<\/strong><\/li>\n<li aria-level=\"1\">\u00c7ok geride olan \u00e7ene yap\u0131s\u0131n\u0131n dolgunla\u015ft\u0131r\u0131lmas\u0131 veya ya\u015fla birlikte sarkma ve gev\u015feme g\u00f6r\u00fclen \u00e7ene hatt\u0131n\u0131n yeniden \u015fekillendirilmesi (<strong>Jawline Dolgusu<\/strong>\u00a0\u2013\u00a0<strong>\u00c7ene Dolgusu<\/strong>)<\/li>\n<li aria-level=\"1\">Dudak kont\u00fcr\u00fcn\u00fc belirginle\u015ftirme ve hacimlendirme (<strong>Dudak Dolgusu<\/strong>)<\/li>\n<li aria-level=\"1\">Nazolabial oluklar\u0131n (burundan a\u011f\u0131z k\u00f6\u015fesine uzanan derin \u00e7izgiler) doldurulmas\u0131 (<strong>Nazolabial Dolgu<\/strong>)<\/li>\n<li aria-level=\"1\">\u00c7\u00f6k\u00fck olan \u015fakak b\u00f6lgesinin dolgunla\u015ft\u0131r\u0131lmas\u0131<\/li>\n<li aria-level=\"1\">El \u00fczerindeki \u00e7\u00f6k\u00fck alanlar\u0131n dolgunla\u015ft\u0131r\u0131lmas\u0131<\/li>\n<li aria-level=\"1\">Burun profil g\u00f6r\u00fcnt\u00fcs\u00fcne \u015fekil verme<\/li>\n<li aria-level=\"1\">Akne veya deride herhangi bir sebepten olu\u015fmu\u015f \u00e7ukurlar\u0131n ve izlerin doldurulmas\u0131<\/li>\n<li aria-level=\"1\">Nemi kaybolmu\u015f ve yo\u011fun ince k\u0131r\u0131\u015f\u0131kl\u0131klar\u0131n oldu\u011fu deriye nem ve hacim vermek<\/li>\n<\/ul>\n<p><b>Dolgu\u00a0uygulamas\u0131 ne kadar s\u00fcrer?\u00a0<\/b><\/p>\n<p>Uygulama 15-30 dakika aras\u0131 s\u00fcrebilir. Uygulamadan hemen sonra normal hayat\u0131n\u0131za d\u00f6nebilirsiniz. Uygulama yap\u0131lan b\u00f6lgede de\u011fi\u015fen derecelerde ge\u00e7ici olarak \u015fi\u015flik, k\u0131zar\u0131kl\u0131k ve morluk olu\u015fabilir. Daha fazla bilgi i\u00e7in bizimle <a href=\"https:\/\/drtubacelebikayhan.com\/en\/iletisim\/\">ileti\u015fime<\/a> ge\u00e7ebilirsiniz.<\/p>\n<p><b>Dolgu uygulamas\u0131 sonras\u0131nda herhangi bir yan etki s\u00f6z konusu mu?<\/b><\/p>\n<p>Hyal\u00fcronik asit bazl\u0131 dolgu maddelerinin en \u00f6nemli \u00f6zelli\u011fi alerjik bir reaksiyona neden olmamalar\u0131d\u0131r. Bunun nedeni, bu maddenin v\u00fccutta zaten do\u011fal olarak bulunmas\u0131d\u0131r. Daha fazla bilgi i\u00e7in bizimle <a href=\"https:\/\/drtubacelebikayhan.com\/en\/iletisim\/\">ileti\u015fime<\/a> ge\u00e7ebilirsiniz.<\/p>\n<p><b>Dolgu uygulamas\u0131n\u0131n sonu\u00e7lar\u0131n\u0131n etkisi ne kadar s\u00fcrer?<\/b><br \/>\nGe\u00e7ici dolgular\u0131n etkisi uygulamas\u0131n\u0131n 6 ay ile 18 ay aras\u0131nda de\u011fi\u015fmektedir. Bu s\u00fcre se\u00e7ilen dolgunun i\u00e7eri\u011fine, yo\u011funlu\u011funa ve nereye enjekte edildi\u011fine g\u00f6re de\u011fi\u015fir. Daha fazla bilgi i\u00e7in <a href=\"https:\/\/drtubacelebikayhan.com\/en\/tuba-celebi-kayhan\/\">our clinic<\/a> ile ileti\u015fime ge\u00e7ebilirsiniz.<\/p>\n<p><b>Dolgu uygulamas\u0131ndan sonra dikkat edilmesi gerekenler nelerdir?<\/b><\/p>\n<p>Dolgu uygulamas\u0131ndan sonra ilk 24 saat s\u0131cak banyo, du\u015f yap\u0131lmamal\u0131, sauna\u00a0 veya hamama girilmemelidir. \u0130\u015flem sonras\u0131nda doktor belirtmedi\u011fi s\u00fcrece dolgu yap\u0131lan b\u00f6lgeye fazla masaj yap\u0131lmamal\u0131d\u0131r. \u0130\u015flem sonras\u0131 a\u011f\u0131r spor yapmaktan ka\u00e7\u0131nmak gerekir. Dudak dolgusu yap\u0131lan ki\u015filerin 2-3 saat s\u0131cak i\u00e7ecek t\u00fcketmemesi \u00f6nerilir. Daha fazla bilgi i\u00e7in bizimle <a href=\"https:\/\/drtubacelebikayhan.com\/en\/iletisim\/\">ileti\u015fime<\/a> ge\u00e7ebilirsiniz.<\/p>\n\n\t\t<\/div>\n\t<\/div>\n<\/div><\/div><\/div><\/div>\n<\/section>","protected":false},"excerpt":{"rendered":"<p>DEN\u0130ZL\u0130 DOLGU Denizli Dolgu denilince akla gelen ilk klinik Uzm. Dr. Tuba \u00c7elebi KAYHAN klini\u011fi dolgu konusunda profesyonel bir \u015fekilde hizmet vermektedir. Cildimizde ya\u015flanma ile beraber baz\u0131 de\u011fi\u015fiklikler meydana gelir. \u00d6zellikle ba\u011f dokumuzda meydana gelen gev\u015feme ve su kayb\u0131 ile beraber, k\u0131r\u0131\u015f\u0131kl\u0131klar\u0131m\u0131z belirginle\u015fir, derimizde \u00f6zellikle \u00e7ene ve yanak b\u00f6lgesinde sarkmalar ortaya \u00e7\u0131kar. Dolgu enjeksiyonu, ya\u015flanma&hellip;<\/p>","protected":false},"author":1,"featured_media":0,"parent":7,"menu_order":100,"comment_status":"closed","ping_status":"closed","template":"","meta":{"_joinchat":[],"footnotes":""},"class_list":["post-2143","page","type-page","status-publish","hentry","description-off"],"_links":{"self":[{"href":"https:\/\/drtubacelebikayhan.com\/en\/wp-json\/wp\/v2\/pages\/2143","targetHints":{"allow":["GET"]}}],"collection":[{"href":"https:\/\/drtubacelebikayhan.com\/en\/wp-json\/wp\/v2\/pages"}],"about":[{"href":"https:\/\/drtubacelebikayhan.com\/en\/wp-json\/wp\/v2\/types\/page"}],"author":[{"embeddable":true,"href":"https:\/\/drtubacelebikayhan.com\/en\/wp-json\/wp\/v2\/users\/1"}],"replies":[{"embeddable":true,"href":"https:\/\/drtubacelebikayhan.com\/en\/wp-json\/wp\/v2\/comments?post=2143"}],"version-history":[{"count":4,"href":"https:\/\/drtubacelebikayhan.com\/en\/wp-json\/wp\/v2\/pages\/2143\/revisions"}],"predecessor-version":[{"id":2380,"href":"https:\/\/drtubacelebikayhan.com\/en\/wp-json\/wp\/v2\/pages\/2143\/revisions\/2380"}],"up":[{"embeddable":true,"href":"https:\/\/drtubacelebikayhan.com\/en\/wp-json\/wp\/v2\/pages\/7"}],"wp:attachment":[{"href":"https:\/\/drtubacelebikayhan.com\/en\/wp-json\/wp\/v2\/media?parent=2143"}],"curies":[{"name":"wp","href":"https:\/\/api.w.org\/{rel}","templated":true}]}}