{"id":2150,"date":"2023-08-13T21:06:30","date_gmt":"2023-08-13T21:06:30","guid":{"rendered":"https:\/\/drtubacelebikayhan.com\/?page_id=2150"},"modified":"2023-08-13T21:06:30","modified_gmt":"2023-08-13T21:06:30","slug":"mezolift","status":"publish","type":"page","link":"https:\/\/drtubacelebikayhan.com\/en\/estetik-kozmetik-uygulamalar\/mezolift\/","title":{"rendered":"MEZOLIFT"},"content":{"rendered":"<section class=\"wpb-content-wrapper\"><div class=\"vc_row wpb_row vc_row-fluid\"><div class=\"wpb_column vc_column_container vc_col-sm-12\"><div class=\"vc_column-inner\"><div class=\"wpb_wrapper\">\n\t<div  class=\"wpb_single_image wpb_content_element vc_align_left\">\n\t\t\n\t\t<figure class=\"wpb_wrapper vc_figure\">\n\t\t\t<div class=\"vc_single_image-wrapper   vc_box_border_grey\"><img decoding=\"async\" width=\"800\" height=\"533\" src=\"https:\/\/drtubacelebikayhan.com\/wp-content\/uploads\/2023\/08\/mezolift.jpeg\" class=\"vc_single_image-img attachment-large\" alt=\"\" title=\"mezolift\" srcset=\"https:\/\/drtubacelebikayhan.com\/wp-content\/uploads\/2023\/08\/mezolift.jpeg 800w, https:\/\/drtubacelebikayhan.com\/wp-content\/uploads\/2023\/08\/mezolift-300x200.jpeg 300w, https:\/\/drtubacelebikayhan.com\/wp-content\/uploads\/2023\/08\/mezolift-768x512.jpeg 768w\" sizes=\"(max-width: 800px) 100vw, 800px\"  data-dt-location=\"https:\/\/drtubacelebikayhan.com\/en\/estetik-kozmetik-uygulamalar\/mezolift\/mezolift\/\" \/><\/div>\n\t\t<\/figure>\n\t<\/div>\n\n\t<div class=\"wpb_text_column wpb_content_element  vc_custom_1691960768904\" >\n\t\t<div class=\"wpb_wrapper\">\n\t\t\t<p><b>WHAT IS MESOLIFTING?<\/b><\/p>\n<p>Mesotherapy can be applied to any area of \u200b\u200bthe face for facial rejuvenation and tightening. If the aim is to tighten the skin, correct sagging, and increase elasticity and resistance, depending on the content of the applied substance, this application is known as mesolift. If the aim is to achieve a brighter, more vibrant and radiant appearance, this method is known as mesoglow. In addition to the face, it can also be applied to the neck, d\u00e9collet\u00e9 and hands for tightening and moisturizing purposes. The skin looks fresher and more rested, elasticity increases, skin sagging decreases, and wrinkles are reduced.<\/p>\n\n\t\t<\/div>\n\t<\/div>\n<\/div><\/div><\/div><\/div>\n<\/section>","protected":false},"excerpt":{"rendered":"<p>MEZOL\u0130FT NED\u0130R? Y\u00fcz gen\u00e7le\u015ftirme ve s\u0131k\u0131la\u015fma amac\u0131yla y\u00fczde her b\u00f6lgeye mezoterapi yap\u0131labilir.\u00a0 Uygulanan maddenin i\u00e7eri\u011fine g\u00f6re cildin toparlanmas\u0131, sarkmalar\u0131n d\u00fczeltilmesi, elastikiyet ve direncin artmas\u0131 hedefleniyorsa bu uygulama mezolift olarak abilinir. Ama\u00e7 daha parlak, daha canl\u0131 ve \u0131\u015f\u0131lt\u0131l\u0131 bir g\u00f6r\u00fcn\u00fcm elde etmekse, bu y\u00f6ntem mezoglow olarak bilinir. Y\u00fcz d\u0131\u015f\u0131nda boyun, dekolte ve ellerde de s\u0131k\u0131la\u015fma, nemlendirme&hellip;<\/p>","protected":false},"author":1,"featured_media":0,"parent":7,"menu_order":100,"comment_status":"closed","ping_status":"closed","template":"","meta":{"_joinchat":[],"footnotes":""},"class_list":["post-2150","page","type-page","status-publish","hentry","description-off"],"_links":{"self":[{"href":"https:\/\/drtubacelebikayhan.com\/en\/wp-json\/wp\/v2\/pages\/2150","targetHints":{"allow":["GET"]}}],"collection":[{"href":"https:\/\/drtubacelebikayhan.com\/en\/wp-json\/wp\/v2\/pages"}],"about":[{"href":"https:\/\/drtubacelebikayhan.com\/en\/wp-json\/wp\/v2\/types\/page"}],"author":[{"embeddable":true,"href":"https:\/\/drtubacelebikayhan.com\/en\/wp-json\/wp\/v2\/users\/1"}],"replies":[{"embeddable":true,"href":"https:\/\/drtubacelebikayhan.com\/en\/wp-json\/wp\/v2\/comments?post=2150"}],"version-history":[{"count":1,"href":"https:\/\/drtubacelebikayhan.com\/en\/wp-json\/wp\/v2\/pages\/2150\/revisions"}],"predecessor-version":[{"id":2152,"href":"https:\/\/drtubacelebikayhan.com\/en\/wp-json\/wp\/v2\/pages\/2150\/revisions\/2152"}],"up":[{"embeddable":true,"href":"https:\/\/drtubacelebikayhan.com\/en\/wp-json\/wp\/v2\/pages\/7"}],"wp:attachment":[{"href":"https:\/\/drtubacelebikayhan.com\/en\/wp-json\/wp\/v2\/media?parent=2150"}],"curies":[{"name":"wp","href":"https:\/\/api.w.org\/{rel}","templated":true}]}}