{"id":2153,"date":"2023-08-13T21:07:36","date_gmt":"2023-08-13T21:07:36","guid":{"rendered":"https:\/\/drtubacelebikayhan.com\/?page_id=2153"},"modified":"2023-08-13T21:07:36","modified_gmt":"2023-08-13T21:07:36","slug":"gozalti-morlugu-mezoterapisi","status":"publish","type":"page","link":"https:\/\/drtubacelebikayhan.com\/en\/estetik-kozmetik-uygulamalar\/gozalti-morlugu-mezoterapisi\/","title":{"rendered":"UNDER EYE BRUSHES MESOTHERAPY"},"content":{"rendered":"<section class=\"wpb-content-wrapper\"><div class=\"vc_row wpb_row vc_row-fluid\"><div class=\"wpb_column vc_column_container vc_col-sm-12\"><div class=\"vc_column-inner\"><div class=\"wpb_wrapper\">\n\t<div  class=\"wpb_single_image wpb_content_element vc_align_left\">\n\t\t\n\t\t<figure class=\"wpb_wrapper vc_figure\">\n\t\t\t<div class=\"vc_single_image-wrapper   vc_box_border_grey\"><img decoding=\"async\" width=\"768\" height=\"387\" src=\"https:\/\/drtubacelebikayhan.com\/wp-content\/uploads\/2023\/08\/GOZALTI-MORLUGU-MEZOTERAPISI.jpeg\" class=\"vc_single_image-img attachment-large\" alt=\"\" title=\"GO\u0308ZALTI MORLUG\u0306U MEZOTERAPI\u0307SI\u0307\" srcset=\"https:\/\/drtubacelebikayhan.com\/wp-content\/uploads\/2023\/08\/GOZALTI-MORLUGU-MEZOTERAPISI.jpeg 768w, https:\/\/drtubacelebikayhan.com\/wp-content\/uploads\/2023\/08\/GOZALTI-MORLUGU-MEZOTERAPISI-300x151.jpeg 300w\" sizes=\"(max-width: 768px) 100vw, 768px\"  data-dt-location=\"https:\/\/drtubacelebikayhan.com\/en\/estetik-kozmetik-uygulamalar\/gozalti-morlugu-mezoterapisi\/gozalti-morlugu-mezoterapisi\/\" \/><\/div>\n\t\t<\/figure>\n\t<\/div>\n\n\t<div class=\"wpb_text_column wpb_content_element  vc_custom_1691960853897\" >\n\t\t<div class=\"wpb_wrapper\">\n\t\t\t<p><b>WHAT IS UNDER-EYE BRUSH MESOTHERAPY?<\/b><b>\u00a0<\/b><\/p>\n<p>The area around our eyes has the thinnest and most sensitive skin on our face. It is also one of the areas where we see the effects of time the fastest. Over time, skin dryness increases, along with loss of elasticity, the eyelids and the area around the eyes become thinner. Muscle tone decreases, small wrinkles and bags around the eyes develop. The cause of dark circles around the eyes may be genetic, but among the factors that cause dilation in the vessels around the eyes are allergic structure, poor circulation, stress, insufficient sleep, excessive fatigue, substance use and aging. Therefore, mesotherapy can be applied to the area around the eyes in order to delay the deformations that will occur in this area early or late in time and to reduce dark circles around the eyes that will develop due to environmental reasons.<\/p>\n<p>Eye area mesotherapy should be special,\u00a0<a href=\"https:\/\/drtubacelebikayhan.com\/en\/estetik-kozmetik-uygulamalar\/mezoterapi-denizli-dermatolog\/\">mezoterapi<\/a>\u00a0mixtures must be suitable for this area.<\/p>\n\n\t\t<\/div>\n\t<\/div>\n<\/div><\/div><\/div><\/div>\n<\/section>","protected":false},"excerpt":{"rendered":"<p>G\u00d6ZALTI MORLU\u011eU MEZOTERAP\u0130S\u0130 NED\u0130R?\u00a0 Y\u00fcz\u00fcm\u00fczde g\u00f6z \u00e7evremiz en ince ve hassas deriye sahiptir. Zaman\u0131n etkilerini de en h\u0131zl\u0131 g\u00f6rd\u00fc\u011f\u00fcm\u00fcz b\u00f6lgelerdendir. Zamanla deri kurulu\u011fu artar, elastikiyet kayb\u0131 ile birlikte,\u00a0 g\u00f6z kapaklar\u0131 ve g\u00f6z \u00e7evresi incelir. Kas tonusu azal\u0131r, k\u00fc\u00e7\u00fck k\u0131r\u0131\u015f\u0131kl\u0131klar ve g\u00f6z \u00e7evresi torbalar\u0131 geli\u015fir. G\u00f6z \u00e7evresinde morluk geli\u015fmesinin nedeni ise genetik olabilece\u011fi gibi g\u00f6z \u00e7evresi&hellip;<\/p>","protected":false},"author":1,"featured_media":0,"parent":7,"menu_order":100,"comment_status":"closed","ping_status":"closed","template":"","meta":{"_joinchat":[],"footnotes":""},"class_list":["post-2153","page","type-page","status-publish","hentry","description-off"],"_links":{"self":[{"href":"https:\/\/drtubacelebikayhan.com\/en\/wp-json\/wp\/v2\/pages\/2153","targetHints":{"allow":["GET"]}}],"collection":[{"href":"https:\/\/drtubacelebikayhan.com\/en\/wp-json\/wp\/v2\/pages"}],"about":[{"href":"https:\/\/drtubacelebikayhan.com\/en\/wp-json\/wp\/v2\/types\/page"}],"author":[{"embeddable":true,"href":"https:\/\/drtubacelebikayhan.com\/en\/wp-json\/wp\/v2\/users\/1"}],"replies":[{"embeddable":true,"href":"https:\/\/drtubacelebikayhan.com\/en\/wp-json\/wp\/v2\/comments?post=2153"}],"version-history":[{"count":1,"href":"https:\/\/drtubacelebikayhan.com\/en\/wp-json\/wp\/v2\/pages\/2153\/revisions"}],"predecessor-version":[{"id":2155,"href":"https:\/\/drtubacelebikayhan.com\/en\/wp-json\/wp\/v2\/pages\/2153\/revisions\/2155"}],"up":[{"embeddable":true,"href":"https:\/\/drtubacelebikayhan.com\/en\/wp-json\/wp\/v2\/pages\/7"}],"wp:attachment":[{"href":"https:\/\/drtubacelebikayhan.com\/en\/wp-json\/wp\/v2\/media?parent=2153"}],"curies":[{"name":"wp","href":"https:\/\/api.w.org\/{rel}","templated":true}]}}