{"id":2156,"date":"2023-08-13T21:08:33","date_gmt":"2023-08-13T21:08:33","guid":{"rendered":"https:\/\/drtubacelebikayhan.com\/?page_id=2156"},"modified":"2025-05-08T13:51:40","modified_gmt":"2025-05-08T13:51:40","slug":"gidi-mezoterapisi","status":"publish","type":"page","link":"https:\/\/drtubacelebikayhan.com\/en\/estetik-kozmetik-uygulamalar\/gidi-mezoterapisi\/","title":{"rendered":"JOW MESOTHERAPY"},"content":{"rendered":"<section class=\"wpb-content-wrapper\"><div class=\"vc_row wpb_row vc_row-fluid\"><div class=\"wpb_column vc_column_container vc_col-sm-12\"><div class=\"vc_column-inner\"><div class=\"wpb_wrapper\">\n\t<div  class=\"wpb_single_image wpb_content_element vc_align_left\">\n\t\t\n\t\t<figure class=\"wpb_wrapper vc_figure\">\n\t\t\t<div class=\"vc_single_image-wrapper   vc_box_border_grey\"><img decoding=\"async\" width=\"800\" height=\"403\" src=\"https:\/\/drtubacelebikayhan.com\/wp-content\/uploads\/2023\/08\/GIDI-MEZOTERAPISI.jpeg\" class=\"vc_single_image-img attachment-large\" alt=\"\" title=\"GIDI MEZOTERAPI\u0307SI\u0307\" srcset=\"https:\/\/drtubacelebikayhan.com\/wp-content\/uploads\/2023\/08\/GIDI-MEZOTERAPISI.jpeg 800w, https:\/\/drtubacelebikayhan.com\/wp-content\/uploads\/2023\/08\/GIDI-MEZOTERAPISI-300x151.jpeg 300w, https:\/\/drtubacelebikayhan.com\/wp-content\/uploads\/2023\/08\/GIDI-MEZOTERAPISI-768x387.jpeg 768w\" sizes=\"(max-width: 800px) 100vw, 800px\"  data-dt-location=\"https:\/\/drtubacelebikayhan.com\/en\/estetik-kozmetik-uygulamalar\/gidi-mezoterapisi\/gidi-mezoterapisi\/\" \/><\/div>\n\t\t<\/figure>\n\t<\/div>\n\n\t<div class=\"wpb_text_column wpb_content_element  vc_custom_1746712295115\" >\n\t\t<div class=\"wpb_wrapper\">\n\t\t\t<p><b>WHAT IS JOW MESOTHERAPY?\u00a0<\/b><\/p>\n<p><b><\/b>Fat, sagging and increased volume in the chin area cause the person to look fat and old. These problems become more apparent as weight is gained, but fat in the chin area is not only seen in overweight people.<\/p>\n<p>Double chin melting mesotherapy is an ideal method to solve this problem. The fat tissue located in the double chin area is used for this purpose.\u00a0<a href=\"https:\/\/drtubacelebikayhan.com\/en\/estetik-kozmetik-uygulamalar\/mezoterapi-denizli-dermatolog\/\">mezoterapi<\/a>\u00a0It is dissolved by injecting the solution under the skin. The size of the chin area becomes smaller and the neck looks thinner.<\/p>\n\n\t\t<\/div>\n\t<\/div>\n<\/div><\/div><\/div><\/div>\n<\/section>","protected":false},"excerpt":{"rendered":"<p>GIDI MEZOTERAP\u0130S\u0130 NED\u0130R?\u00a0 G\u0131d\u0131 b\u00f6lgesinin ya\u011flanmas\u0131, sarkmas\u0131 ve hacminin artmas\u0131 ki\u015finin \u015fi\u015fman ve ya\u015fl\u0131 g\u00f6r\u00fcnmesine neden olur. Bu sorunlar kilo ald\u0131k\u00e7a daha belirgin hale gelir, ancak g\u0131d\u0131 b\u00f6lgesindeki ya\u011flanma sadece kilolu insanlarda g\u00f6r\u00fclmez. G\u0131d\u0131 eritme mezoterapisi bu sorunun \u00e7\u00f6z\u00fcm\u00fc i\u00e7in ideal bir y\u00f6ntemdir. G\u0131d\u0131 b\u00f6lgesinde yerle\u015fmi\u015f olan ya\u011f dokusu, bu ama\u00e7la kullan\u0131lacak olan\u00a0mezoterapi\u00a0sol\u00fcsyonunun cilt alt\u0131na&hellip;<\/p>","protected":false},"author":1,"featured_media":0,"parent":7,"menu_order":100,"comment_status":"closed","ping_status":"closed","template":"","meta":{"_joinchat":[],"footnotes":""},"class_list":["post-2156","page","type-page","status-publish","hentry","description-off"],"_links":{"self":[{"href":"https:\/\/drtubacelebikayhan.com\/en\/wp-json\/wp\/v2\/pages\/2156","targetHints":{"allow":["GET"]}}],"collection":[{"href":"https:\/\/drtubacelebikayhan.com\/en\/wp-json\/wp\/v2\/pages"}],"about":[{"href":"https:\/\/drtubacelebikayhan.com\/en\/wp-json\/wp\/v2\/types\/page"}],"author":[{"embeddable":true,"href":"https:\/\/drtubacelebikayhan.com\/en\/wp-json\/wp\/v2\/users\/1"}],"replies":[{"embeddable":true,"href":"https:\/\/drtubacelebikayhan.com\/en\/wp-json\/wp\/v2\/comments?post=2156"}],"version-history":[{"count":3,"href":"https:\/\/drtubacelebikayhan.com\/en\/wp-json\/wp\/v2\/pages\/2156\/revisions"}],"predecessor-version":[{"id":2429,"href":"https:\/\/drtubacelebikayhan.com\/en\/wp-json\/wp\/v2\/pages\/2156\/revisions\/2429"}],"up":[{"embeddable":true,"href":"https:\/\/drtubacelebikayhan.com\/en\/wp-json\/wp\/v2\/pages\/7"}],"wp:attachment":[{"href":"https:\/\/drtubacelebikayhan.com\/en\/wp-json\/wp\/v2\/media?parent=2156"}],"curies":[{"name":"wp","href":"https:\/\/api.w.org\/{rel}","templated":true}]}}