{"id":2159,"date":"2023-08-13T21:09:36","date_gmt":"2023-08-13T21:09:36","guid":{"rendered":"https:\/\/drtubacelebikayhan.com\/?page_id=2159"},"modified":"2025-05-08T13:52:35","modified_gmt":"2025-05-08T13:52:35","slug":"sac-mezoterapisi","status":"publish","type":"page","link":"https:\/\/drtubacelebikayhan.com\/en\/estetik-kozmetik-uygulamalar\/sac-mezoterapisi\/","title":{"rendered":"HAIR MESOTHERAPY"},"content":{"rendered":"<section class=\"wpb-content-wrapper\"><div class=\"vc_row wpb_row vc_row-fluid\"><div class=\"wpb_column vc_column_container vc_col-sm-12\"><div class=\"vc_column-inner\"><div class=\"wpb_wrapper\">\n\t<div  class=\"wpb_single_image wpb_content_element vc_align_left\">\n\t\t\n\t\t<figure class=\"wpb_wrapper vc_figure\">\n\t\t\t<div class=\"vc_single_image-wrapper   vc_box_border_grey\"><img decoding=\"async\" width=\"800\" height=\"502\" src=\"https:\/\/drtubacelebikayhan.com\/wp-content\/uploads\/2023\/08\/SAC-MEZOTERAPISI.jpeg\" class=\"vc_single_image-img attachment-large\" alt=\"\" title=\"SAC\u0327 MEZOTERAPI\u0307SI\u0307\" srcset=\"https:\/\/drtubacelebikayhan.com\/wp-content\/uploads\/2023\/08\/SAC-MEZOTERAPISI.jpeg 800w, https:\/\/drtubacelebikayhan.com\/wp-content\/uploads\/2023\/08\/SAC-MEZOTERAPISI-300x188.jpeg 300w, https:\/\/drtubacelebikayhan.com\/wp-content\/uploads\/2023\/08\/SAC-MEZOTERAPISI-768x482.jpeg 768w\" sizes=\"(max-width: 800px) 100vw, 800px\"  data-dt-location=\"https:\/\/drtubacelebikayhan.com\/en\/estetik-kozmetik-uygulamalar\/sac-mezoterapisi\/sac-mezoterapisi\/\" \/><\/div>\n\t\t<\/figure>\n\t<\/div>\n\n\t<div class=\"wpb_text_column wpb_content_element  vc_custom_1746712350780\" >\n\t\t<div class=\"wpb_wrapper\">\n\t\t\t<p><b>WHAT IS HAIR MESOTHERAPY?<\/b><\/p>\n<p>Hair mesotherapy is the injection of vitamins, minerals, proteins and enzymes needed by hair roots and hair strands into the scalp with thin needles. By administering substances beneficial to the hair directly into the skin, cellular metabolism is stimulated and tissues are revitalized.<\/p>\n<p>In this way, hair loss can be prevented, the quality of the hair increases and new hair growth is regulated.<\/p>\n<p><b>For which types of hair loss is hair mesotherapy effective?<\/b><\/p>\n<ul>\n<li aria-level=\"1\">Alopecia Areata (ringworm)<\/li>\n<li aria-level=\"1\">Androgenetic (male pattern) hair loss<\/li>\n<li aria-level=\"1\">Stress-related hair loss<\/li>\n<li aria-level=\"1\">Seasonal hair loss<\/li>\n<li aria-level=\"1\">Metabolic hair loss<\/li>\n<li aria-level=\"1\">Postpartum hair loss<\/li>\n<\/ul>\n<p><b>How many sessions of hair mesotherapy are applied?<\/b><\/p>\n<p>4-8 sessions are applied, once a week or once every two weeks. Treatment planning should be made completely according to the person's needs. Maintenance (continuation) treatment can be done according to the need. In some cases, combinations with PRP treatment are made.<\/p>\n<p><b>Are there any side effects of hair mesotherapy?<\/b><\/p>\n<p>Since the missing structures in mesotherapy are transferred directly to the hair root in small doses, no side effects are observed in the long term.<\/p>\n<p><b>What should be taken into consideration after treatment?<\/b><\/p>\n<p>It is recommended that the person does not wash their hair, wet it or apply any medication for a short period of time after having mesotherapy.<\/p>\n\n\t\t<\/div>\n\t<\/div>\n<\/div><\/div><\/div><\/div>\n<\/section>","protected":false},"excerpt":{"rendered":"<p>SA\u00c7 MEZOTERAP\u0130S\u0130 NED\u0130R? Sa\u00e7 mezoterapisi, k\u0131l k\u00f6klerinin ve sa\u00e7 tellerinin ihtiya\u00e7 duydu\u011fu vitaminlerin, minerallerin, proteinlerin ve enzimlerin sa\u00e7l\u0131 deri i\u00e7ine ince i\u011fnelerle enjekte edilmesidir. Sa\u00e7lara faydal\u0131 olan maddelerin direkt olarak derinin i\u00e7ine verilmesi ile h\u00fccresel metabolizma uyar\u0131l\u0131r ve dokular canland\u0131r\u0131l\u0131r. Bu \u015fekilde sa\u00e7 d\u00f6k\u00fclmelerinin\u00a0 \u00f6n\u00fcne ge\u00e7ilebilece\u011fi gibi sa\u00e7lar\u0131n kalitesini artar ve yeni sa\u00e7 \u00e7\u0131k\u0131\u015f\u0131 d\u00fczenlenir.&hellip;<\/p>","protected":false},"author":1,"featured_media":0,"parent":7,"menu_order":100,"comment_status":"closed","ping_status":"closed","template":"","meta":{"_joinchat":[],"footnotes":""},"class_list":["post-2159","page","type-page","status-publish","hentry","description-off"],"_links":{"self":[{"href":"https:\/\/drtubacelebikayhan.com\/en\/wp-json\/wp\/v2\/pages\/2159","targetHints":{"allow":["GET"]}}],"collection":[{"href":"https:\/\/drtubacelebikayhan.com\/en\/wp-json\/wp\/v2\/pages"}],"about":[{"href":"https:\/\/drtubacelebikayhan.com\/en\/wp-json\/wp\/v2\/types\/page"}],"author":[{"embeddable":true,"href":"https:\/\/drtubacelebikayhan.com\/en\/wp-json\/wp\/v2\/users\/1"}],"replies":[{"embeddable":true,"href":"https:\/\/drtubacelebikayhan.com\/en\/wp-json\/wp\/v2\/comments?post=2159"}],"version-history":[{"count":2,"href":"https:\/\/drtubacelebikayhan.com\/en\/wp-json\/wp\/v2\/pages\/2159\/revisions"}],"predecessor-version":[{"id":2430,"href":"https:\/\/drtubacelebikayhan.com\/en\/wp-json\/wp\/v2\/pages\/2159\/revisions\/2430"}],"up":[{"embeddable":true,"href":"https:\/\/drtubacelebikayhan.com\/en\/wp-json\/wp\/v2\/pages\/7"}],"wp:attachment":[{"href":"https:\/\/drtubacelebikayhan.com\/en\/wp-json\/wp\/v2\/media?parent=2159"}],"curies":[{"name":"wp","href":"https:\/\/api.w.org\/{rel}","templated":true}]}}