{"id":2162,"date":"2023-08-13T21:10:59","date_gmt":"2023-08-13T21:10:59","guid":{"rendered":"https:\/\/drtubacelebikayhan.com\/?page_id=2162"},"modified":"2025-05-08T13:53:29","modified_gmt":"2025-05-08T13:53:29","slug":"selulit-mezoterapisi","status":"publish","type":"page","link":"https:\/\/drtubacelebikayhan.com\/en\/estetik-kozmetik-uygulamalar\/selulit-mezoterapisi\/","title":{"rendered":"CELLULITE MESOTHERAPY"},"content":{"rendered":"<section class=\"wpb-content-wrapper\"><div class=\"vc_row wpb_row vc_row-fluid\"><div class=\"wpb_column vc_column_container vc_col-sm-12\"><div class=\"vc_column-inner\"><div class=\"wpb_wrapper\">\n\t<div  class=\"wpb_single_image wpb_content_element vc_align_left\">\n\t\t\n\t\t<figure class=\"wpb_wrapper vc_figure\">\n\t\t\t<div class=\"vc_single_image-wrapper   vc_box_border_grey\"><img decoding=\"async\" width=\"800\" height=\"578\" src=\"https:\/\/drtubacelebikayhan.com\/wp-content\/uploads\/2023\/08\/SELULIT-MEZOTERAPISI.jpeg\" class=\"vc_single_image-img attachment-large\" alt=\"\" title=\"SELU\u0308LI\u0307T MEZOTERAPI\u0307SI\u0307\" srcset=\"https:\/\/drtubacelebikayhan.com\/wp-content\/uploads\/2023\/08\/SELULIT-MEZOTERAPISI.jpeg 800w, https:\/\/drtubacelebikayhan.com\/wp-content\/uploads\/2023\/08\/SELULIT-MEZOTERAPISI-300x217.jpeg 300w, https:\/\/drtubacelebikayhan.com\/wp-content\/uploads\/2023\/08\/SELULIT-MEZOTERAPISI-768x555.jpeg 768w\" sizes=\"(max-width: 800px) 100vw, 800px\"  data-dt-location=\"https:\/\/drtubacelebikayhan.com\/en\/estetik-kozmetik-uygulamalar\/selulit-mezoterapisi\/selulit-mezoterapisi\/\" \/><\/div>\n\t\t<\/figure>\n\t<\/div>\n\n\t<div class=\"wpb_text_column wpb_content_element  vc_custom_1746712404563\" >\n\t\t<div class=\"wpb_wrapper\">\n\t\t\t<p><b>WHAT IS CELLULITE MESOTHERAPY?\u00a0<\/b><\/p>\n<p>Cellulite is the formation of an orange peel appearance on the skin as a result of deterioration in subcutaneous fat and connective tissue due to various reasons. In addition to genetic and hormonal factors, a diet rich in fat and carbohydrates, a sedentary lifestyle, smoking and alcohol use are also thought to be effective in the development of cellulite.<\/p>\n<p>Cellulite mesotherapy is the direct injection of cocktails that accelerate and regulate blood circulation in the problematic area, transmit signals for the breakdown of fats, and regulate the organization of connective tissue into the cellulite area. These substances prevent edema formation in the tissue by improving microcirculation in the cellulite area, break down fats and reduce the size of fat nodules. It provides improvement in the appearance of cellulite by restructuring the damaged connective tissue.<\/p>\n<p><b>How many sessions of cellulite mesotherapy should be required?<\/b><\/p>\n<p>In cellulite mesotherapy, the number of sessions is determined according to the stage of cellulite and the structural characteristics of the person to be treated. A course of 8-10 sessions per week is generally sufficient. However, since cellulite is a long-term condition, it can be repeated at certain intervals along with a balanced diet, regular exercise, and quitting harmful habits.<\/p>\n<p><b>What are the side effects after cellulite mesotherapy?<\/b><\/p>\n<p>After the session, the person can return to normal life. Any redness and bruising that may occur after the procedure is temporary.<\/p>\n<p><b>Who cannot undergo cellulite mesoretherapy?<\/b><\/p>\n<p>Mesotherapy is not applied to pregnant women and people who are known to be allergic to the substances it contains.<\/p>\n\n\t\t<\/div>\n\t<\/div>\n<\/div><\/div><\/div><\/div>\n<\/section>","protected":false},"excerpt":{"rendered":"<p>SEL\u00dcL\u0130T MEZOTERAP\u0130S\u0130 NED\u0130R?\u00a0 Sel\u00fclit \u00e7e\u015fitli nedenlerle deri alt\u0131 ya\u011f ve ba\u011f dokusundaki bozulmalar sonucunda deri \u00fczerinde girintili \u00e7\u0131k\u0131nt\u0131l\u0131 portakal kabu\u011fu g\u00f6r\u00fcnt\u00fcs\u00fcn\u00fcn olu\u015fmas\u0131d\u0131r. Sel\u00fclitin geli\u015fiminde genetik ve hormonal fakt\u00f6rlerin yan\u0131 s\u0131ra ya\u011fdan ve karbonhidrattan zengin beslenme, hareketsiz ya\u015fam, sigara ve alkol lullan\u0131m\u0131n\u0131n da etkili oldu\u011fu d\u00fc\u015f\u00fcn\u00fclmektedir. Sel\u00fclit mezoterapisi, sorunlu alanda kan dola\u015f\u0131m\u0131n\u0131 h\u0131zland\u0131ran, d\u00fczenleyen, ya\u011flar\u0131n par\u00e7alanmas\u0131n\u0131n&hellip;<\/p>","protected":false},"author":1,"featured_media":0,"parent":7,"menu_order":100,"comment_status":"closed","ping_status":"closed","template":"","meta":{"_joinchat":[],"footnotes":""},"class_list":["post-2162","page","type-page","status-publish","hentry","description-off"],"_links":{"self":[{"href":"https:\/\/drtubacelebikayhan.com\/en\/wp-json\/wp\/v2\/pages\/2162","targetHints":{"allow":["GET"]}}],"collection":[{"href":"https:\/\/drtubacelebikayhan.com\/en\/wp-json\/wp\/v2\/pages"}],"about":[{"href":"https:\/\/drtubacelebikayhan.com\/en\/wp-json\/wp\/v2\/types\/page"}],"author":[{"embeddable":true,"href":"https:\/\/drtubacelebikayhan.com\/en\/wp-json\/wp\/v2\/users\/1"}],"replies":[{"embeddable":true,"href":"https:\/\/drtubacelebikayhan.com\/en\/wp-json\/wp\/v2\/comments?post=2162"}],"version-history":[{"count":2,"href":"https:\/\/drtubacelebikayhan.com\/en\/wp-json\/wp\/v2\/pages\/2162\/revisions"}],"predecessor-version":[{"id":2431,"href":"https:\/\/drtubacelebikayhan.com\/en\/wp-json\/wp\/v2\/pages\/2162\/revisions\/2431"}],"up":[{"embeddable":true,"href":"https:\/\/drtubacelebikayhan.com\/en\/wp-json\/wp\/v2\/pages\/7"}],"wp:attachment":[{"href":"https:\/\/drtubacelebikayhan.com\/en\/wp-json\/wp\/v2\/media?parent=2162"}],"curies":[{"name":"wp","href":"https:\/\/api.w.org\/{rel}","templated":true}]}}