{"id":2166,"date":"2023-08-13T21:12:27","date_gmt":"2023-08-13T21:12:27","guid":{"rendered":"https:\/\/drtubacelebikayhan.com\/?page_id=2166"},"modified":"2023-08-13T21:12:27","modified_gmt":"2023-08-13T21:12:27","slug":"genclik-asisi","status":"publish","type":"page","link":"https:\/\/drtubacelebikayhan.com\/en\/estetik-kozmetik-uygulamalar\/genclik-asisi\/","title":{"rendered":"YOUTH VACCINE"},"content":{"rendered":"<section class=\"wpb-content-wrapper\"><div class=\"vc_row wpb_row vc_row-fluid\"><div class=\"wpb_column vc_column_container vc_col-sm-12\"><div class=\"vc_column-inner\"><div class=\"wpb_wrapper\">\n\t<div  class=\"wpb_single_image wpb_content_element vc_align_left\">\n\t\t\n\t\t<figure class=\"wpb_wrapper vc_figure\">\n\t\t\t<div class=\"vc_single_image-wrapper   vc_box_border_grey\"><img decoding=\"async\" width=\"800\" height=\"533\" src=\"https:\/\/drtubacelebikayhan.com\/wp-content\/uploads\/2023\/08\/GENCLIK-ASISI.jpeg\" class=\"vc_single_image-img attachment-large\" alt=\"\" title=\"GENC\u0327LI\u0307K AS\u0327ISI\" srcset=\"https:\/\/drtubacelebikayhan.com\/wp-content\/uploads\/2023\/08\/GENCLIK-ASISI.jpeg 800w, https:\/\/drtubacelebikayhan.com\/wp-content\/uploads\/2023\/08\/GENCLIK-ASISI-300x200.jpeg 300w, https:\/\/drtubacelebikayhan.com\/wp-content\/uploads\/2023\/08\/GENCLIK-ASISI-768x512.jpeg 768w\" sizes=\"(max-width: 800px) 100vw, 800px\"  data-dt-location=\"https:\/\/drtubacelebikayhan.com\/en\/estetik-kozmetik-uygulamalar\/genclik-asisi\/genclik-asisi\/\" \/><\/div>\n\t\t<\/figure>\n\t<\/div>\n\n\t<div class=\"wpb_text_column wpb_content_element  vc_custom_1691961143330\" >\n\t\t<div class=\"wpb_wrapper\">\n\t\t\t<p><b>What is a youth vaccine?<\/b><\/p>\n<p>Youth vaccine (youth serum) is one of the most frequently used skin renewal procedures in recent years. Its main ingredient is Hyanuloric Acid.<b>\u00a0<\/b>It is a substance called. Hyaluronic acid is naturally found in our skin. It is a basic building block that provides moisture and shine to the skin and also plays a role in delaying the effects of aging by taking part in collagen synthesis. Youth vaccines can contain pure hyaluronic acid, as well as some minerals, peptides, vitamins and antioxidants.<\/p>\n<p><b>What are the types of youth vaccinations?<\/b><\/p>\n<p>There are many youth vaccines on the market. The difference between them is determined by the amount and rate of hyaluronic acid they contain, the combination of other ingredients such as vitamins, minerals, peptides, the quality and reliability of the product, and whether it has the necessary approvals.<\/p>\n<p><b>What is the use of youth vaccination?<\/b><\/p>\n<ul>\n<li aria-level=\"1\">Reduces fine wrinkles and sagging<\/li>\n<li aria-level=\"1\">Provides skin tightening<\/li>\n<li aria-level=\"1\">Regulates dullness and tone differences<\/li>\n<li aria-level=\"1\">It eliminates dryness and makes the skin tighter and brighter.<\/li>\n<li aria-level=\"1\">Reduces free radicals that damage the skin<\/li>\n<li aria-level=\"1\">Reduces skin blemishes<\/li>\n<li aria-level=\"1\">It is useful in the treatment of acne scars and other scars.<\/li>\n<\/ul>\n<p><b>How is youth vaccination administered?<\/b><\/p>\n<p>A local anesthetic cream is applied to the area where the youth vaccine will be applied. After waiting for approximately 20-30 minutes, it is cleaned with an antiseptic solution and the youth vaccine is injected using small needles, approximately 1-1.5 cm apart. The application takes approximately 15-20 minutes.<\/p>\n<p><b>How many sessions of youth vaccination are applied?<\/b><\/p>\n<p>We generally recommend youth vaccination treatments as a total of 3-4 sessions at 2-week intervals.<\/p>\n<p><b>When does the effect of the youth vaccine begin?<\/b><\/p>\n<p>The effect of the youth vaccine usually begins 2-4 weeks after administration.<\/p>\n<p><b>Where is youth vaccination applied?<\/b><\/p>\n<p>Youth vaccine can be applied most frequently to the face, around the eyes, neck, d\u00e9collet\u00e9 and back of the hands in order to improve skin quality, renew the skin and reduce and delay the effects of aging.<\/p>\n<p><b>At what age is the youth vaccine administered?<\/b><\/p>\n<p>It can be applied to people of all ages, including women and men, whose skin needs moisture and who want to take precautions before wrinkles start.<\/p>\n<p><b>What are the side effects of youth vaccination?<\/b><\/p>\n<p>After the application, minor redness and swelling that subsides within a few hours and temporary bruising that can last for a few days may occur.<\/p>\n<p><b>What should be taken into consideration after the youth vaccination?<\/b><\/p>\n<p>The skin should be kept clean, a sunscreen should be used and plenty of water should be drunk.<\/p>\n<p><b>Who cannot receive youth vaccination?<\/b><\/p>\n<p>Youth vaccination should not be administered to pregnant or breastfeeding women or to those with active serious illnesses.<\/p>\n\n\t\t<\/div>\n\t<\/div>\n<\/div><\/div><\/div><\/div>\n<\/section>","protected":false},"excerpt":{"rendered":"<p>Gen\u00e7lik a\u015f\u0131s\u0131 nedir? Gen\u00e7lik a\u015f\u0131s\u0131 (gen\u00e7lik serumu) son y\u0131llarda en s\u0131k kulland\u0131\u011f\u0131m\u0131z cilt yenileyici i\u015flemlerden biridir. Temel i\u00e7eri\u011fi\u00a0Hyan\u00fclorik\u00a0Asit\u00a0isimli maddedir. Hyal\u00fcronik asit cildimizde do\u011fal olarak bulunur. Cildin nemini ve parlakl\u0131\u011f\u0131n\u0131 sa\u011flayan, ayr\u0131ca kollajen sentezinde g\u00f6rev alarak ya\u015flanma etkilerinin gecikmesinde rol oynayan temel bir yap\u0131 ta\u015f\u0131d\u0131r. Gen\u00e7lik a\u015f\u0131lar\u0131 saf hyal\u00fcronik asit i\u00e7erebildikleri gibi, birtak\u0131m mineral, peptid, vitamin&hellip;<\/p>","protected":false},"author":1,"featured_media":0,"parent":7,"menu_order":100,"comment_status":"closed","ping_status":"closed","template":"","meta":{"_joinchat":[],"footnotes":""},"class_list":["post-2166","page","type-page","status-publish","hentry","description-off"],"_links":{"self":[{"href":"https:\/\/drtubacelebikayhan.com\/en\/wp-json\/wp\/v2\/pages\/2166","targetHints":{"allow":["GET"]}}],"collection":[{"href":"https:\/\/drtubacelebikayhan.com\/en\/wp-json\/wp\/v2\/pages"}],"about":[{"href":"https:\/\/drtubacelebikayhan.com\/en\/wp-json\/wp\/v2\/types\/page"}],"author":[{"embeddable":true,"href":"https:\/\/drtubacelebikayhan.com\/en\/wp-json\/wp\/v2\/users\/1"}],"replies":[{"embeddable":true,"href":"https:\/\/drtubacelebikayhan.com\/en\/wp-json\/wp\/v2\/comments?post=2166"}],"version-history":[{"count":1,"href":"https:\/\/drtubacelebikayhan.com\/en\/wp-json\/wp\/v2\/pages\/2166\/revisions"}],"predecessor-version":[{"id":2168,"href":"https:\/\/drtubacelebikayhan.com\/en\/wp-json\/wp\/v2\/pages\/2166\/revisions\/2168"}],"up":[{"embeddable":true,"href":"https:\/\/drtubacelebikayhan.com\/en\/wp-json\/wp\/v2\/pages\/7"}],"wp:attachment":[{"href":"https:\/\/drtubacelebikayhan.com\/en\/wp-json\/wp\/v2\/media?parent=2166"}],"curies":[{"name":"wp","href":"https:\/\/api.w.org\/{rel}","templated":true}]}}