{"id":2170,"date":"2023-08-13T21:13:43","date_gmt":"2023-08-13T21:13:43","guid":{"rendered":"https:\/\/drtubacelebikayhan.com\/?page_id=2170"},"modified":"2023-08-13T21:13:43","modified_gmt":"2023-08-13T21:13:43","slug":"kollajen-asisi","status":"publish","type":"page","link":"https:\/\/drtubacelebikayhan.com\/en\/estetik-kozmetik-uygulamalar\/kollajen-asisi\/","title":{"rendered":"COLLAGEN VACCINE"},"content":{"rendered":"<section class=\"wpb-content-wrapper\"><div class=\"vc_row wpb_row vc_row-fluid\"><div class=\"wpb_column vc_column_container vc_col-sm-12\"><div class=\"vc_column-inner\"><div class=\"wpb_wrapper\">\n\t<div  class=\"wpb_single_image wpb_content_element vc_align_left\">\n\t\t\n\t\t<figure class=\"wpb_wrapper vc_figure\">\n\t\t\t<div class=\"vc_single_image-wrapper   vc_box_border_grey\"><img decoding=\"async\" width=\"800\" height=\"512\" src=\"https:\/\/drtubacelebikayhan.com\/wp-content\/uploads\/2023\/08\/KOLLAJEN-ASISI.jpeg\" class=\"vc_single_image-img attachment-large\" alt=\"\" title=\"KOLLAJEN AS\u0327ISI\" srcset=\"https:\/\/drtubacelebikayhan.com\/wp-content\/uploads\/2023\/08\/KOLLAJEN-ASISI.jpeg 800w, https:\/\/drtubacelebikayhan.com\/wp-content\/uploads\/2023\/08\/KOLLAJEN-ASISI-300x192.jpeg 300w, https:\/\/drtubacelebikayhan.com\/wp-content\/uploads\/2023\/08\/KOLLAJEN-ASISI-768x492.jpeg 768w\" sizes=\"(max-width: 800px) 100vw, 800px\"  data-dt-location=\"https:\/\/drtubacelebikayhan.com\/en\/estetik-kozmetik-uygulamalar\/kollajen-asisi\/kollajen-asisi\/\" \/><\/div>\n\t\t<\/figure>\n\t<\/div>\n\n\t<div class=\"wpb_text_column wpb_content_element  vc_custom_1691961220380\" >\n\t\t<div class=\"wpb_wrapper\">\n\t\t\t<p>Collagen is a protein that occurs naturally in a number of structures in the human body, including the dermis and the lower layers of human skin. The function of collagen in the skin and other organs in which it is found is to provide support as well as binding to other body tissues and structures. Collagen is an element that provides firmness and elasticity to the skin.<\/p>\n<p><b>What is a collagen vaccine?<\/b><\/p>\n<p>As the years pass, the collagen framework that supports the skin begins to break down. This deterioration and loss results in skin aging. Collagen injections are applied to the lower layer of the skin to soften the skin, reduce the visibility of lines and improve skin tone, giving the skin a fuller and healthier appearance. It repairs the skin by triggering the production of fibroblasts, which increase collagen production.<\/p>\n<p><b>What can collagen vaccine be used for?<\/b><\/p>\n<ul>\n<li aria-level=\"1\">Increasing skin elasticity,<\/li>\n<li aria-level=\"1\">Reducing signs of skin aging and wrinkles,<\/li>\n<li aria-level=\"1\">In acne and scars<\/li>\n<li aria-level=\"1\">Correction of loss of elasticity in the face, neck, d\u00e9collet\u00e9 and breasts,<\/li>\n<li aria-level=\"1\">In body tightening<\/li>\n<\/ul>\n<p><b>Who cannot receive collagen treatment?<\/b><\/p>\n<ul>\n<li aria-level=\"1\">In pregnant and breastfeeding mothers<\/li>\n<li aria-level=\"1\">In diabetic patients<\/li>\n<li aria-level=\"1\">In cancer patients<\/li>\n<li aria-level=\"1\">It is not recommended for those with autoimmune diseases.<\/li>\n<\/ul>\n<p><b>How many sessions of collagen injection are performed?<\/b><\/p>\n<p>3-4 sessions can be applied at 2-week intervals.<\/p>\n\n\t\t<\/div>\n\t<\/div>\n<\/div><\/div><\/div><\/div>\n<\/section>","protected":false},"excerpt":{"rendered":"<p>Kollajen, insan v\u00fccudundaki dermis ve insan cildinin alt seviyesi dahil olmak \u00fczere, insan v\u00fccudunda bir dizi yap\u0131da do\u011fal olarak olu\u015fan bir proteindir.\u00a0 Kollajenin ciltte ve i\u00e7inde bulundu\u011fu di\u011fer organlarda i\u015flevi, di\u011fer v\u00fccut dokular\u0131na ve yap\u0131lar\u0131na ba\u011flanman\u0131n yan\u0131 s\u0131ra destek sa\u011flamakt\u0131r. Kollajen, cilde s\u0131k\u0131l\u0131k ve esneklik sa\u011flayan bir elementtir. Kollajen a\u015f\u0131s\u0131 nedir? Y\u0131llar ge\u00e7tik\u00e7e, cildi destekleyen&hellip;<\/p>","protected":false},"author":1,"featured_media":0,"parent":7,"menu_order":100,"comment_status":"closed","ping_status":"closed","template":"","meta":{"_joinchat":[],"footnotes":""},"class_list":["post-2170","page","type-page","status-publish","hentry","description-off"],"_links":{"self":[{"href":"https:\/\/drtubacelebikayhan.com\/en\/wp-json\/wp\/v2\/pages\/2170","targetHints":{"allow":["GET"]}}],"collection":[{"href":"https:\/\/drtubacelebikayhan.com\/en\/wp-json\/wp\/v2\/pages"}],"about":[{"href":"https:\/\/drtubacelebikayhan.com\/en\/wp-json\/wp\/v2\/types\/page"}],"author":[{"embeddable":true,"href":"https:\/\/drtubacelebikayhan.com\/en\/wp-json\/wp\/v2\/users\/1"}],"replies":[{"embeddable":true,"href":"https:\/\/drtubacelebikayhan.com\/en\/wp-json\/wp\/v2\/comments?post=2170"}],"version-history":[{"count":1,"href":"https:\/\/drtubacelebikayhan.com\/en\/wp-json\/wp\/v2\/pages\/2170\/revisions"}],"predecessor-version":[{"id":2172,"href":"https:\/\/drtubacelebikayhan.com\/en\/wp-json\/wp\/v2\/pages\/2170\/revisions\/2172"}],"up":[{"embeddable":true,"href":"https:\/\/drtubacelebikayhan.com\/en\/wp-json\/wp\/v2\/pages\/7"}],"wp:attachment":[{"href":"https:\/\/drtubacelebikayhan.com\/en\/wp-json\/wp\/v2\/media?parent=2170"}],"curies":[{"name":"wp","href":"https:\/\/api.w.org\/{rel}","templated":true}]}}