{"id":2173,"date":"2023-08-13T21:14:48","date_gmt":"2023-08-13T21:14:48","guid":{"rendered":"https:\/\/drtubacelebikayhan.com\/?page_id=2173"},"modified":"2023-08-13T21:14:59","modified_gmt":"2023-08-13T21:14:59","slug":"paris-isiltisi","status":"publish","type":"page","link":"https:\/\/drtubacelebikayhan.com\/en\/estetik-kozmetik-uygulamalar\/paris-isiltisi\/","title":{"rendered":"PARIS SHINE"},"content":{"rendered":"<section class=\"wpb-content-wrapper\"><div class=\"vc_row wpb_row vc_row-fluid\"><div class=\"wpb_column vc_column_container vc_col-sm-12\"><div class=\"vc_column-inner\"><div class=\"wpb_wrapper\">\n\t<div  class=\"wpb_single_image wpb_content_element vc_align_left\">\n\t\t\n\t\t<figure class=\"wpb_wrapper vc_figure\">\n\t\t\t<div class=\"vc_single_image-wrapper   vc_box_border_grey\"><img decoding=\"async\" width=\"800\" height=\"499\" src=\"https:\/\/drtubacelebikayhan.com\/wp-content\/uploads\/2023\/08\/PARIS-ISILTISI.jpeg\" class=\"vc_single_image-img attachment-large\" alt=\"\" title=\"PARI\u0307S IS\u0327ILTISI\" srcset=\"https:\/\/drtubacelebikayhan.com\/wp-content\/uploads\/2023\/08\/PARIS-ISILTISI.jpeg 800w, https:\/\/drtubacelebikayhan.com\/wp-content\/uploads\/2023\/08\/PARIS-ISILTISI-300x187.jpeg 300w, https:\/\/drtubacelebikayhan.com\/wp-content\/uploads\/2023\/08\/PARIS-ISILTISI-768x479.jpeg 768w\" sizes=\"(max-width: 800px) 100vw, 800px\"  data-dt-location=\"https:\/\/drtubacelebikayhan.com\/en\/estetik-kozmetik-uygulamalar\/paris-isiltisi\/paris-isiltisi\/\" \/><\/div>\n\t\t<\/figure>\n\t<\/div>\n\n\t<div class=\"wpb_text_column wpb_content_element  vc_custom_1691961286636\" >\n\t\t<div class=\"wpb_wrapper\">\n\t\t\t<p><b>What is Paris Glow?<\/b><\/p>\n<p>Parisian glow, in other words, NCTF formulation, is one of the new anti-aging treatment methods introduced to our country. It is an effective anti-aging mesotherapy product for moisturizing, revitalizing tired or dull skin and treating superficial wrinkles.<\/p>\n<p><b>What is the content of Paris Glow?<\/b><\/p>\n<p>It contains hyaluronic acid to moisturize the skin, 12 vitamins to stimulate collagen synthesis and neutralize free radicals, 24 amino acids to help protein\/elastin\/collagen production, 6 coenzymes and 5 nucleic acids to stimulate metabolic reactions, 6 minerals to provide balance in cell metabolism, and other ingredients to fight against excessive free radicals (Glutathione, Polysorbate 80, Glucuronic acid, Glucuronic acid lactone, Glucosamine, Dextrose anhydrous).<\/p>\n<p><b>How to apply Paris Glow?<\/b><\/p>\n<p>The specially prepared content is applied to the treatment areas. The results of the application begin immediately after the injection and become fully visible within a few days.<\/p>\n<p>It has been observed that the vitality and radiance of the skin increases and wrinkles, which are signs of aging, are reduced with 3 sessions applied at 15-day intervals and 2 sessions applied at 30-day intervals.<\/p>\n<p><b>Who is Paris Glow suitable for?<\/b><\/p>\n<p>It is suitable for people who have wrinkles on their skin, who have started to lose elasticity, who are experiencing dryness, dullness and lifelessness. Parisian glow is an effective treatment method especially applied to prevent aging, gravity and ultraviolet damage.<\/p>\n<p>Parisian glow treatment can be applied to any area with signs of aging, such as the eye area, face, neck, hands and arms. It provides the skin with the vitamin and mineral support it needs by increasing collagen and elastin production. In this way, it helps the skin look more vibrant, youthful and radiant.<\/p>\n\n\t\t<\/div>\n\t<\/div>\n<\/div><\/div><\/div><\/div>\n<\/section>","protected":false},"excerpt":{"rendered":"<p>Paris I\u015f\u0131lt\u0131s\u0131 nedir? Paris \u0131\u015f\u0131lt\u0131s\u0131,\u00a0 di\u011fer bir deyi\u015fle NCTF form\u00fclasyonu\u00a0\u00fclkemize yeni giren\u00a0anti-aging tedavi y\u00f6ntemlerinden biridir.\u00a0Yorgun veya donuk cildin nemlendirilmesi, canland\u0131r\u0131lmas\u0131 ve y\u00fczeysel k\u0131r\u0131\u015f\u0131kl\u0131klar\u0131n tedavisinde etkili bir anti-aging mezoterapi \u00fcr\u00fcn\u00fcd\u00fcr Paris I\u015f\u0131lt\u0131s\u0131\u2019n\u0131n i\u00e7eri\u011fi nedir? Cildi nemlendirmesi i\u00e7in hyaluronik asit, kolajen sentezini uyar\u0131p serbest radikalleri n\u00f6tralize etmesi i\u00e7in 12 adet vitamin, protein\/elastin\/kolajen \u00fcretimine yard\u0131mc\u0131 olmas\u0131 24 adet&hellip;<\/p>","protected":false},"author":1,"featured_media":0,"parent":7,"menu_order":100,"comment_status":"closed","ping_status":"closed","template":"","meta":{"_joinchat":[],"footnotes":""},"class_list":["post-2173","page","type-page","status-publish","hentry","description-off"],"_links":{"self":[{"href":"https:\/\/drtubacelebikayhan.com\/en\/wp-json\/wp\/v2\/pages\/2173","targetHints":{"allow":["GET"]}}],"collection":[{"href":"https:\/\/drtubacelebikayhan.com\/en\/wp-json\/wp\/v2\/pages"}],"about":[{"href":"https:\/\/drtubacelebikayhan.com\/en\/wp-json\/wp\/v2\/types\/page"}],"author":[{"embeddable":true,"href":"https:\/\/drtubacelebikayhan.com\/en\/wp-json\/wp\/v2\/users\/1"}],"replies":[{"embeddable":true,"href":"https:\/\/drtubacelebikayhan.com\/en\/wp-json\/wp\/v2\/comments?post=2173"}],"version-history":[{"count":1,"href":"https:\/\/drtubacelebikayhan.com\/en\/wp-json\/wp\/v2\/pages\/2173\/revisions"}],"predecessor-version":[{"id":2175,"href":"https:\/\/drtubacelebikayhan.com\/en\/wp-json\/wp\/v2\/pages\/2173\/revisions\/2175"}],"up":[{"embeddable":true,"href":"https:\/\/drtubacelebikayhan.com\/en\/wp-json\/wp\/v2\/pages\/7"}],"wp:attachment":[{"href":"https:\/\/drtubacelebikayhan.com\/en\/wp-json\/wp\/v2\/media?parent=2173"}],"curies":[{"name":"wp","href":"https:\/\/api.w.org\/{rel}","templated":true}]}}