{"id":2176,"date":"2023-08-13T21:16:24","date_gmt":"2023-08-13T21:16:24","guid":{"rendered":"https:\/\/drtubacelebikayhan.com\/?page_id=2176"},"modified":"2023-08-13T21:16:24","modified_gmt":"2023-08-13T21:16:24","slug":"prp","status":"publish","type":"page","link":"https:\/\/drtubacelebikayhan.com\/en\/estetik-kozmetik-uygulamalar\/prp\/","title":{"rendered":"PRP"},"content":{"rendered":"<section class=\"wpb-content-wrapper\"><div class=\"vc_row wpb_row vc_row-fluid\"><div class=\"wpb_column vc_column_container vc_col-sm-12\"><div class=\"vc_column-inner\"><div class=\"wpb_wrapper\">\n\t<div  class=\"wpb_single_image wpb_content_element vc_align_left\">\n\t\t\n\t\t<figure class=\"wpb_wrapper vc_figure\">\n\t\t\t<div class=\"vc_single_image-wrapper   vc_box_border_grey\"><img decoding=\"async\" width=\"800\" height=\"533\" src=\"https:\/\/drtubacelebikayhan.com\/wp-content\/uploads\/2023\/08\/PRP.jpeg\" class=\"vc_single_image-img attachment-large\" alt=\"\" title=\"PRP\" srcset=\"https:\/\/drtubacelebikayhan.com\/wp-content\/uploads\/2023\/08\/PRP.jpeg 800w, https:\/\/drtubacelebikayhan.com\/wp-content\/uploads\/2023\/08\/PRP-300x200.jpeg 300w, https:\/\/drtubacelebikayhan.com\/wp-content\/uploads\/2023\/08\/PRP-768x512.jpeg 768w\" sizes=\"(max-width: 800px) 100vw, 800px\"  data-dt-location=\"https:\/\/drtubacelebikayhan.com\/en\/estetik-kozmetik-uygulamalar\/prp\/prp\/\" \/><\/div>\n\t\t<\/figure>\n\t<\/div>\n\n\t<div class=\"wpb_text_column wpb_content_element  vc_custom_1691961379054\" >\n\t\t<div class=\"wpb_wrapper\">\n\t\t\t<p>PRP (Platelet Rich Plasma) is the abbreviation for the part of the blood that is separated by centrifugation, called platelet-rich plasma. The administration of this separated part into the skin by injection or micro-needling methods is called PRP application. The platelets and growth factors in PRP show their effect by repairing the tissue in the area where they are applied.<\/p>\n<p>After PRP application, vitality, brightness and tightening appear on the skin. Wrinkles, cracks, acne scars and scars on the skin are corrected. PRP application increases the nutrition of weakened hair follicles. It provides treatment for hair problems such as hair loss, hair breakage and split ends.<\/p>\n<p><b>What problems can be treated with PRP application?<\/b><\/p>\n<ul>\n<li aria-level=\"1\">Wrinkles on the skin<\/li>\n<li aria-level=\"1\">Skin spots<\/li>\n<li aria-level=\"1\">Skin cracks<\/li>\n<li aria-level=\"1\">Acne scars<\/li>\n<li aria-level=\"1\">Scars<\/li>\n<li aria-level=\"1\">Hair loss<\/li>\n<\/ul>\n<p><b>How is PRP applied?<\/b><\/p>\n<p>First, 8-10 ml of blood is taken from the person. After this blood is placed in a special tube, a centrifugation process is applied to separate the plasma part, which is rich in platelets and growth factors.<\/p>\n<p>This separated part (PRP) is applied to the skin by local injection or microneedling methods.<\/p>\n<p><b>When will the positive effects of PRP be seen?<\/b><\/p>\n<p>Immediately after application, a healthy glow appears on the skin. Later, this shiny appearance regresses slightly, but after 3 or 4 applications (i.e. after applying 1 course), a permanent effect becomes apparent.<\/p>\n<p><b>How long after PRP application can one return to daily life?<\/b><\/p>\n<p>PRP application is a procedure that takes approximately 30 minutes, and you can return to your daily life immediately after the application.<\/p>\n<p><b>How many sessions of PRP application are required?<\/b><\/p>\n<p>3-4 sessions are performed at 3-week intervals.<\/p>\n<p><b>Is PRP a painful procedure?<\/b><\/p>\n<p>Since very thin needles are used for the application and local anesthesia is administered before the procedure, there is almost no pain during the application.<\/p>\n<p><b>Does PRP have any side effects?<\/b><\/p>\n<p>Unlike other methods applied for aesthetic purposes, it does not cause any side effects because the plasma portion of the blood taken from the person is concentrated and given to the person without adding any additives. There is no risk of allergy or infection. Temporary redness and bruising may occur after the application.<\/p>\n\n\t\t<\/div>\n\t<\/div>\n<\/div><\/div><\/div><\/div>\n<\/section>","protected":false},"excerpt":{"rendered":"<p>PRP (Platelet Rich Plasma), kan\u0131n santrif\u00fcj i\u015flemi ile ayr\u0131\u015ft\u0131r\u0131lan trombosit y\u00f6n\u00fcnden zenginle\u015ftirilmi\u015f plazma ad\u0131 verilen k\u0131sm\u0131n\u0131n k\u0131salt\u0131lm\u0131\u015f ismidir. Bu ayr\u0131\u015ft\u0131r\u0131lan k\u0131sm\u0131n enjeksiyon veya mikro i\u011fneleme y\u00f6ntemleriyle deri i\u00e7ine verilmesine PRP uygulamas\u0131 denir. PRP i\u00e7inde bulunan trombosit ve b\u00fcy\u00fcme fakt\u00f6rleri uyguland\u0131klar\u0131 b\u00f6lgedeki dokunun onar\u0131lmas\u0131n\u0131 sa\u011flayarak etki g\u00f6sterirler. PRP uygulamas\u0131 sonras\u0131nda ciltte canl\u0131l\u0131k, parlakl\u0131k, s\u0131k\u0131la\u015fma ortaya \u00e7\u0131kar.&hellip;<\/p>","protected":false},"author":1,"featured_media":0,"parent":7,"menu_order":100,"comment_status":"closed","ping_status":"closed","template":"","meta":{"_joinchat":[],"footnotes":""},"class_list":["post-2176","page","type-page","status-publish","hentry","description-off"],"_links":{"self":[{"href":"https:\/\/drtubacelebikayhan.com\/en\/wp-json\/wp\/v2\/pages\/2176","targetHints":{"allow":["GET"]}}],"collection":[{"href":"https:\/\/drtubacelebikayhan.com\/en\/wp-json\/wp\/v2\/pages"}],"about":[{"href":"https:\/\/drtubacelebikayhan.com\/en\/wp-json\/wp\/v2\/types\/page"}],"author":[{"embeddable":true,"href":"https:\/\/drtubacelebikayhan.com\/en\/wp-json\/wp\/v2\/users\/1"}],"replies":[{"embeddable":true,"href":"https:\/\/drtubacelebikayhan.com\/en\/wp-json\/wp\/v2\/comments?post=2176"}],"version-history":[{"count":1,"href":"https:\/\/drtubacelebikayhan.com\/en\/wp-json\/wp\/v2\/pages\/2176\/revisions"}],"predecessor-version":[{"id":2178,"href":"https:\/\/drtubacelebikayhan.com\/en\/wp-json\/wp\/v2\/pages\/2176\/revisions\/2178"}],"up":[{"embeddable":true,"href":"https:\/\/drtubacelebikayhan.com\/en\/wp-json\/wp\/v2\/pages\/7"}],"wp:attachment":[{"href":"https:\/\/drtubacelebikayhan.com\/en\/wp-json\/wp\/v2\/media?parent=2176"}],"curies":[{"name":"wp","href":"https:\/\/api.w.org\/{rel}","templated":true}]}}