{"id":2179,"date":"2023-08-13T21:17:27","date_gmt":"2023-08-13T21:17:27","guid":{"rendered":"https:\/\/drtubacelebikayhan.com\/?page_id=2179"},"modified":"2023-08-13T21:17:27","modified_gmt":"2023-08-13T21:17:27","slug":"dermapen","status":"publish","type":"page","link":"https:\/\/drtubacelebikayhan.com\/en\/estetik-kozmetik-uygulamalar\/dermapen\/","title":{"rendered":"DERMAPEN"},"content":{"rendered":"<section class=\"wpb-content-wrapper\"><div class=\"vc_row wpb_row vc_row-fluid\"><div class=\"wpb_column vc_column_container vc_col-sm-12\"><div class=\"vc_column-inner\"><div class=\"wpb_wrapper\">\n\t<div  class=\"wpb_single_image wpb_content_element vc_align_left\">\n\t\t\n\t\t<figure class=\"wpb_wrapper vc_figure\">\n\t\t\t<div class=\"vc_single_image-wrapper   vc_box_border_grey\"><img decoding=\"async\" width=\"800\" height=\"533\" src=\"https:\/\/drtubacelebikayhan.com\/wp-content\/uploads\/2023\/08\/DERMAPEN.jpeg\" class=\"vc_single_image-img attachment-large\" alt=\"\" title=\"DERMAPEN\" srcset=\"https:\/\/drtubacelebikayhan.com\/wp-content\/uploads\/2023\/08\/DERMAPEN.jpeg 800w, https:\/\/drtubacelebikayhan.com\/wp-content\/uploads\/2023\/08\/DERMAPEN-300x200.jpeg 300w, https:\/\/drtubacelebikayhan.com\/wp-content\/uploads\/2023\/08\/DERMAPEN-768x512.jpeg 768w\" sizes=\"(max-width: 800px) 100vw, 800px\"  data-dt-location=\"https:\/\/drtubacelebikayhan.com\/en\/estetik-kozmetik-uygulamalar\/dermapen\/dermapen\/\" \/><\/div>\n\t\t<\/figure>\n\t<\/div>\n\n\t<div class=\"wpb_text_column wpb_content_element  vc_custom_1691961443324\" >\n\t\t<div class=\"wpb_wrapper\">\n\t\t\t<p>Dermapen, in other words, the microneedling method, is a technique that we dermatology specialists use for treatment purposes in many different areas. The micro-damage caused by fine micro-needles on the skin attracts various \"collagen stimulators\" such as wound healing factors and growth factors to the damaged area, enabling local tissue repair, collagen synthesis, and the restoration of the damaged collagen structure. Collagen is the protein structure that plays the most important role in making the skin appear firm, youthful, and smooth. In areas where wounds, burns, surgical or acne scars have formed, the collagen structure is irregular and damaged. With this method, which directly affects the collagen structure, a sort of \"reconstruction\" is created in the treated skin area. In this way, both the repair of the damaged tissue and a very significant anti-aging effect are achieved. Furthermore, the tiny micro-channels opened by the micro-needles allow the active ingredients required for the treatment to penetrate beneath the skin in the same session. In microneedling, a dermaroller, which is a cylinder with micro-needles at the end that is rolled over the skin, can be used; however, the most effective method is the use of a powered device called Dermapen, in which the frequency and depth levels to be applied are standardized. In this electric microneedling method, needle depths can be adjusted between 0.5 and 2.5 mm according to the treatment protocol needed by the skin. Compared to the dermaroller, Dermapen allows for deeper penetration with less surface damage to the skin, making it possible to achieve much more effective results.<\/p>\n<p><b>In what cases is Dermapen used?<\/b><\/p>\n<ul>\n<li aria-level=\"1\">Acne scars (acne scars, acne scars)<\/li>\n<li aria-level=\"1\">Treatment of fine lines<\/li>\n<li aria-level=\"1\">Treatment of large pores<\/li>\n<li aria-level=\"1\">Correction of loss of skin elasticity<\/li>\n<li aria-level=\"1\">Treatment of cracks (striae),<\/li>\n<li aria-level=\"1\">Skin rejuvenation (skin renewal, skin rejuvenation)<\/li>\n<li aria-level=\"1\">In regional skin loosening (neck, d\u00e9collet\u00e9, inner arms, etc.)<\/li>\n<li aria-level=\"1\">Combined with mesotherapy or PRP treatment for hair loss treatment<\/li>\n<\/ul>\n<p><b>How is Dermapen applied?<\/b><\/p>\n<p>Before the procedure, local anesthetic cream is applied to the area to be applied and the area is numbed so that the needle entries are painless. The numbing period is approximately 20 minutes and the procedure takes about 15 minutes. A special sterile head is used during the procedure. During the procedure, anti-aging, collagen stimulating serums containing chyloronic acid, peptides or vitamins or active ingredients used in blemish treatment are applied to the skin and left for a while to penetrate under the skin through the micro channels opened. After the procedure, soothing creams and sunscreens are applied to the skin. Dryness and redness may occur for a few days after the procedure, but the person can easily return to their social life and work.<\/p>\n<p><b>How many sessions of Dermapen are applied?<\/b><\/p>\n<p>Depending on the skin problem and skin structure, Dermapen application can be applied in 3-6 sessions at two-week intervals.<\/p>\n\n\t\t<\/div>\n\t<\/div>\n<\/div><\/div><\/div><\/div>\n<\/section>","protected":false},"excerpt":{"rendered":"<p>Dermapen di\u011fer bir deyi\u015fle mikro i\u011fneleme y\u00f6ntemi biz dermatoloji uzmanlar\u0131n\u0131n pek \u00e7ok farkl\u0131 alanda tedavi ama\u00e7l\u0131 kulland\u0131\u011f\u0131 bir y\u00f6ntemdir. \u0130nce mikro i\u011fnelerin deride yol a\u00e7t\u0131\u011f\u0131 mikro hasar yara iyile\u015fme fakt\u00f6rleri, b\u00fcy\u00fcme fakt\u00f6rleri gibi pek \u00e7ok farkl\u0131 \u2018kollajen uyar\u0131c\u0131y\u0131\u2019 hasarlanan b\u00f6lgeye \u00e7ekerek b\u00f6lgesel doku tamiri, kollajen sentezi ve bozulmu\u015f kollajen yap\u0131n\u0131n onar\u0131lmas\u0131n\u0131 sa\u011flar. Kollajen cildin gergin&hellip;<\/p>","protected":false},"author":1,"featured_media":0,"parent":7,"menu_order":100,"comment_status":"closed","ping_status":"closed","template":"","meta":{"_joinchat":[],"footnotes":""},"class_list":["post-2179","page","type-page","status-publish","hentry","description-off"],"_links":{"self":[{"href":"https:\/\/drtubacelebikayhan.com\/en\/wp-json\/wp\/v2\/pages\/2179","targetHints":{"allow":["GET"]}}],"collection":[{"href":"https:\/\/drtubacelebikayhan.com\/en\/wp-json\/wp\/v2\/pages"}],"about":[{"href":"https:\/\/drtubacelebikayhan.com\/en\/wp-json\/wp\/v2\/types\/page"}],"author":[{"embeddable":true,"href":"https:\/\/drtubacelebikayhan.com\/en\/wp-json\/wp\/v2\/users\/1"}],"replies":[{"embeddable":true,"href":"https:\/\/drtubacelebikayhan.com\/en\/wp-json\/wp\/v2\/comments?post=2179"}],"version-history":[{"count":1,"href":"https:\/\/drtubacelebikayhan.com\/en\/wp-json\/wp\/v2\/pages\/2179\/revisions"}],"predecessor-version":[{"id":2181,"href":"https:\/\/drtubacelebikayhan.com\/en\/wp-json\/wp\/v2\/pages\/2179\/revisions\/2181"}],"up":[{"embeddable":true,"href":"https:\/\/drtubacelebikayhan.com\/en\/wp-json\/wp\/v2\/pages\/7"}],"wp:attachment":[{"href":"https:\/\/drtubacelebikayhan.com\/en\/wp-json\/wp\/v2\/media?parent=2179"}],"curies":[{"name":"wp","href":"https:\/\/api.w.org\/{rel}","templated":true}]}}