{"id":2182,"date":"2023-08-13T21:18:29","date_gmt":"2023-08-13T21:18:29","guid":{"rendered":"https:\/\/drtubacelebikayhan.com\/?page_id=2182"},"modified":"2023-08-13T21:18:40","modified_gmt":"2023-08-13T21:18:40","slug":"iple-yuz-germe","status":"publish","type":"page","link":"https:\/\/drtubacelebikayhan.com\/en\/estetik-kozmetik-uygulamalar\/iple-yuz-germe\/","title":{"rendered":"THREAD FACE LIFT"},"content":{"rendered":"<section class=\"wpb-content-wrapper\"><div class=\"vc_row wpb_row vc_row-fluid\"><div class=\"wpb_column vc_column_container vc_col-sm-12\"><div class=\"vc_column-inner\"><div class=\"wpb_wrapper\">\n\t<div  class=\"wpb_single_image wpb_content_element vc_align_left\">\n\t\t\n\t\t<figure class=\"wpb_wrapper vc_figure\">\n\t\t\t<div class=\"vc_single_image-wrapper   vc_box_border_grey\"><img decoding=\"async\" width=\"800\" height=\"548\" src=\"https:\/\/drtubacelebikayhan.com\/wp-content\/uploads\/2023\/08\/IPLE-YUZ-GERME.jpeg\" class=\"vc_single_image-img attachment-large\" alt=\"\" title=\"I\u0307PLE YU\u0308Z GERME\" srcset=\"https:\/\/drtubacelebikayhan.com\/wp-content\/uploads\/2023\/08\/IPLE-YUZ-GERME.jpeg 800w, https:\/\/drtubacelebikayhan.com\/wp-content\/uploads\/2023\/08\/IPLE-YUZ-GERME-300x206.jpeg 300w, https:\/\/drtubacelebikayhan.com\/wp-content\/uploads\/2023\/08\/IPLE-YUZ-GERME-768x526.jpeg 768w\" sizes=\"(max-width: 800px) 100vw, 800px\"  data-dt-location=\"https:\/\/drtubacelebikayhan.com\/en\/estetik-kozmetik-uygulamalar\/iple-yuz-germe\/iple-yuz-germe\/\" \/><\/div>\n\t\t<\/figure>\n\t<\/div>\n\n\t<div class=\"wpb_text_column wpb_content_element  vc_custom_1691961504975\" >\n\t\t<div class=\"wpb_wrapper\">\n\t\t\t<p>In the method also known as thread facelift or spider web aesthetics, skin-compatible threads are placed under the skin's subcutaneous tissue, thus eliminating sagging and signs of aging on the skin. Non-surgical<b>,<\/b>\u00a0It is a painless and short-term procedure performed without general anesthesia, and its results are immediately visible.<\/p>\n<p><b>What is the structure of Silhouette Soft threads?<\/b><\/p>\n<p>Silhouette Soft is a sturdy, almost transparent thread, approximately 30 cm long, with cones on it made of polylactic acid, which can be melted and absorbed by the body.<\/p>\n<p><b>What are the positive effects of Silhouette Soft on tissues?<\/b><\/p>\n<p>Silhouette Soft has two main effects: a lifting and suspending effect on the tissues that are immediately apparent after application, and a regeneration effect on the connective tissue. The regeneration effect on the tissues comes from the polylactic acid in the structure of the threads and increases the fibroblast cells that synthesize the connective tissue and the production of collagen fibers. It gives vitality and fullness under the skin. With its suspending effect, it lifts the sagging tissues and applies pressure to the superficial tissues under the skin, bringing the facial skin back to its former \u201cyoung\u201d state.<\/p>\n<p><b>How to apply Silhouette Soft?<\/b><\/p>\n<p>First, local anesthesia is applied around the entry and upper and lower exit points. Facelift procedures with Silhouette Soft are painless and outpatient procedures. It is a procedure that can be entered into the patient through tiny holes with very thin needles and threads containing cones attached to them and closed without the need for stitches.<\/p>\n<p><b>For what purposes is Silhouette Soft used?<\/b><\/p>\n<p>In cases where surgery is not absolutely necessary and the patient does not want surgery at all but chooses non-surgical aesthetic procedures.<\/p>\n<ul>\n<li aria-level=\"1\">eyebrow lifting and plucking<\/li>\n<li aria-level=\"1\">neck lift<\/li>\n<li aria-level=\"1\">facelift and face lift<\/li>\n<\/ul>\n<p>Can be used for.<\/p>\n<p><b>How long does Silhouette Soft last?\u00a0<\/b><\/p>\n<p>Silhouette Soft maintains its effective tissue suspension effect for 12-18 months.<\/p>\n<p><b>\u00a0Can Silhouette Soft be used in conjunction with other non-surgical aesthetic procedures?<\/b><\/p>\n<p>Silhouette Soft can also be used in conjunction with other non-surgical aesthetic procedures such as Botulinum toxin injections and filler applications.<\/p>\n\n\t\t<\/div>\n\t<\/div>\n<\/div><\/div><\/div><\/div>\n<\/section>","protected":false},"excerpt":{"rendered":"<p>\u0130ple y\u00fcz germe veya \u00f6r\u00fcmcek a\u011f\u0131 esteti\u011fi diye de bilinen y\u00f6ntemde\u00a0cilde uyumlu ipler\u00a0cildin alt dokusuna yerle\u015ftirilir ve b\u00f6ylece ciltteki sarkma ve ya\u015fl\u0131l\u0131k belirtilerinin giderilmesi sa\u011flan\u0131r.\u00a0Ameliyats\u0131z,\u00a0genel anestezi olmadan yap\u0131lan ac\u0131s\u0131z ve k\u0131sa s\u00fcren, ayn\u0131 zamanda sonu\u00e7lar\u0131n\u0131n an\u0131nda g\u00f6rebildi\u011fi bir i\u015flemdir. Silhouette Soft iplerin yap\u0131s\u0131 nedir? Silhouette Soft, \u015feffafa yak\u0131n, yakla\u015f\u0131k 30 cm uzunlukta ve polilaktik asit&hellip;<\/p>","protected":false},"author":1,"featured_media":0,"parent":7,"menu_order":100,"comment_status":"closed","ping_status":"closed","template":"","meta":{"_joinchat":[],"footnotes":""},"class_list":["post-2182","page","type-page","status-publish","hentry","description-off"],"_links":{"self":[{"href":"https:\/\/drtubacelebikayhan.com\/en\/wp-json\/wp\/v2\/pages\/2182","targetHints":{"allow":["GET"]}}],"collection":[{"href":"https:\/\/drtubacelebikayhan.com\/en\/wp-json\/wp\/v2\/pages"}],"about":[{"href":"https:\/\/drtubacelebikayhan.com\/en\/wp-json\/wp\/v2\/types\/page"}],"author":[{"embeddable":true,"href":"https:\/\/drtubacelebikayhan.com\/en\/wp-json\/wp\/v2\/users\/1"}],"replies":[{"embeddable":true,"href":"https:\/\/drtubacelebikayhan.com\/en\/wp-json\/wp\/v2\/comments?post=2182"}],"version-history":[{"count":1,"href":"https:\/\/drtubacelebikayhan.com\/en\/wp-json\/wp\/v2\/pages\/2182\/revisions"}],"predecessor-version":[{"id":2184,"href":"https:\/\/drtubacelebikayhan.com\/en\/wp-json\/wp\/v2\/pages\/2182\/revisions\/2184"}],"up":[{"embeddable":true,"href":"https:\/\/drtubacelebikayhan.com\/en\/wp-json\/wp\/v2\/pages\/7"}],"wp:attachment":[{"href":"https:\/\/drtubacelebikayhan.com\/en\/wp-json\/wp\/v2\/media?parent=2182"}],"curies":[{"name":"wp","href":"https:\/\/api.w.org\/{rel}","templated":true}]}}