{"id":2186,"date":"2023-08-13T21:19:40","date_gmt":"2023-08-13T21:19:40","guid":{"rendered":"https:\/\/drtubacelebikayhan.com\/?page_id=2186"},"modified":"2023-08-13T21:19:40","modified_gmt":"2023-08-13T21:19:40","slug":"kimyasal-peeling","status":"publish","type":"page","link":"https:\/\/drtubacelebikayhan.com\/en\/estetik-kozmetik-uygulamalar\/kimyasal-peeling\/","title":{"rendered":"CHEMICAL PEELING"},"content":{"rendered":"<section class=\"wpb-content-wrapper\"><div class=\"vc_row wpb_row vc_row-fluid\"><div class=\"wpb_column vc_column_container vc_col-sm-12\"><div class=\"vc_column-inner\"><div class=\"wpb_wrapper\">\n\t<div  class=\"wpb_single_image wpb_content_element vc_align_left\">\n\t\t\n\t\t<figure class=\"wpb_wrapper vc_figure\">\n\t\t\t<div class=\"vc_single_image-wrapper   vc_box_border_grey\"><img decoding=\"async\" width=\"800\" height=\"533\" src=\"https:\/\/drtubacelebikayhan.com\/wp-content\/uploads\/2023\/08\/KIMYASAL-PEELING.jpeg\" class=\"vc_single_image-img attachment-large\" alt=\"\" title=\"KI\u0307MYASAL PEELI\u0307NG\" srcset=\"https:\/\/drtubacelebikayhan.com\/wp-content\/uploads\/2023\/08\/KIMYASAL-PEELING.jpeg 800w, https:\/\/drtubacelebikayhan.com\/wp-content\/uploads\/2023\/08\/KIMYASAL-PEELING-300x200.jpeg 300w, https:\/\/drtubacelebikayhan.com\/wp-content\/uploads\/2023\/08\/KIMYASAL-PEELING-768x512.jpeg 768w\" sizes=\"(max-width: 800px) 100vw, 800px\"  data-dt-location=\"https:\/\/drtubacelebikayhan.com\/en\/estetik-kozmetik-uygulamalar\/kimyasal-peeling\/kimyasal-peeling\/\" \/><\/div>\n\t\t<\/figure>\n\t<\/div>\n\n\t<div class=\"wpb_text_column wpb_content_element  vc_custom_1691961575402\" >\n\t\t<div class=\"wpb_wrapper\">\n\t\t\t<p><b>What is chemical peeling?<\/b><\/p>\n<p>Chemical peeling is an application method that aims to create controlled damage to the skin at various depths by applying one or more chemical agents to the skin and then to reveal healthy skin. The aim of chemical peeling is to create damage to the skin layers to the desired depth and to provide treatment for various lesions by taking advantage of wound healing during regeneration.<\/p>\n<p>Chemical peeling applications are divided into three groups: superficial, medium and deep, depending on the depth of penetration, damage created and degree of effectiveness.<\/p>\n<p><b>What does chemical peeling contain?<\/b><\/p>\n<p>The most commonly used agents are trichloroacetic acid (TCA), Jessner's solution, alpha hydroxy acid (AHA), and salicylic acid.<\/p>\n<p><b>What conditions is chemical peeling used to treat?<\/b><\/p>\n<ul>\n<li aria-level=\"1\">Fine wrinkles<\/li>\n<li aria-level=\"1\">Dulling of the skin<\/li>\n<li aria-level=\"1\">Stains<\/li>\n<li aria-level=\"1\">Acne<\/li>\n<li aria-level=\"1\">Acne scars and pores<\/li>\n<\/ul>\n<p><b>How is chemical peeling applied?<\/b><\/p>\n<p>The appropriate solution is applied to the cleansed skin and waited for 1-5 minutes depending on the properties and concentration of the solution. After the desired time, the skin is cleaned with a neutralizing solution. Depending on the severity of the peeling, a slight stinging or burning and sensitivity may be felt.<\/p>\n<p><b>What should be taken into consideration after chemical peeling?<\/b><\/p>\n<p>It is very important to protect yourself from the sun after the procedure. Therefore, it is recommended to perform the application in the winter months. After deep peelings, there may be intense peeling on the skin, so it may be necessary to apply moisturizer frequently.<\/p>\n\n\t\t<\/div>\n\t<\/div>\n<\/div><\/div><\/div><\/div>\n<\/section>","protected":false},"excerpt":{"rendered":"<p>Kimyasal peeling nedir? Kimyasal peeling, bir veya birka\u00e7 kimyasal ajan\u0131n deriye uygulanmas\u0131 ile deride \u00e7e\u015fitli derinliklerde kontroll\u00fc hasar olu\u015fturulmas\u0131 ve sonras\u0131nda sa\u011fl\u0131kl\u0131 bir derinin ortaya \u00e7\u0131kmas\u0131n\u0131 hedefleyen uygulama y\u00f6ntemidir. Kimyasal peelingte ama\u00e7, deri tabakalar\u0131nda istenilen derinli\u011fe kadar hasar olu\u015fturmak ve rejenerasyon s\u0131ras\u0131nda yara iyile\u015fmesinin avantajlar\u0131ndan yararlanarak \u00e7e\u015fitli lezyonlar\u0131n tedavisini sa\u011flamakt\u0131r. Kimyasal peeling uygulamalar\u0131 penetrasyonun derinli\u011fi,&hellip;<\/p>","protected":false},"author":1,"featured_media":0,"parent":7,"menu_order":100,"comment_status":"closed","ping_status":"closed","template":"","meta":{"_joinchat":[],"footnotes":""},"class_list":["post-2186","page","type-page","status-publish","hentry","description-off"],"_links":{"self":[{"href":"https:\/\/drtubacelebikayhan.com\/en\/wp-json\/wp\/v2\/pages\/2186","targetHints":{"allow":["GET"]}}],"collection":[{"href":"https:\/\/drtubacelebikayhan.com\/en\/wp-json\/wp\/v2\/pages"}],"about":[{"href":"https:\/\/drtubacelebikayhan.com\/en\/wp-json\/wp\/v2\/types\/page"}],"author":[{"embeddable":true,"href":"https:\/\/drtubacelebikayhan.com\/en\/wp-json\/wp\/v2\/users\/1"}],"replies":[{"embeddable":true,"href":"https:\/\/drtubacelebikayhan.com\/en\/wp-json\/wp\/v2\/comments?post=2186"}],"version-history":[{"count":1,"href":"https:\/\/drtubacelebikayhan.com\/en\/wp-json\/wp\/v2\/pages\/2186\/revisions"}],"predecessor-version":[{"id":2188,"href":"https:\/\/drtubacelebikayhan.com\/en\/wp-json\/wp\/v2\/pages\/2186\/revisions\/2188"}],"up":[{"embeddable":true,"href":"https:\/\/drtubacelebikayhan.com\/en\/wp-json\/wp\/v2\/pages\/7"}],"wp:attachment":[{"href":"https:\/\/drtubacelebikayhan.com\/en\/wp-json\/wp\/v2\/media?parent=2186"}],"curies":[{"name":"wp","href":"https:\/\/api.w.org\/{rel}","templated":true}]}}