{"id":2189,"date":"2023-08-13T21:20:45","date_gmt":"2023-08-13T21:20:45","guid":{"rendered":"https:\/\/drtubacelebikayhan.com\/?page_id=2189"},"modified":"2023-08-13T21:20:45","modified_gmt":"2023-08-13T21:20:45","slug":"leke-tedavisi","status":"publish","type":"page","link":"https:\/\/drtubacelebikayhan.com\/en\/estetik-kozmetik-uygulamalar\/leke-tedavisi\/","title":{"rendered":"STAIN TREATMENT"},"content":{"rendered":"<section class=\"wpb-content-wrapper\"><div class=\"vc_row wpb_row vc_row-fluid\"><div class=\"wpb_column vc_column_container vc_col-sm-12\"><div class=\"vc_column-inner\"><div class=\"wpb_wrapper\">\n\t<div  class=\"wpb_single_image wpb_content_element vc_align_left\">\n\t\t\n\t\t<figure class=\"wpb_wrapper vc_figure\">\n\t\t\t<div class=\"vc_single_image-wrapper   vc_box_border_grey\"><img decoding=\"async\" width=\"800\" height=\"533\" src=\"https:\/\/drtubacelebikayhan.com\/wp-content\/uploads\/2023\/08\/LEKE-TEDAVISI.jpeg\" class=\"vc_single_image-img attachment-large\" alt=\"\" title=\"LEKE TEDAVI\u0307SI\u0307\" srcset=\"https:\/\/drtubacelebikayhan.com\/wp-content\/uploads\/2023\/08\/LEKE-TEDAVISI.jpeg 800w, https:\/\/drtubacelebikayhan.com\/wp-content\/uploads\/2023\/08\/LEKE-TEDAVISI-300x200.jpeg 300w, https:\/\/drtubacelebikayhan.com\/wp-content\/uploads\/2023\/08\/LEKE-TEDAVISI-768x512.jpeg 768w\" sizes=\"(max-width: 800px) 100vw, 800px\"  data-dt-location=\"https:\/\/drtubacelebikayhan.com\/en\/estetik-kozmetik-uygulamalar\/leke-tedavisi\/leke-tedavisi\/\" \/><\/div>\n\t\t<\/figure>\n\t<\/div>\n\n\t<div class=\"wpb_text_column wpb_content_element  vc_custom_1691961643133\" >\n\t\t<div class=\"wpb_wrapper\">\n\t\t\t<p>The causes and types of spots on the skin are quite different from each other. Therefore, in order to diagnose the spots, it is best to first get examined by a dermatologist.<\/p>\n<p>Skin staining, or increased pigmentation, is medically called 'hyperpigmentation'. There are different skin lesions that cause increased pigmentation. The main ones are<\/p>\n<ul>\n<li aria-level=\"1\">Sun-related freckles and sunspots (ephelides, lentigos)<\/li>\n<li aria-level=\"1\">Melasma (birthmark, hormonal staining, pregnancy spot, pregnancy mask)<\/li>\n<li aria-level=\"1\">Spots that occur after wounds, burns, surgery, acne, laser (postinflammatory hyperpigmentation)<\/li>\n<li aria-level=\"1\">Types of hyperpigmentation that develop due to some skin diseases<\/li>\n<li aria-level=\"1\">birthmarks<\/li>\n<\/ul>\n<p><b>Treatment Options<\/b><\/p>\n<ul>\n<li aria-level=\"1\"><a href=\"https:\/\/drtubacelebikayhan.com\/en\/estetik-kozmetik-uygulamalar\/mezoterapi\/\"><b>Mesotherapy<\/b><\/a><\/li>\n<\/ul>\n<ul>\n<li aria-level=\"1\"><a href=\"https:\/\/drtubacelebikayhan.com\/en\/estetik-kozmetik-uygulamalar\/prp\/\"><b>PRP<\/b><\/a><\/li>\n<\/ul>\n<ul>\n<li aria-level=\"1\"><a href=\"https:\/\/drtubacelebikayhan.com\/en\/estetik-kozmetik-uygulamalar\/kimyasal-peeling\/\"><b>Chemical Peeling<\/b><\/a><\/li>\n<\/ul>\n<ul>\n<li aria-level=\"1\"><b>Cosmelan \u2013 Dermamelan Enzyme Peeling<\/b><\/li>\n<\/ul>\n<p>It is a proven enzymatic stain lightening system used to remove all types of stains on the skin. It contains azelaic acid, kojic acid, phytic acid, ascorbic acid, salicylic acid, glycolic acid, arbutin, which have stain lightening properties.<\/p>\n<p><b>How does Cosmelan \u2013 Dermamelan Enzyme Peeling work?<\/b><\/p>\n<p>It suppresses the enzyme called tyrosinase, which plays a major role in darkening the skin color. Thus, it reduces the amount of melanin in the skin and eliminates the stain. It also suppresses the mechanism that causes the formation of new stains.<\/p>\n<p><b>How is Cosmelan \u2013 Dermamelan Enzyme Peeling applied?<\/b><\/p>\n<p>Cosmelan \u2013 Dermamelan system is in a personalized package. It contains enzyme peeling mask, follow-up cream, repair cream and sunscreen with high protection factor. The mask is applied to the entire problematic area by the dermatologist. It is applied more to areas where the stain is more visible. This mask remains on the application area for an average of 8-12 hours depending on the person's skin structure and the depth of the stain. After this period, it is cleaned with warm water and the follow-up cream, repair cream and sunscreen should be applied during the day as recommended by the doctor. It is essential to use the follow-up cream regularly for 6 months. Sunscreen should be used continuously in summer and winter.<\/p>\n<p><b>What is observed on the skin after the Cosmelan \u2013 Dermamelan Enzyme Peeling application?<\/b><\/p>\n<p>It is normal to have slight redness on the skin. Especially those with sensitive skin may experience slight itching, burning, edema, and flaking. These symptoms are reduced with the follow-up cream and restorative cream. All symptoms disappear within an average of 2-7 days. It does not affect work or social life.<\/p>\n<p><b>When does the effect of Cosmelan \u2013 Dermamelan Enzyme Peeling become visible?<\/b><\/p>\n<p>After 1 week of applying the mask, the spots start to lighten. After 2-3 weeks, the skin looks much healthier, refreshed and brighter. By the end of the 3rd week, approximately 80% of the spots will be lightened. However, complete lightening of the spots is observed within 4-6 weeks.<\/p>\n<ul>\n<li aria-level=\"1\"><b>Laser Treatments<\/b><\/li>\n<\/ul>\n<p>Targeting pigment cells\u00a0<strong><a href=\"https:\/\/drtubacelebikayhan.com\/en\/estetik-kozmetik-uygulamalar\/q-switched-lazer\/\">q-switched lazer<\/a><\/strong>Lasers and intense pulsed light systems (IPL, BBL) can be used in the treatment of spots.<\/p>\n\n\t\t<\/div>\n\t<\/div>\n<\/div><\/div><\/div><\/div>\n<\/section>","protected":false},"excerpt":{"rendered":"<p>Deride meydana gelen lekelerin nedenleri ve tipleri birbirinden olduk\u00e7a farkl\u0131d\u0131r. Bu nedenle lekelerin tan\u0131s\u0131n\u0131n konmas\u0131 amac\u0131yla \u00f6ncelikle dermatoloji uzman hekimi taraf\u0131ndan muayene en sa\u011fl\u0131kl\u0131 olan\u0131d\u0131r. Deride lekelenme yani pigment art\u0131s\u0131 t\u0131bbi olarak \u2018hiperpigmentasyon\u2019 olarak adland\u0131r\u0131l\u0131r. Pigment art\u0131s\u0131na neden olan farkl\u0131 deri lezyonlar\u0131 bulunur. Ba\u015fl\u0131calar\u0131 G\u00fcne\u015fe ba\u011fl\u0131 olu\u015fan \u00e7iller ve g\u00fcne\u015f lekesi (efelid, lentigolar) Melazma (do\u011fum&hellip;<\/p>","protected":false},"author":1,"featured_media":0,"parent":7,"menu_order":100,"comment_status":"closed","ping_status":"closed","template":"","meta":{"_joinchat":[],"footnotes":""},"class_list":["post-2189","page","type-page","status-publish","hentry","description-off"],"_links":{"self":[{"href":"https:\/\/drtubacelebikayhan.com\/en\/wp-json\/wp\/v2\/pages\/2189","targetHints":{"allow":["GET"]}}],"collection":[{"href":"https:\/\/drtubacelebikayhan.com\/en\/wp-json\/wp\/v2\/pages"}],"about":[{"href":"https:\/\/drtubacelebikayhan.com\/en\/wp-json\/wp\/v2\/types\/page"}],"author":[{"embeddable":true,"href":"https:\/\/drtubacelebikayhan.com\/en\/wp-json\/wp\/v2\/users\/1"}],"replies":[{"embeddable":true,"href":"https:\/\/drtubacelebikayhan.com\/en\/wp-json\/wp\/v2\/comments?post=2189"}],"version-history":[{"count":1,"href":"https:\/\/drtubacelebikayhan.com\/en\/wp-json\/wp\/v2\/pages\/2189\/revisions"}],"predecessor-version":[{"id":2191,"href":"https:\/\/drtubacelebikayhan.com\/en\/wp-json\/wp\/v2\/pages\/2189\/revisions\/2191"}],"up":[{"embeddable":true,"href":"https:\/\/drtubacelebikayhan.com\/en\/wp-json\/wp\/v2\/pages\/7"}],"wp:attachment":[{"href":"https:\/\/drtubacelebikayhan.com\/en\/wp-json\/wp\/v2\/media?parent=2189"}],"curies":[{"name":"wp","href":"https:\/\/api.w.org\/{rel}","templated":true}]}}