{"id":2192,"date":"2023-08-13T21:22:36","date_gmt":"2023-08-13T21:22:36","guid":{"rendered":"https:\/\/drtubacelebikayhan.com\/?page_id=2192"},"modified":"2023-08-13T21:22:36","modified_gmt":"2023-08-13T21:22:36","slug":"cilt-bakimi-aquapeel","status":"publish","type":"page","link":"https:\/\/drtubacelebikayhan.com\/en\/estetik-kozmetik-uygulamalar\/cilt-bakimi-aquapeel\/","title":{"rendered":"SKIN CARE (AQUAPEEL)"},"content":{"rendered":"<section class=\"wpb-content-wrapper\"><div class=\"vc_row wpb_row vc_row-fluid\"><div class=\"wpb_column vc_column_container vc_col-sm-12\"><div class=\"vc_column-inner\"><div class=\"wpb_wrapper\">\n\t<div  class=\"wpb_single_image wpb_content_element vc_align_left\">\n\t\t\n\t\t<figure class=\"wpb_wrapper vc_figure\">\n\t\t\t<div class=\"vc_single_image-wrapper   vc_box_border_grey\"><img decoding=\"async\" width=\"800\" height=\"474\" src=\"https:\/\/drtubacelebikayhan.com\/wp-content\/uploads\/2023\/08\/CILT-BAKIMI-AQUAPEEL.jpeg\" class=\"vc_single_image-img attachment-large\" alt=\"\" title=\"CI\u0307LT BAKIMI (AQUAPEEL)\" srcset=\"https:\/\/drtubacelebikayhan.com\/wp-content\/uploads\/2023\/08\/CILT-BAKIMI-AQUAPEEL.jpeg 800w, https:\/\/drtubacelebikayhan.com\/wp-content\/uploads\/2023\/08\/CILT-BAKIMI-AQUAPEEL-300x178.jpeg 300w, https:\/\/drtubacelebikayhan.com\/wp-content\/uploads\/2023\/08\/CILT-BAKIMI-AQUAPEEL-768x455.jpeg 768w\" sizes=\"(max-width: 800px) 100vw, 800px\"  data-dt-location=\"https:\/\/drtubacelebikayhan.com\/en\/estetik-kozmetik-uygulamalar\/cilt-bakimi-aquapeel\/cilt-bakimi-aquapeel\/\" \/><\/div>\n\t\t<\/figure>\n\t<\/div>\n\n\t<div class=\"wpb_text_column wpb_content_element  vc_custom_1691961728294\" >\n\t\t<div class=\"wpb_wrapper\">\n\t\t\t<p><b>What is classic skin care?<\/b><\/p>\n<p>Classical skin care is the process of cleansing the skin that has been rested under steam from blackheads and oil deposits. This process takes approximately 1-1.5 hours and is completed by cleaning, peeling, tonic, steam, comedone cleaning, mask, and massaging with moisturizer. In this way, the skin is cleaned, the oil and dirt accumulated in the clogged pores are removed, and the skin's elasticity and shine are restored.<\/p>\n<p><b>What is Aquapeel?<\/b><\/p>\n<p>Skin care applications, especially those supported by technological developments in recent years, allow the effect of the procedure to increase 2-3 times.<\/p>\n<p>Aquapeel is a system that provides medical skin care using water pressure and a vacuum tip without any squeezing or damaging the skin. It provides deep cleaning and disinfection of the skin. The device, which combines pressure and vacuum technology in a single head, removes dead tissue and disinfects the skin down to its lower layers. It provides maximum benefit from the skin care products and treatments applied afterwards.<\/p>\n\n\t\t<\/div>\n\t<\/div>\n\n\t<div  class=\"wpb_single_image wpb_content_element vc_align_left\">\n\t\t\n\t\t<figure class=\"wpb_wrapper vc_figure\">\n\t\t\t<div class=\"vc_single_image-wrapper   vc_box_border_grey\"><img decoding=\"async\" width=\"800\" height=\"533\" src=\"https:\/\/drtubacelebikayhan.com\/wp-content\/uploads\/2023\/08\/CILT-BAKIMI-AQUAPEEL-2.jpeg\" class=\"vc_single_image-img attachment-large\" alt=\"\" title=\"CI\u0307LT BAKIMI (AQUAPEEL) 2\" srcset=\"https:\/\/drtubacelebikayhan.com\/wp-content\/uploads\/2023\/08\/CILT-BAKIMI-AQUAPEEL-2.jpeg 800w, https:\/\/drtubacelebikayhan.com\/wp-content\/uploads\/2023\/08\/CILT-BAKIMI-AQUAPEEL-2-300x200.jpeg 300w, https:\/\/drtubacelebikayhan.com\/wp-content\/uploads\/2023\/08\/CILT-BAKIMI-AQUAPEEL-2-768x512.jpeg 768w\" sizes=\"(max-width: 800px) 100vw, 800px\"  data-dt-location=\"https:\/\/drtubacelebikayhan.com\/en\/estetik-kozmetik-uygulamalar\/cilt-bakimi-aquapeel\/cilt-bakimi-aquapeel-2\/\" \/><\/div>\n\t\t<\/figure>\n\t<\/div>\n\n\t<div class=\"wpb_text_column wpb_content_element  vc_custom_1691961754172\" >\n\t\t<div class=\"wpb_wrapper\">\n\t\t\t<ul>\n<li><b>1. Ad\u0131m \u2013<\/b>\u00a0<b>Cleansing and Peeling:<\/b>\u00a0The solution, which contains a low percentage of AHA (Alpha Hydroxy Acid), is applied for 5-10 minutes depending on the skin's needs. It cleans dead tissue and opens pores.<\/li>\n<li aria-level=\"1\"><b>Step 2 \u2013 Extraction:<\/b>\u00a0SA (Salicylic acid) solution, which contains a low content, is applied for 5-10 minutes depending on the skin's needs. It ensures that salicylic acid is absorbed into the lower layers of the skin. It cleanses the skin from most bacteria and parasites that cause many inflammatory skin disorders.<\/li>\n<li aria-level=\"1\"><b>Step 3 \u2013 Hydration &amp; Nutrition:<\/b>\u00a0At this stage, a moisturizing solution is applied to the skin, providing moisturizing and tightening.<\/li>\n<\/ul>\n\n\t\t<\/div>\n\t<\/div>\n<\/div><\/div><\/div><\/div>\n<\/section>","protected":false},"excerpt":{"rendered":"<p>Klasik cilt bak\u0131m\u0131 nedir? Klasik cilt bak\u0131m\u0131, buhar alt\u0131nda dinlenmi\u015f olan cildi, siyah nokta ve ya\u011f birikintilerinden ar\u0131nd\u0131rma i\u015flemidir. Bu i\u015flem yakla\u015f\u0131k olarak 1-1,5 saat s\u00fcrer ve cilde s\u0131ras\u0131yla temizleme, peeling, tonik, buhar, komedon temizli\u011fi, maske, ve nemlendirici ile masaj yap\u0131larak i\u015flem tamamlanmaktad\u0131r. B\u00f6ylelikle cilt temizlenir, t\u0131kal\u0131 olan g\u00f6zeneklerde biriken ya\u011f ve kirler ar\u0131nd\u0131r\u0131l\u0131r, cildin&hellip;<\/p>","protected":false},"author":1,"featured_media":0,"parent":7,"menu_order":100,"comment_status":"closed","ping_status":"closed","template":"","meta":{"_joinchat":[],"footnotes":""},"class_list":["post-2192","page","type-page","status-publish","hentry","description-off"],"_links":{"self":[{"href":"https:\/\/drtubacelebikayhan.com\/en\/wp-json\/wp\/v2\/pages\/2192","targetHints":{"allow":["GET"]}}],"collection":[{"href":"https:\/\/drtubacelebikayhan.com\/en\/wp-json\/wp\/v2\/pages"}],"about":[{"href":"https:\/\/drtubacelebikayhan.com\/en\/wp-json\/wp\/v2\/types\/page"}],"author":[{"embeddable":true,"href":"https:\/\/drtubacelebikayhan.com\/en\/wp-json\/wp\/v2\/users\/1"}],"replies":[{"embeddable":true,"href":"https:\/\/drtubacelebikayhan.com\/en\/wp-json\/wp\/v2\/comments?post=2192"}],"version-history":[{"count":1,"href":"https:\/\/drtubacelebikayhan.com\/en\/wp-json\/wp\/v2\/pages\/2192\/revisions"}],"predecessor-version":[{"id":2195,"href":"https:\/\/drtubacelebikayhan.com\/en\/wp-json\/wp\/v2\/pages\/2192\/revisions\/2195"}],"up":[{"embeddable":true,"href":"https:\/\/drtubacelebikayhan.com\/en\/wp-json\/wp\/v2\/pages\/7"}],"wp:attachment":[{"href":"https:\/\/drtubacelebikayhan.com\/en\/wp-json\/wp\/v2\/media?parent=2192"}],"curies":[{"name":"wp","href":"https:\/\/api.w.org\/{rel}","templated":true}]}}