{"id":2261,"date":"2023-08-17T21:11:35","date_gmt":"2023-08-17T21:11:35","guid":{"rendered":"https:\/\/drtubacelebikayhan.com\/?page_id=2261"},"modified":"2023-08-17T21:11:35","modified_gmt":"2023-08-17T21:11:35","slug":"ben-takibi-dermatoskopi","status":"publish","type":"page","link":"https:\/\/drtubacelebikayhan.com\/en\/klinik-dermatoloji\/ben-takibi-dermatoskopi\/","title":{"rendered":"MOLE MONITORING (DERMATOSCOPY)"},"content":{"rendered":"<section class=\"wpb-content-wrapper\"><div class=\"vc_row wpb_row vc_row-fluid\"><div class=\"wpb_column vc_column_container vc_col-sm-12\"><div class=\"vc_column-inner\"><div class=\"wpb_wrapper\"><div id=\"ultimate-heading-467669e0d78f1f7e5\" class=\"uvc-heading ult-adjust-bottom-margin ultimate-heading-467669e0d78f1f7e5 uvc-6941 accent-title-color\" data-hspacer=\"no_spacer\"  data-halign=\"left\" style=\"text-align:left\"><div class=\"uvc-heading-spacer no_spacer\" style=\"top\"><\/div><div class=\"uvc-main-heading ult-responsive\"  data-ultimate-target='.uvc-heading.ultimate-heading-467669e0d78f1f7e5 h3'  data-responsive-json-new='{\"font-size\":\"desktop:24px;\",\"line-height\":\"desktop:34px;\"}' ><h3 style=\"--font-weight:theme;margin-bottom:20px;\">MOLE MONITORING (DERMATOSCOPY)<\/h3><\/div><\/div>\n\t<div class=\"wpb_text_column wpb_content_element  vc_custom_1691942655311\" >\n\t\t<div class=\"wpb_wrapper\">\n\t\t\t<p><b>DIAGNOSIS AND TREATMENT OF SKIN DISEASES<\/b><\/p>\n<p><b>HAIR DISEASES AND HAIR LOSS TREATMENT\u00a0\u00a0<\/b><\/p>\n<ul>\n<li><a href=\"https:\/\/drtubacelebikayhan.com\/en\/estetik-kozmetik-uygulamalar\/prp\/\"><b>PRP<\/b>\u00a0<\/a><\/li>\n<li><strong><a href=\"https:\/\/drtubacelebikayhan.com\/en\/estetik-kozmetik-uygulamalar\/mezoterapi-4\/\">HAIR MESOTHERAPY<\/a><\/strong><\/li>\n<\/ul>\n<p><a href=\"https:\/\/drtubacelebikayhan.com\/en\/estetik-kozmetik-uygulamalar\/asiri-terleme-tedavisinde-botoks\/\"><b>EXCESSIVE SWEATING TREATMENT (BOTOX)<\/b>\u00a0<\/a><\/p>\n<p><b>SKIN BIOPSY<\/b><\/p>\n<p><b>MOLE MONITORING (DERMATOSCOPY)<\/b><\/p>\n<p><b>CRYOTHERAPY AND CAUTERY TREATMENTS<\/b><\/p>\n<p><b>ALLERGY TEST<\/b><\/p>\n\n\t\t<\/div>\n\t<\/div>\n<\/div><\/div><\/div><\/div>\n<\/section>","protected":false},"excerpt":{"rendered":"<p>BEN TAK\u0130B\u0130 (DERMATOSKOP\u0130) C\u0130LT HASTALIKLARI TANI VE TEDAV\u0130LER\u0130 SA\u00c7 HASTALIKLARI VE SA\u00c7 D\u00d6K\u00dcLMES\u0130 TEDAV\u0130S\u0130\u00a0\u00a0 PRP\u00a0 SA\u00c7 MEZOTERAP\u0130S\u0130 A\u015eIRI TERLEME TEDAV\u0130S\u0130 (BOTOKS)\u00a0 DER\u0130 B\u0130OPS\u0130S\u0130 BEN TAK\u0130B\u0130 (DERMATOSKOP\u0130) KR\u0130YOTERAP\u0130 VE KOTER TEDAV\u0130LER\u0130 ALLERJ\u0130 TEST\u0130<\/p>","protected":false},"author":1,"featured_media":0,"parent":2058,"menu_order":100,"comment_status":"closed","ping_status":"closed","template":"","meta":{"_joinchat":[],"footnotes":""},"class_list":["post-2261","page","type-page","status-publish","hentry","description-off"],"_links":{"self":[{"href":"https:\/\/drtubacelebikayhan.com\/en\/wp-json\/wp\/v2\/pages\/2261","targetHints":{"allow":["GET"]}}],"collection":[{"href":"https:\/\/drtubacelebikayhan.com\/en\/wp-json\/wp\/v2\/pages"}],"about":[{"href":"https:\/\/drtubacelebikayhan.com\/en\/wp-json\/wp\/v2\/types\/page"}],"author":[{"embeddable":true,"href":"https:\/\/drtubacelebikayhan.com\/en\/wp-json\/wp\/v2\/users\/1"}],"replies":[{"embeddable":true,"href":"https:\/\/drtubacelebikayhan.com\/en\/wp-json\/wp\/v2\/comments?post=2261"}],"version-history":[{"count":1,"href":"https:\/\/drtubacelebikayhan.com\/en\/wp-json\/wp\/v2\/pages\/2261\/revisions"}],"predecessor-version":[{"id":2262,"href":"https:\/\/drtubacelebikayhan.com\/en\/wp-json\/wp\/v2\/pages\/2261\/revisions\/2262"}],"up":[{"embeddable":true,"href":"https:\/\/drtubacelebikayhan.com\/en\/wp-json\/wp\/v2\/pages\/2058"}],"wp:attachment":[{"href":"https:\/\/drtubacelebikayhan.com\/en\/wp-json\/wp\/v2\/media?parent=2261"}],"curies":[{"name":"wp","href":"https:\/\/api.w.org\/{rel}","templated":true}]}}