{"id":2385,"date":"2023-09-19T19:41:56","date_gmt":"2023-09-19T19:41:56","guid":{"rendered":"https:\/\/drtubacelebikayhan.com\/?page_id=2385"},"modified":"2023-09-19T19:42:56","modified_gmt":"2023-09-19T19:42:56","slug":"denizli-botoks","status":"publish","type":"page","link":"https:\/\/drtubacelebikayhan.com\/en\/estetik-kozmetik-uygulamalar\/denizli-botoks\/","title":{"rendered":"Denizli Botox"},"content":{"rendered":"<section class=\"wpb-content-wrapper\"><div class=\"vc_row wpb_row vc_row-fluid\"><div class=\"wpb_column vc_column_container vc_col-sm-12\"><div class=\"vc_column-inner\"><div class=\"wpb_wrapper\">\n\t<div  class=\"wpb_single_image wpb_content_element vc_align_left\">\n\t\t\n\t\t<figure class=\"wpb_wrapper vc_figure\">\n\t\t\t<div class=\"vc_single_image-wrapper   vc_box_border_grey\"><img decoding=\"async\" width=\"781\" height=\"731\" src=\"https:\/\/drtubacelebikayhan.com\/wp-content\/uploads\/2023\/09\/denizli-botoks.png\" class=\"vc_single_image-img attachment-large\" alt=\"denizli botoks\" title=\"denizli botoks\" srcset=\"https:\/\/drtubacelebikayhan.com\/wp-content\/uploads\/2023\/09\/denizli-botoks.png 781w, https:\/\/drtubacelebikayhan.com\/wp-content\/uploads\/2023\/09\/denizli-botoks-300x281.png 300w, https:\/\/drtubacelebikayhan.com\/wp-content\/uploads\/2023\/09\/denizli-botoks-768x719.png 768w\" sizes=\"(max-width: 781px) 100vw, 781px\"  data-dt-location=\"https:\/\/drtubacelebikayhan.com\/en\/estetik-kozmetik-uygulamalar\/denizli-botoks\/denizli-botoks-3\/\" \/><\/div>\n\t\t<\/figure>\n\t<\/div>\n\n\t<div class=\"wpb_text_column wpb_content_element  vc_custom_1695152547188\" >\n\t\t<div class=\"wpb_wrapper\">\n\t\t\t<h2><strong>Denizli Botoks: Uzm. Dr. Tuba \u00c7elebi Kayhan ile Kusursuz Gen\u00e7lik<\/strong><\/h2>\n<p><a href=\"https:\/\/drtubacelebikayhan.com\/en\/estetik-kozmetik-uygulamalar\/botoks\/\"><strong>Denizli Botox<\/strong><\/a> denilince akla gelen ilk uzman <a href=\"https:\/\/drtubacelebikayhan.com\/en\/tuba-celebi-kayhan\/\"><strong>Specialist Dr. Tuba Celebi Kayhan<\/strong><\/a>, klini\u011finde <strong>profesyonel botoks<\/strong> hizmeti sunmaktad\u0131r. Kas hareketlerini ge\u00e7ici bir s\u00fcre engelleyen <a href=\"https:\/\/drtubacelebikayhan.com\/en\/estetik-kozmetik-uygulamalar\/botoks\/\"><strong>botoks<\/strong><\/a>, A tipi C. botulinum toksini i\u00e7erir ve \u00f6zellikle al\u0131n k\u0131r\u0131\u015f\u0131klar\u0131, g\u00f6z \u00e7evresindeki \u00e7izgiler, ka\u015flar\u0131n ortas\u0131ndaki \u00e7izgiler ve boyundaki dikey kaslar\u0131n g\u00f6r\u00fcn\u00fcm\u00fcn\u00fc hafifletmede etkilidir.<\/p>\n<p><strong>Botoks ile Gen\u00e7lik R\u00fczgar\u0131: Nas\u0131l Etki Eder?<\/strong><\/p>\n<p><a href=\"https:\/\/drtubacelebikayhan.com\/en\/estetik-kozmetik-uygulamalar\/botoks\/\"><strong>Denizli Botox<\/strong><\/a>, sinir ve kas aras\u0131ndaki iletiyi engelleyerek kas\u0131n ge\u00e7ici olarak kas\u0131lmas\u0131n\u0131 \u00f6nler. Bu sayede kaslar\u0131n kas\u0131lmas\u0131 nedeniyle olu\u015fan mimik \u00e7izgileri azalt\u0131r. <a href=\"https:\/\/drtubacelebikayhan.com\/en\/estetik-kozmetik-uygulamalar\/botoks\/\"><strong>Denizli Botox<\/strong><\/a>&#8216;un kozmetik end\u00fcstrisindeki ba\u015far\u0131s\u0131, mimik \u00e7izgileri ve k\u0131r\u0131\u015f\u0131kl\u0131klar\u0131 azaltma yetene\u011fiyle ilgilidir.<\/p>\n<p><strong>Botoks Hangi Sorunlarda Etkilidir?<\/strong><\/p>\n<p><a href=\"https:\/\/drtubacelebikayhan.com\/en\/estetik-kozmetik-uygulamalar\/botoks\/\"><strong>Denizli Botox<\/strong><\/a> uygulamas\u0131 a\u015fa\u011f\u0131daki sorunlarda etkili olabilir:<\/p>\n<p>Al\u0131n b\u00f6lgesindeki yatay \u00e7izgiler<br \/>\n\u0130ki ka\u015f aras\u0131ndaki dikey \u00e7izgiler<br \/>\nG\u00f6z kenar\u0131ndaki \u00e7izgiler (kaz aya\u011f\u0131)<br \/>\nBurun \u00fczeri \u00e7izgileri (bunny line)<br \/>\nDudak \u00fcst\u00fc dikey \u00e7izgiler (smoker line)<br \/>\nA\u011f\u0131z k\u00f6\u015fesi kald\u0131r\u0131lmas\u0131<br \/>\nG\u00fclme ile di\u015f etlerinin g\u00f6r\u00fcn\u00fcrl\u00fc\u011f\u00fcn\u00fcn azalt\u0131lmas\u0131 (gummy smile)<br \/>\nBoyundaki \u00e7izgilerin azalt\u0131lmas\u0131<br \/>\nKa\u015f kald\u0131r\u0131lmas\u0131<br \/>\nY\u00fcz felcindeki asimetrilerin giderilmesi<br \/>\nBotoks uygulamas\u0131 sonucunda hedef, do\u011fal bir g\u00f6r\u00fcnt\u00fc elde etmektir. Sonu\u00e7, donuk bir y\u00fcz ifadesi yerine dinlenmi\u015f ve mutlu bir g\u00f6r\u00fcn\u00fcm sunar.<\/p>\n<p><strong>Botoks Yap\u0131lan B\u00f6lgede \u015ei\u015flik Yarat\u0131r m\u0131?<\/strong><\/p>\n<p><a href=\"https:\/\/drtubacelebikayhan.com\/en\/estetik-kozmetik-uygulamalar\/botoks\/\"><strong>Denizli Botox<\/strong><\/a>, bir dolgu maddesi de\u011fildir ve bu nedenle uygulama yap\u0131lan b\u00f6lgede \u015fi\u015flik veya dolgunluk olu\u015fturmaz. Enjeksiyon yap\u0131lan b\u00f6lgedeki kaslar\u0131n gev\u015femesi, \u00e7izgileri ve k\u0131r\u0131\u015f\u0131kl\u0131klar\u0131 azalt\u0131r, y\u00fcz\u00fc daha dingin ve dinlenmi\u015f bir hale getirir.<\/p>\n<p><strong>Botoks \u0130\u015flemi Nas\u0131l Uygulan\u0131r?<\/strong><\/p>\n<p><a href=\"https:\/\/drtubacelebikayhan.com\/en\/estetik-kozmetik-uygulamalar\/botoks\/\"><strong>Denizli Botox<\/strong><\/a> i\u015flemi bir enjeksiyon i\u015flemidir. \u0130\u015flemden \u00f6nce uygulama yap\u0131lacak b\u00f6lge lokal anestezi kremiyle uyu\u015fturulur. Ard\u0131ndan, ince u\u00e7lu i\u011fnelerle kas i\u00e7ine k\u00fc\u00e7\u00fck dozlarda botoks enjekte edilir. T\u00fcm i\u015flem yakla\u015f\u0131k 10-15 dakika s\u00fcrer.<\/p>\n\n\t\t<\/div>\n\t<\/div>\n\n\t<div class=\"wpb_text_column wpb_content_element  vc_custom_1695152354924\" >\n\t\t<div class=\"wpb_wrapper\">\n\t\t\t<p><strong>Botoks \u0130\u015flemi Sonras\u0131 Nelere Dikkat Etmek Gerekir?<\/strong><\/p>\n<p>Uygulama sonras\u0131 1-2 saat boyunca y\u00fcz\u00fcn\u00fcz\u00fc y\u0131kamamal\u0131, makyaj yapmamal\u0131, masaj yapmamal\u0131, e\u011filmemeli ve yatmamal\u0131s\u0131n\u0131z. Ancak bu k\u0131s\u0131tlamalar sona erdikten sonra g\u00fcnl\u00fck ya\u015fam\u0131n\u0131za hemen geri d\u00f6nebilirsiniz.<\/p>\n<p><strong>Botoks Etkisi Ne Zaman Ba\u015flar?<\/strong><\/p>\n<p><strong>Denizli Botox<\/strong> enjeksiyonunun etkisi, uygulama sonras\u0131 3-4 g\u00fcn i\u00e7inde g\u00f6r\u00fclmeye ba\u015flar ve 10-15 g\u00fcn i\u00e7inde istenilen sonuca ula\u015f\u0131r.<\/p>\n<p><strong>Botoks Etkisi Ne Kadar S\u00fcrer?<\/strong><\/p>\n<p><a href=\"https:\/\/drtubacelebikayhan.com\/en\/estetik-kozmetik-uygulamalar\/botoks\/\"><strong>Botoks<\/strong><\/a> enjeksiyonlar\u0131n\u0131n etkisi ki\u015fiden ki\u015fiye ve uygulama yap\u0131lan b\u00f6lgeye g\u00f6re de\u011fi\u015febilir. Genellikle etki ortalama 4-6 ay kadar s\u00fcrer. Botoksun etkisi azald\u0131\u011f\u0131nda, i\u015flem g\u00f6ren b\u00f6lge eski halini al\u0131r. D\u00fczenli olarak <a href=\"https:\/\/drtubacelebikayhan.com\/en\/estetik-kozmetik-uygulamalar\/masseter-botoksu\/\">botoks<\/a> uyguland\u0131\u011f\u0131nda etkiler daha uzun s\u00fcre devam edebilir.<\/p>\n<p><strong>Botoks Kimlere Uygulan\u0131r?<\/strong><\/p>\n<p>A\u015f\u0131r\u0131 mimik yapma al\u0131\u015fkanl\u0131\u011f\u0131na sahip olan ve \u00e7izgilerden rahats\u0131zl\u0131k duyan herkes, ya\u015flar\u0131na bak\u0131lmaks\u0131z\u0131n <a href=\"https:\/\/drtubacelebikayhan.com\/en\/estetik-kozmetik-uygulamalar\/asiri-terleme-tedavisinde-botoks\/\"><strong>denizli botoks<\/strong><\/a> enjeksiyonlar\u0131ndan faydalanabilir. \u00c7izgilerin derinle\u015fmeden tedaviye ba\u015flanmas\u0131 tavsiye edilir ve bu, daha ba\u015far\u0131l\u0131 sonu\u00e7lar elde edilmesine yard\u0131mc\u0131 olur. \u00c7izgiler veya k\u0131r\u0131\u015f\u0131kl\u0131klar derinle\u015ftikten sonra tedavi dolgu enjeksiyonlar\u0131yla desteklenmelidir.<\/p>\n<p><strong>Botoksun Yan Etkisi Var m\u0131?<\/strong><\/p>\n<p><a href=\"https:\/\/drtubacelebikayhan.com\/en\/estetik-kozmetik-uygulamalar\/brotox-erkek-botoksu\/\"><strong>Denizli botoks<\/strong> <\/a>enjeksiyonlar\u0131 tedavi ve kozmetik ama\u00e7larla uzun y\u0131llard\u0131r kullan\u0131lmaktad\u0131r ve son derece g\u00fcvenlidir. Botoksun herhangi bir yan etkisi nadirdir ve baz\u0131 hastal\u0131klar\u0131n tedavisinde daha y\u00fcksek dozlarda kullan\u0131labilir. Bu durumlarda bile yan etkilere nadiren rastlan\u0131r.<\/p>\n<p><strong>Botoks Uygulamas\u0131nda Risk Var m\u0131d\u0131r?<\/strong><\/p>\n<p>Nadir durumlarda g\u00f6z kapa\u011f\u0131 d\u00fc\u015fmesi g\u00f6r\u00fclebilir, ancak bu ge\u00e7ici bir sorundur. \u0130\u011fne ucu k\u00fc\u00e7\u00fck bir k\u0131lcal damara rastland\u0131\u011f\u0131nda enjeksiyon s\u0131ras\u0131nda kanama ve morarma meydana gelebilir, ancak bu morluklar birka\u00e7 g\u00fcn i\u00e7inde kaybolur.<\/p>\n<p>Daha fazla bilgi i\u00e7in klini\u011fimizle ileti\u015fime ge\u00e7mekten \u00e7ekinmeyin. <a href=\"https:\/\/drtubacelebikayhan.com\/en\/estetik-kozmetik-uygulamalar\/botoks\/\"><strong>Denizli Botox<\/strong><\/a> ile gen\u00e7 ve dinamik bir g\u00f6r\u00fcn\u00fcm elde edebilirsiniz.<\/p>\n<p>Daha fazla bilgi i\u00e7in klini\u011fimiz ile <a href=\"https:\/\/drtubacelebikayhan.com\/en\/iletisim\/\">ileti\u015fime<\/a> ge\u00e7iniz.<\/p>\n\n\t\t<\/div>\n\t<\/div>\n<\/div><\/div><\/div><\/div>\n<\/section>","protected":false},"excerpt":{"rendered":"<p>Denizli Botoks: Uzm. Dr. Tuba \u00c7elebi Kayhan ile Kusursuz Gen\u00e7lik Denizli Botoks denilince akla gelen ilk uzman Uzm. Dr. Tuba \u00c7elebi Kayhan, klini\u011finde profesyonel botoks hizmeti sunmaktad\u0131r. Kas hareketlerini ge\u00e7ici bir s\u00fcre engelleyen botoks, A tipi C. botulinum toksini i\u00e7erir ve \u00f6zellikle al\u0131n k\u0131r\u0131\u015f\u0131klar\u0131, g\u00f6z \u00e7evresindeki \u00e7izgiler, ka\u015flar\u0131n ortas\u0131ndaki \u00e7izgiler ve boyundaki dikey kaslar\u0131n g\u00f6r\u00fcn\u00fcm\u00fcn\u00fc&hellip;<\/p>","protected":false},"author":1,"featured_media":0,"parent":7,"menu_order":100,"comment_status":"closed","ping_status":"closed","template":"","meta":{"_joinchat":[],"footnotes":""},"class_list":["post-2385","page","type-page","status-publish","hentry","description-off"],"_links":{"self":[{"href":"https:\/\/drtubacelebikayhan.com\/en\/wp-json\/wp\/v2\/pages\/2385","targetHints":{"allow":["GET"]}}],"collection":[{"href":"https:\/\/drtubacelebikayhan.com\/en\/wp-json\/wp\/v2\/pages"}],"about":[{"href":"https:\/\/drtubacelebikayhan.com\/en\/wp-json\/wp\/v2\/types\/page"}],"author":[{"embeddable":true,"href":"https:\/\/drtubacelebikayhan.com\/en\/wp-json\/wp\/v2\/users\/1"}],"replies":[{"embeddable":true,"href":"https:\/\/drtubacelebikayhan.com\/en\/wp-json\/wp\/v2\/comments?post=2385"}],"version-history":[{"count":3,"href":"https:\/\/drtubacelebikayhan.com\/en\/wp-json\/wp\/v2\/pages\/2385\/revisions"}],"predecessor-version":[{"id":2389,"href":"https:\/\/drtubacelebikayhan.com\/en\/wp-json\/wp\/v2\/pages\/2385\/revisions\/2389"}],"up":[{"embeddable":true,"href":"https:\/\/drtubacelebikayhan.com\/en\/wp-json\/wp\/v2\/pages\/7"}],"wp:attachment":[{"href":"https:\/\/drtubacelebikayhan.com\/en\/wp-json\/wp\/v2\/media?parent=2385"}],"curies":[{"name":"wp","href":"https:\/\/api.w.org\/{rel}","templated":true}]}}