{"id":2407,"date":"2024-11-10T11:46:04","date_gmt":"2024-11-10T11:46:04","guid":{"rendered":"https:\/\/drtubacelebikayhan.com\/?page_id=2407"},"modified":"2024-11-11T10:10:11","modified_gmt":"2024-11-11T10:10:11","slug":"bbl-broadband-light-cilt-tedavisi","status":"publish","type":"page","link":"https:\/\/drtubacelebikayhan.com\/en\/estetik-kozmetik-uygulamalar\/bbl-broadband-light-cilt-tedavisi\/","title":{"rendered":"BBL (BROADBAND LIGHT) SKIN TREATMENT"},"content":{"rendered":"<section class=\"wpb-content-wrapper\"><div class=\"vc_row wpb_row vc_row-fluid\"><div class=\"wpb_column vc_column_container vc_col-sm-12\"><div class=\"vc_column-inner\"><div class=\"wpb_wrapper\">\n\t<div  class=\"wpb_single_image wpb_content_element vc_align_left\">\n\t\t\n\t\t<figure class=\"wpb_wrapper vc_figure\">\n\t\t\t<div class=\"vc_single_image-wrapper   vc_box_border_grey\"><img decoding=\"async\" width=\"1024\" height=\"685\" src=\"https:\/\/drtubacelebikayhan.com\/wp-content\/uploads\/2024\/11\/BBL-Lazer-shutterstock_2289454791-1024x685.jpg\" class=\"vc_single_image-img attachment-large\" alt=\"\" title=\"BBL Lazer\" srcset=\"https:\/\/drtubacelebikayhan.com\/wp-content\/uploads\/2024\/11\/BBL-Lazer-shutterstock_2289454791-1024x685.jpg 1024w, https:\/\/drtubacelebikayhan.com\/wp-content\/uploads\/2024\/11\/BBL-Lazer-shutterstock_2289454791-300x201.jpg 300w, https:\/\/drtubacelebikayhan.com\/wp-content\/uploads\/2024\/11\/BBL-Lazer-shutterstock_2289454791-768x514.jpg 768w, https:\/\/drtubacelebikayhan.com\/wp-content\/uploads\/2024\/11\/BBL-Lazer-shutterstock_2289454791-1536x1027.jpg 1536w, https:\/\/drtubacelebikayhan.com\/wp-content\/uploads\/2024\/11\/BBL-Lazer-shutterstock_2289454791-2048x1369.jpg 2048w\" sizes=\"(max-width: 1024px) 100vw, 1024px\"  data-dt-location=\"https:\/\/drtubacelebikayhan.com\/en\/estetik-kozmetik-uygulamalar\/bbl-broadband-light-cilt-tedavisi\/bbl-lazer-shutterstock_2289454791\/\" \/><\/div>\n\t\t<\/figure>\n\t<\/div>\n\n\t<div class=\"wpb_text_column wpb_content_element  vc_custom_1731319809571\" >\n\t\t<div class=\"wpb_wrapper\">\n\t\t\t<p><strong>Denizli dermatologist\u00a0<\/strong>Specialist Dr. Tuba \u00c7elebi Kayhan is a professional in her clinic. <strong>BBL (Broadband Light) Skin Treatment<\/strong>\u00a0provides service.<\/p>\n<p><strong>BBL (Broadband Light) Skin Treatment<\/strong><\/p>\n<p>Rejuvenation, Spot, Capillary and Acne Treatment BBL (Broadband Light) is an effective treatment method for solving skin problems based on broad spectrum light technology. This method is used for many different purposes such as skin renewal, spot treatment, skin tightening, capillary and acne treatment. BBL works with high energy light pulses to improve skin texture, increase collagen production and even out skin tone. In this way, the skin gains a brighter, healthier and younger appearance.<\/p>\n<p>BBL treatment penetrates the skin by applying controlled energy to targeted areas and targets specific cells. In this way, wrinkles are reduced, pores are tightened and skin blemishes and small veins are eliminated. It can be safely applied to areas such as the neck, d\u00e9collet\u00e9, hands and arms, as well as the face. It is recommended that BBL treatment be performed by a dermatologist.<\/p>\n<p><strong>Main Areas of Use of BBL:<\/strong><\/p>\n<ol>\n<li><strong>Skin Rejuvenation and Tightening:<\/strong><br \/>\nBBL is ideal for skin rejuvenation, wrinkle reduction and pore tightening. It provides an even tone and smooth texture.<\/li>\n<li><strong>Stain Treatment:<\/strong><br \/>\nReduces the appearance of brown spots such as sun spots, age spots and freckles. Pulses of light are effective in treating spots by targeting melanin.<\/li>\n<li><strong>Capillary Vein Treatment:<\/strong><br \/>\nIt targets capillaries on the face and body, reducing redness and eliminating small blood vessels.<\/li>\n<li><strong>Acne Treatment:<\/strong><br \/>\nIt controls acne lesions by reducing inflammation. It is a reliable option in acne treatment.<\/li>\n<\/ol>\n<p><strong>BBL Tedavisi Hakk\u0131nda Bilinmesi Gerekenler<\/strong><\/p>\n<p>BBL is a painless treatment; only a slight burning sensation may be felt and usually does not require anesthesia. It is applied in 15-20 minute sessions. There may be slight redness or swelling after the procedure, but these side effects will pass in a short time. The number of sessions may vary depending on the skin problem and the targeted result.<\/p>\n\n\t\t<\/div>\n\t<\/div>\n<\/div><\/div><\/div><\/div>\n<\/section>","protected":false},"excerpt":{"rendered":"<p>Denizli dermatolog\u00a0Uzm. Dr. Tuba \u00c7elebi Kayhan klini\u011finde profesyonel BBL (Broadband Light) Cilt Tedavisi\u00a0hizmeti vermektedir. BBL (Broadband Light) Cilt Tedavisi Gen\u00e7le\u015fme, Leke, K\u0131lcal Damar ve Akne Tedavisi BBL (Broadband Light), geni\u015f spektrumlu \u0131\u015f\u0131k teknolojisine dayanan, cilt sorunlar\u0131n\u0131n \u00e7\u00f6z\u00fcm\u00fcnde etkili bir tedavi y\u00f6ntemidir. Bu y\u00f6ntem, cilt yenileme, leke tedavisi, cilt s\u0131k\u0131la\u015ft\u0131rma, k\u0131lcal damar ve akne tedavisi gibi&hellip;<\/p>","protected":false},"author":1,"featured_media":0,"parent":7,"menu_order":100,"comment_status":"closed","ping_status":"closed","template":"","meta":{"_joinchat":[],"footnotes":""},"class_list":["post-2407","page","type-page","status-publish","hentry","description-off"],"_links":{"self":[{"href":"https:\/\/drtubacelebikayhan.com\/en\/wp-json\/wp\/v2\/pages\/2407","targetHints":{"allow":["GET"]}}],"collection":[{"href":"https:\/\/drtubacelebikayhan.com\/en\/wp-json\/wp\/v2\/pages"}],"about":[{"href":"https:\/\/drtubacelebikayhan.com\/en\/wp-json\/wp\/v2\/types\/page"}],"author":[{"embeddable":true,"href":"https:\/\/drtubacelebikayhan.com\/en\/wp-json\/wp\/v2\/users\/1"}],"replies":[{"embeddable":true,"href":"https:\/\/drtubacelebikayhan.com\/en\/wp-json\/wp\/v2\/comments?post=2407"}],"version-history":[{"count":3,"href":"https:\/\/drtubacelebikayhan.com\/en\/wp-json\/wp\/v2\/pages\/2407\/revisions"}],"predecessor-version":[{"id":2415,"href":"https:\/\/drtubacelebikayhan.com\/en\/wp-json\/wp\/v2\/pages\/2407\/revisions\/2415"}],"up":[{"embeddable":true,"href":"https:\/\/drtubacelebikayhan.com\/en\/wp-json\/wp\/v2\/pages\/7"}],"wp:attachment":[{"href":"https:\/\/drtubacelebikayhan.com\/en\/wp-json\/wp\/v2\/media?parent=2407"}],"curies":[{"name":"wp","href":"https:\/\/api.w.org\/{rel}","templated":true}]}}